{"id":263,"date":"2016-12-14T12:01:15","date_gmt":"2016-12-14T10:01:15","guid":{"rendered":"http:\/\/www.verkkovaria.fi\/soster\/osaamisalojenvalinnaiset\/vanhustenkotihoito\/?page_id=263"},"modified":"2016-12-14T12:22:57","modified_gmt":"2016-12-14T10:22:57","slug":"12-ravitsemus-ja-kotitalouden-hoito","status":"publish","type":"page","link":"https:\/\/www.verkkovaria.fi\/soster\/osaamisalojenvalinnaiset\/vanhustenkotihoito\/12-ravitsemus-ja-kotitalouden-hoito\/","title":{"rendered":"12. Ravitsemus ja kotitalouden hoito"},"content":{"rendered":"<p>K\u00e4yt\u00e4 seuraavissa teht\u00e4viss\u00e4 apuna Kehittyv\u00e4 kotihoito kirjaa ja <a href=\"https:\/\/www.gery.fi\/voimaa-ruuasta\/\">geryn<\/a> ja <a href=\"http:\/\/www.ravitsemusneuvottelukunta.fi\/portal\/fi\/ravitsemussuositukset\/erillisryhmat\/ikaantyneet\/\">ravitsemusneuvottelukunnan<\/a> sivustoja. Etsi selko-ohjeita ruuanvalmistuksesta ja puhtaanapidosta esim. papunetist\u00e4 <a href=\"http:\/\/papunet.net\/materiaalia\/kuvalliset-ruokaohjeet\">ruokaohjeista<\/a> , <a href=\"http:\/\/papunet.net\/materiaalia\/kotity%C3%B6t\">kotit\u00f6ist\u00e4<\/a> ja <a href=\"http:\/\/www.seniorinapulaiset.fi\/epages\/seniorinapulaiset.sf\/fi_FI\/?ObjectPath=\/Shops\/16052010-171747\/Categories\/Apuvalineet\">apuv\u00e4lineist\u00e4<\/a>.<\/p>\n<p>a) Mitk\u00e4 ovat ravitsemustilan ja ruokavalion laadun arviointikeinot kotihoidossa?<\/p>\n<p>b) Mitk\u00e4 ovat ik\u00e4\u00e4ntyneiden ravitsemussuositusten keskeiset painopisteet?<\/p>\n<p>c) Mit\u00e4 on hyv\u00e4 huomioida ik\u00e4\u00e4ntyneen ravitsemusohjauksessa?<\/p>\n<p>d) Mill\u00e4 asioilla voit tehd\u00e4 ruokailutilanteen helpommaksi ja miellytt\u00e4v\u00e4mm\u00e4ksi sek\u00e4 lis\u00e4t\u00e4 ruokahalua?<\/p>\n<p>e) Esittele 6 ruuanvalmistuksen ja siivouksen apuv\u00e4linett\u00e4, jotka voisivat helpottaa ik\u00e4\u00e4ntyneen arjen askareissa selvi\u00e4mist\u00e4.<\/p>\n<p>f) Esittele yksi ruuanvalmistuksen ja yksi puhtaanapidon toimiva selko-ohje.<\/p>\n","protected":false},"excerpt":{"rendered":"<p>K\u00e4yt\u00e4 seuraavissa teht\u00e4viss\u00e4 apuna Kehittyv\u00e4 kotihoito kirjaa ja geryn ja ravitsemusneuvottelukunnan sivustoja. Etsi selko-ohjeita ruuanvalmistuksesta ja puhtaanapidosta esim. papunetist\u00e4 ruokaohjeista , kotit\u00f6ist\u00e4 ja apuv\u00e4lineist\u00e4. a) Mitk\u00e4 ovat ravitsemustilan ja ruokavalion laadun arviointikeinot kotihoidossa? b) Mitk\u00e4 ovat ik\u00e4\u00e4ntyneiden ravitsemussuositusten keskeiset painopisteet? c) Mit\u00e4 on hyv\u00e4 huomioida ik\u00e4\u00e4ntyneen ravitsemusohjauksessa? d) Mill\u00e4 asioilla voit tehd\u00e4 ruokailutilanteen helpommaksi ja &hellip; <a href=\"https:\/\/www.verkkovaria.fi\/soster\/osaamisalojenvalinnaiset\/vanhustenkotihoito\/12-ravitsemus-ja-kotitalouden-hoito\/\">Continued<\/a><\/p>\n","protected":false},"author":2,"featured_media":0,"parent":0,"menu_order":0,"comment_status":"closed","ping_status":"closed","template":"","meta":{"footnotes":"","_links_to":"","_links_to_target":""},"class_list":["post-263","page","type-page","status-publish","hentry"],"_links":{"self":[{"href":"https:\/\/www.verkkovaria.fi\/soster\/osaamisalojenvalinnaiset\/vanhustenkotihoito\/wp-json\/wp\/v2\/pages\/263","targetHints":{"allow":["GET"]}}],"collection":[{"href":"https:\/\/www.verkkovaria.fi\/soster\/osaamisalojenvalinnaiset\/vanhustenkotihoito\/wp-json\/wp\/v2\/pages"}],"about":[{"href":"https:\/\/www.verkkovaria.fi\/soster\/osaamisalojenvalinnaiset\/vanhustenkotihoito\/wp-json\/wp\/v2\/types\/page"}],"author":[{"embeddable":true,"href":"https:\/\/www.verkkovaria.fi\/soster\/osaamisalojenvalinnaiset\/vanhustenkotihoito\/wp-json\/wp\/v2\/users\/2"}],"replies":[{"embeddable":true,"href":"https:\/\/www.verkkovaria.fi\/soster\/osaamisalojenvalinnaiset\/vanhustenkotihoito\/wp-json\/wp\/v2\/comments?post=263"}],"version-history":[{"count":8,"href":"https:\/\/www.verkkovaria.fi\/soster\/osaamisalojenvalinnaiset\/vanhustenkotihoito\/wp-json\/wp\/v2\/pages\/263\/revisions"}],"predecessor-version":[{"id":273,"href":"https:\/\/www.verkkovaria.fi\/soster\/osaamisalojenvalinnaiset\/vanhustenkotihoito\/wp-json\/wp\/v2\/pages\/263\/revisions\/273"}],"wp:attachment":[{"href":"https:\/\/www.verkkovaria.fi\/soster\/osaamisalojenvalinnaiset\/vanhustenkotihoito\/wp-json\/wp\/v2\/media?parent=263"}],"curies":[{"name":"wp","href":"https:\/\/api.w.org\/{rel}","templated":true}]}}