{"id":298,"date":"2017-04-25T11:56:25","date_gmt":"2017-04-25T08:56:25","guid":{"rendered":"http:\/\/www.verkkovaria.fi\/soster\/osaamisalojenvalinnaiset\/vanhustenkotihoito\/?page_id=298"},"modified":"2017-12-07T10:51:47","modified_gmt":"2017-12-07T08:51:47","slug":"14-ergonomia","status":"publish","type":"page","link":"https:\/\/www.verkkovaria.fi\/soster\/osaamisalojenvalinnaiset\/vanhustenkotihoito\/14-ergonomia\/","title":{"rendered":"13. Ergonomia"},"content":{"rendered":"<p><strong>Siirtymisen apuv\u00e4lineet. <\/strong>K\u00e4yt\u00e4 t\u00e4ss\u00e4 teht\u00e4v\u00e4ss\u00e4 l\u00e4hteen\u00e4 <strong>Hoitamalla hyv\u00e4\u00e4 oloa <\/strong>-kirjaa ja <a href=\"https:\/\/www.ttl.fi\/tyontekija\/tuki-liikuntaelinten-terveys\/ergonomia\/potilassiirrot\/\"><strong>Ty\u00f6terveyslaitoksen sivuja<\/strong><\/a><strong>. <\/strong>Kerro apuv\u00e4lineiden k\u00e4ytt\u00f6tarkoituksesta: kohdat (a-d) =&gt; luettele mit\u00e4 apuv\u00e4lineit\u00e4 ryhm\u00e4\u00e4n kuuluu ja kerro sitten apuv\u00e4lineest\u00e4 ja sen k\u00e4ytt\u00f6tarkoituksesta (mahdollisesti oma kokemus). Kirjoita asiat omin sanoin ja kirjaa k\u00e4ytt\u00e4m\u00e4si l\u00e4hteet.<\/p>\n<ol>\n<li>a) Liukumista <strong>edist\u00e4v\u00e4t<\/strong> apuv\u00e4lineet (mit\u00e4 tied\u00e4t ja kerro <strong>kahden<\/strong> apuv\u00e4lineen k\u00e4ytt\u00f6tarkoitus)<br \/>\nb) Liukumista<strong> est\u00e4v\u00e4t<\/strong> apuv\u00e4lineet (mit\u00e4 tied\u00e4t ja kerro yhden apuv\u00e4lineen k\u00e4ytt\u00f6tarkoitus)<br \/>\nc) Asiakkaan tarttumisen ja tukeutumisen parantamisen apuv\u00e4lineet (mit\u00e4 tied\u00e4t ja kerro <strong>kahden<\/strong> apuv\u00e4lineen k\u00e4ytt\u00f6tarkoitus)<br \/>\nd) Hoitajan otteen parantamisen apuv\u00e4lineet (mit\u00e4 tied\u00e4t ja kerro yhden apuv\u00e4lineen k\u00e4ytt\u00f6tarkoitus)<\/li>\n<\/ol>\n<p>Lue nostolaitteista ja kerro mink\u00e4laiselle asiakkaalle tai tilanteeseen suositellaan k\u00e4ytett\u00e4v\u00e4ksi eri nostimia (e-g)<\/p>\n<ol>\n<li>e) seisomanojanostin<br \/>\nf) liinanostin<br \/>\ng) kattonostin<\/li>\n<\/ol>\n<p><strong>Kuormittavat ja kielletyt avustustavat<\/strong><\/p>\n<p>Tutustu Ty\u00f6terveyslaitoksen sivuilla kuormittaviin ja kiellettyihin avustustapoihin. <a href=\"https:\/\/www.ttl.fi\/tyontekija\/tuki-liikuntaelinten-terveys\/ergonomia\/potilassiirrot\/\">https:\/\/www.ttl.fi\/tyontekija\/tuki-liikuntaelinten-terveys\/ergonomia\/potilassiirrot\/<\/a> ja kirjaa yl\u00f6s n\u00e4m\u00e4 avustustavat ja syyt miksi niit\u00e4 ei tulisi k\u00e4ytt\u00e4\u00e4.<\/p>\n<p><strong>Erityisryhmien avustaminen siirroissa<\/strong><\/p>\n<p>Eri asiakasryhmien siirtoihin liittyy haasteita. Tutustu niihin opettajalta saamaasi materiaaliin ja ty\u00f6terveyslaitoksen videoiden avulla <a href=\"https:\/\/www.ttl.fi\/tyontekija\/tuki-liikuntaelinten-terveys\/ergonomia\/potilassiirrot\/potilaan-siirtymisen-ergonominen-avustaminen\/\">videot ty\u00f6terveyslaitoksen <\/a>sivuilta. Kirjaa mit\u00e4 haasteita kunkin potilasryhm\u00e4n siirrossa on ja miten huomioit n\u00e4m\u00e4 haasteet? Vastaa kysymyksiin seuraavien asiakasryhmien osalta: a) muistisairas asiakas, b)j\u00e4ykk\u00e4 asiakas, c) aivohalvauksen saanut asiakas, d) lonkkaleikattu asiakas<\/p>\n<p><strong>\u00a0Laite \u2013 ja v\u00e4lineturvallisuus<\/strong><\/p>\n<p>Mitk\u00e4 ovat ty\u00f6nantajan velvollisuudet ja ty\u00f6ntekij\u00f6iden velvollisuudet apuv\u00e4lineit\u00e4 koskien?<a href=\"https:\/\/www.thl.fi\/documents\/10531\/104871\/Opas%202011%2015.pdf\"> (Potilasturvallisuus opas \/ THL)<\/a> tai ty\u00f6turvallisuuslaki (Finlex.fi)<\/p>\n","protected":false},"excerpt":{"rendered":"<p>Siirtymisen apuv\u00e4lineet. K\u00e4yt\u00e4 t\u00e4ss\u00e4 teht\u00e4v\u00e4ss\u00e4 l\u00e4hteen\u00e4 Hoitamalla hyv\u00e4\u00e4 oloa -kirjaa ja Ty\u00f6terveyslaitoksen sivuja. Kerro apuv\u00e4lineiden k\u00e4ytt\u00f6tarkoituksesta: kohdat (a-d) =&gt; luettele mit\u00e4 apuv\u00e4lineit\u00e4 ryhm\u00e4\u00e4n kuuluu ja kerro sitten apuv\u00e4lineest\u00e4 ja sen k\u00e4ytt\u00f6tarkoituksesta (mahdollisesti oma kokemus). Kirjoita asiat omin sanoin ja kirjaa k\u00e4ytt\u00e4m\u00e4si l\u00e4hteet. a) Liukumista edist\u00e4v\u00e4t apuv\u00e4lineet (mit\u00e4 tied\u00e4t ja kerro kahden apuv\u00e4lineen k\u00e4ytt\u00f6tarkoitus) b) Liukumista &hellip; <a href=\"https:\/\/www.verkkovaria.fi\/soster\/osaamisalojenvalinnaiset\/vanhustenkotihoito\/14-ergonomia\/\">Continued<\/a><\/p>\n","protected":false},"author":2,"featured_media":0,"parent":0,"menu_order":0,"comment_status":"closed","ping_status":"closed","template":"","meta":{"footnotes":"","_links_to":"","_links_to_target":""},"class_list":["post-298","page","type-page","status-publish","hentry"],"_links":{"self":[{"href":"https:\/\/www.verkkovaria.fi\/soster\/osaamisalojenvalinnaiset\/vanhustenkotihoito\/wp-json\/wp\/v2\/pages\/298","targetHints":{"allow":["GET"]}}],"collection":[{"href":"https:\/\/www.verkkovaria.fi\/soster\/osaamisalojenvalinnaiset\/vanhustenkotihoito\/wp-json\/wp\/v2\/pages"}],"about":[{"href":"https:\/\/www.verkkovaria.fi\/soster\/osaamisalojenvalinnaiset\/vanhustenkotihoito\/wp-json\/wp\/v2\/types\/page"}],"author":[{"embeddable":true,"href":"https:\/\/www.verkkovaria.fi\/soster\/osaamisalojenvalinnaiset\/vanhustenkotihoito\/wp-json\/wp\/v2\/users\/2"}],"replies":[{"embeddable":true,"href":"https:\/\/www.verkkovaria.fi\/soster\/osaamisalojenvalinnaiset\/vanhustenkotihoito\/wp-json\/wp\/v2\/comments?post=298"}],"version-history":[{"count":10,"href":"https:\/\/www.verkkovaria.fi\/soster\/osaamisalojenvalinnaiset\/vanhustenkotihoito\/wp-json\/wp\/v2\/pages\/298\/revisions"}],"predecessor-version":[{"id":318,"href":"https:\/\/www.verkkovaria.fi\/soster\/osaamisalojenvalinnaiset\/vanhustenkotihoito\/wp-json\/wp\/v2\/pages\/298\/revisions\/318"}],"wp:attachment":[{"href":"https:\/\/www.verkkovaria.fi\/soster\/osaamisalojenvalinnaiset\/vanhustenkotihoito\/wp-json\/wp\/v2\/media?parent=298"}],"curies":[{"name":"wp","href":"https:\/\/api.w.org\/{rel}","templated":true}]}}