{"id":54,"date":"2016-04-27T12:43:39","date_gmt":"2016-04-27T09:43:39","guid":{"rendered":"http:\/\/www.verkkovaria.fi\/soster\/osaamisalojenvalinnaiset\/vanhustenkotihoito\/?page_id=54"},"modified":"2016-11-16T12:43:47","modified_gmt":"2016-11-16T10:43:47","slug":"3-suunnitelmallinen-kotihoitotyo","status":"publish","type":"page","link":"https:\/\/www.verkkovaria.fi\/soster\/osaamisalojenvalinnaiset\/vanhustenkotihoito\/3-suunnitelmallinen-kotihoitotyo\/","title":{"rendered":"3. Suunnitelmallinen kotihoitoty\u00f6"},"content":{"rendered":"<p>K\u00e4yt\u00e4 seuraavissa teht\u00e4viss\u00e4 apuna Kehittyv\u00e4 kotihoito -kirjaa.<\/p>\n<p>Kerro hoito- ja palvelusuunnitelmasta:<\/p>\n<p>a) Mik\u00e4 on kotihoidon hoito- ja palvelusuunnitelman tavoite?<\/p>\n<p>b) Mit\u00e4 eroa on kotihoidon hoito- ja palvelusuunnitelmilla ja miten usein niit\u00e4 p\u00e4ivitet\u00e4\u00e4n?<\/p>\n<p>c) Mit\u00e4 asioita kirjataan palvelusuunnitelman pohjaksi palveluiden neuvotteluvaiheessa?<\/p>\n<p>d) Miten hoito- ja palvelusuunnitelma ohjaa kotihoidon toteuttamista, arviointia ja lopettamista?<\/p>\n<p>e) Tutustu Jyv\u00e4skyl\u00e4n kaupungin hoito- ja palvelusuunnitelmapohjaan. Mit\u00e4 testej\u00e4 t\u00e4ss\u00e4 on tehty?<\/p>\n<p>f) Lue <a href=\"http:\/\/www.kotka.fi\/instancedata\/prime_product_julkaisu\/kotka\/embeds\/kotkawwwstructure\/17365_toimintakykya_edistava_tyoote.pdf\">Kotkan kaupungin toimintakyky\u00e4 edist\u00e4v\u00e4st\u00e4 kotihoidon <\/a>mallista ja kerro miten asiakkaan voimavaroja kartoitetaan ja miten esimerkiksi voimavarat on kirjattu hoito-ja palvelusuunnitelmaan?<\/p>\n<p>&nbsp;<\/p>\n","protected":false},"excerpt":{"rendered":"<p>K\u00e4yt\u00e4 seuraavissa teht\u00e4viss\u00e4 apuna Kehittyv\u00e4 kotihoito -kirjaa. Kerro hoito- ja palvelusuunnitelmasta: a) Mik\u00e4 on kotihoidon hoito- ja palvelusuunnitelman tavoite? b) Mit\u00e4 eroa on kotihoidon hoito- ja palvelusuunnitelmilla ja miten usein niit\u00e4 p\u00e4ivitet\u00e4\u00e4n? c) Mit\u00e4 asioita kirjataan palvelusuunnitelman pohjaksi palveluiden neuvotteluvaiheessa? d) Miten hoito- ja palvelusuunnitelma ohjaa kotihoidon toteuttamista, arviointia ja lopettamista? e) Tutustu Jyv\u00e4skyl\u00e4n kaupungin &hellip; <a href=\"https:\/\/www.verkkovaria.fi\/soster\/osaamisalojenvalinnaiset\/vanhustenkotihoito\/3-suunnitelmallinen-kotihoitotyo\/\">Continued<\/a><\/p>\n","protected":false},"author":2,"featured_media":0,"parent":0,"menu_order":0,"comment_status":"closed","ping_status":"closed","template":"","meta":{"footnotes":"","_links_to":"","_links_to_target":""},"class_list":["post-54","page","type-page","status-publish","hentry"],"_links":{"self":[{"href":"https:\/\/www.verkkovaria.fi\/soster\/osaamisalojenvalinnaiset\/vanhustenkotihoito\/wp-json\/wp\/v2\/pages\/54","targetHints":{"allow":["GET"]}}],"collection":[{"href":"https:\/\/www.verkkovaria.fi\/soster\/osaamisalojenvalinnaiset\/vanhustenkotihoito\/wp-json\/wp\/v2\/pages"}],"about":[{"href":"https:\/\/www.verkkovaria.fi\/soster\/osaamisalojenvalinnaiset\/vanhustenkotihoito\/wp-json\/wp\/v2\/types\/page"}],"author":[{"embeddable":true,"href":"https:\/\/www.verkkovaria.fi\/soster\/osaamisalojenvalinnaiset\/vanhustenkotihoito\/wp-json\/wp\/v2\/users\/2"}],"replies":[{"embeddable":true,"href":"https:\/\/www.verkkovaria.fi\/soster\/osaamisalojenvalinnaiset\/vanhustenkotihoito\/wp-json\/wp\/v2\/comments?post=54"}],"version-history":[{"count":11,"href":"https:\/\/www.verkkovaria.fi\/soster\/osaamisalojenvalinnaiset\/vanhustenkotihoito\/wp-json\/wp\/v2\/pages\/54\/revisions"}],"predecessor-version":[{"id":227,"href":"https:\/\/www.verkkovaria.fi\/soster\/osaamisalojenvalinnaiset\/vanhustenkotihoito\/wp-json\/wp\/v2\/pages\/54\/revisions\/227"}],"wp:attachment":[{"href":"https:\/\/www.verkkovaria.fi\/soster\/osaamisalojenvalinnaiset\/vanhustenkotihoito\/wp-json\/wp\/v2\/media?parent=54"}],"curies":[{"name":"wp","href":"https:\/\/api.w.org\/{rel}","templated":true}]}}