{"id":60,"date":"2016-04-27T12:57:06","date_gmt":"2016-04-27T09:57:06","guid":{"rendered":"http:\/\/www.verkkovaria.fi\/soster\/osaamisalojenvalinnaiset\/vanhustenkotihoito\/?page_id=60"},"modified":"2016-11-16T13:03:01","modified_gmt":"2016-11-16T11:03:01","slug":"4-kotihoidon-tukipalvelut-ja-asunnon-muutos-ja-korjaustyot","status":"publish","type":"page","link":"https:\/\/www.verkkovaria.fi\/soster\/osaamisalojenvalinnaiset\/vanhustenkotihoito\/4-kotihoidon-tukipalvelut-ja-asunnon-muutos-ja-korjaustyot\/","title":{"rendered":"4. Kotihoidon tukipalvelut ja asunnon muutos- ja korjausty\u00f6t"},"content":{"rendered":"<p>a) Mit\u00e4 tarkoittavat ja mit\u00e4 sis\u00e4lt\u00e4v\u00e4t seuraavat kotihoidon tukipalvelut? Kerro k\u00e4yt\u00e4nn\u00f6n esimerkkej\u00e4.<br \/>\n1. Turvapalvelut<br \/>\n2. Ateriapalvelu<br \/>\n3. Vaatehuolto<br \/>\n4. Siivouspalvelu<br \/>\n5. Kylvetyspalvelut<br \/>\n6. Kuljetus- ja saattajapalvelu<br \/>\n7. Sosiaalista kanssak\u00e4ymist\u00e4 edist\u00e4v\u00e4t palvelut<\/p>\n<p>b) Kuka arvioi kotihoidon asiakkaan apuv\u00e4lineiden tarpeen ja miten kotihoidon asiakas saa apuv\u00e4lineet Vantaalla?<\/p>\n<p>c) Kuka on oikeutettu saamaan asunnonmuutos ja korjaust\u00f6it\u00e4? Mit\u00e4 ovat asunnonmuutos ja korjausty\u00f6t sek\u00e4 mit\u00e4 ne sis\u00e4lt\u00e4v\u00e4t? K\u00e4yt\u00e4 l\u00e4hteen\u00e4 Vantaan kaupungin, ARA ja Vanhusty\u00f6n keskusliiton internetsivuja.<\/p>\n<p>d) Miten asunnonmuutos ja korjausty\u00f6t on kirjattu sosiaalihuoltolaissa ja vammaispalvelulaissa?<\/p>\n","protected":false},"excerpt":{"rendered":"<p>a) Mit\u00e4 tarkoittavat ja mit\u00e4 sis\u00e4lt\u00e4v\u00e4t seuraavat kotihoidon tukipalvelut? Kerro k\u00e4yt\u00e4nn\u00f6n esimerkkej\u00e4. 1. Turvapalvelut 2. Ateriapalvelu 3. Vaatehuolto 4. Siivouspalvelu 5. Kylvetyspalvelut 6. Kuljetus- ja saattajapalvelu 7. Sosiaalista kanssak\u00e4ymist\u00e4 edist\u00e4v\u00e4t palvelut b) Kuka arvioi kotihoidon asiakkaan apuv\u00e4lineiden tarpeen ja miten kotihoidon asiakas saa apuv\u00e4lineet Vantaalla? c) Kuka on oikeutettu saamaan asunnonmuutos ja korjaust\u00f6it\u00e4? Mit\u00e4 ovat &hellip; <a href=\"https:\/\/www.verkkovaria.fi\/soster\/osaamisalojenvalinnaiset\/vanhustenkotihoito\/4-kotihoidon-tukipalvelut-ja-asunnon-muutos-ja-korjaustyot\/\">Continued<\/a><\/p>\n","protected":false},"author":2,"featured_media":0,"parent":0,"menu_order":0,"comment_status":"closed","ping_status":"closed","template":"","meta":{"footnotes":"","_links_to":"","_links_to_target":""},"class_list":["post-60","page","type-page","status-publish","hentry"],"_links":{"self":[{"href":"https:\/\/www.verkkovaria.fi\/soster\/osaamisalojenvalinnaiset\/vanhustenkotihoito\/wp-json\/wp\/v2\/pages\/60","targetHints":{"allow":["GET"]}}],"collection":[{"href":"https:\/\/www.verkkovaria.fi\/soster\/osaamisalojenvalinnaiset\/vanhustenkotihoito\/wp-json\/wp\/v2\/pages"}],"about":[{"href":"https:\/\/www.verkkovaria.fi\/soster\/osaamisalojenvalinnaiset\/vanhustenkotihoito\/wp-json\/wp\/v2\/types\/page"}],"author":[{"embeddable":true,"href":"https:\/\/www.verkkovaria.fi\/soster\/osaamisalojenvalinnaiset\/vanhustenkotihoito\/wp-json\/wp\/v2\/users\/2"}],"replies":[{"embeddable":true,"href":"https:\/\/www.verkkovaria.fi\/soster\/osaamisalojenvalinnaiset\/vanhustenkotihoito\/wp-json\/wp\/v2\/comments?post=60"}],"version-history":[{"count":15,"href":"https:\/\/www.verkkovaria.fi\/soster\/osaamisalojenvalinnaiset\/vanhustenkotihoito\/wp-json\/wp\/v2\/pages\/60\/revisions"}],"predecessor-version":[{"id":238,"href":"https:\/\/www.verkkovaria.fi\/soster\/osaamisalojenvalinnaiset\/vanhustenkotihoito\/wp-json\/wp\/v2\/pages\/60\/revisions\/238"}],"wp:attachment":[{"href":"https:\/\/www.verkkovaria.fi\/soster\/osaamisalojenvalinnaiset\/vanhustenkotihoito\/wp-json\/wp\/v2\/media?parent=60"}],"curies":[{"name":"wp","href":"https:\/\/api.w.org\/{rel}","templated":true}]}}