{"id":64,"date":"2016-04-27T13:00:09","date_gmt":"2016-04-27T10:00:09","guid":{"rendered":"http:\/\/www.verkkovaria.fi\/soster\/osaamisalojenvalinnaiset\/vanhustenkotihoito\/?page_id=64"},"modified":"2016-12-14T12:24:36","modified_gmt":"2016-12-14T10:24:36","slug":"5-kotihoitoa-saatelevat-lait-ja-ammattieettinen-toiminta","status":"publish","type":"page","link":"https:\/\/www.verkkovaria.fi\/soster\/osaamisalojenvalinnaiset\/vanhustenkotihoito\/5-kotihoitoa-saatelevat-lait-ja-ammattieettinen-toiminta\/","title":{"rendered":"5. Kotihoitoa s\u00e4\u00e4telev\u00e4t lait ja ammattieettinen toiminta"},"content":{"rendered":"<p>K\u00e4yt\u00e4 seuraavissa teht\u00e4viss\u00e4 apuna Kehittyv\u00e4 kotihoito -kirjaa<\/p>\n<p>a) Mit\u00e4 eettisyydell\u00e4 tarkoitetaan kotihoidossa ja miksi hoitajan eettinen toiminta korostuu kotihoidossa?<\/p>\n<p>b) Valitse kaksi l\u00e4hihoitajan eettist\u00e4 periaatetta ja kerro miten ne ohjaavat toimintaasi kotihoidossa.<\/p>\n<p>c) <a href=\"http:\/\/www.finlex.fi\/fi\/laki\/ajantasa\/1992\/19920785\">Laki potilaan asemasta ja oikeuksista<\/a>: etsi ja kirjaa keskeiset kotihoidon toimintaa ohjaavat pyk\u00e4l\u00e4t. Perustele miksi ne ovat mielest\u00e4si t\u00e4rkeit\u00e4.<\/p>\n<p>d) Selvit\u00e4 mit\u00e4<a href=\"http:\/\/www.finlex.fi\/fi\/laki\/ajantasa\/2012\/20120980\"> vanhuspalvelulaissa<\/a> m\u00e4\u00e4ritell\u00e4\u00e4n palvelutarpeen arvioinnista ja palvelusuunnitelmasta?<\/p>\n<p>e) Valitse viisi keskeisint\u00e4 kotihoitoa ohjaavaa lakia, s\u00e4\u00e4d\u00f6st\u00e4, suositusta. Kerro lyhyesti miksi ne ovat t\u00e4rkeit\u00e4 kotihoidon toiminnan toteutumisessa.<\/p>\n","protected":false},"excerpt":{"rendered":"<p>K\u00e4yt\u00e4 seuraavissa teht\u00e4viss\u00e4 apuna Kehittyv\u00e4 kotihoito -kirjaa a) Mit\u00e4 eettisyydell\u00e4 tarkoitetaan kotihoidossa ja miksi hoitajan eettinen toiminta korostuu kotihoidossa? b) Valitse kaksi l\u00e4hihoitajan eettist\u00e4 periaatetta ja kerro miten ne ohjaavat toimintaasi kotihoidossa. c) Laki potilaan asemasta ja oikeuksista: etsi ja kirjaa keskeiset kotihoidon toimintaa ohjaavat pyk\u00e4l\u00e4t. Perustele miksi ne ovat mielest\u00e4si t\u00e4rkeit\u00e4. d) Selvit\u00e4 mit\u00e4 &hellip; <a href=\"https:\/\/www.verkkovaria.fi\/soster\/osaamisalojenvalinnaiset\/vanhustenkotihoito\/5-kotihoitoa-saatelevat-lait-ja-ammattieettinen-toiminta\/\">Continued<\/a><\/p>\n","protected":false},"author":2,"featured_media":0,"parent":0,"menu_order":0,"comment_status":"closed","ping_status":"closed","template":"","meta":{"footnotes":"","_links_to":"","_links_to_target":""},"class_list":["post-64","page","type-page","status-publish","hentry"],"_links":{"self":[{"href":"https:\/\/www.verkkovaria.fi\/soster\/osaamisalojenvalinnaiset\/vanhustenkotihoito\/wp-json\/wp\/v2\/pages\/64","targetHints":{"allow":["GET"]}}],"collection":[{"href":"https:\/\/www.verkkovaria.fi\/soster\/osaamisalojenvalinnaiset\/vanhustenkotihoito\/wp-json\/wp\/v2\/pages"}],"about":[{"href":"https:\/\/www.verkkovaria.fi\/soster\/osaamisalojenvalinnaiset\/vanhustenkotihoito\/wp-json\/wp\/v2\/types\/page"}],"author":[{"embeddable":true,"href":"https:\/\/www.verkkovaria.fi\/soster\/osaamisalojenvalinnaiset\/vanhustenkotihoito\/wp-json\/wp\/v2\/users\/2"}],"replies":[{"embeddable":true,"href":"https:\/\/www.verkkovaria.fi\/soster\/osaamisalojenvalinnaiset\/vanhustenkotihoito\/wp-json\/wp\/v2\/comments?post=64"}],"version-history":[{"count":12,"href":"https:\/\/www.verkkovaria.fi\/soster\/osaamisalojenvalinnaiset\/vanhustenkotihoito\/wp-json\/wp\/v2\/pages\/64\/revisions"}],"predecessor-version":[{"id":275,"href":"https:\/\/www.verkkovaria.fi\/soster\/osaamisalojenvalinnaiset\/vanhustenkotihoito\/wp-json\/wp\/v2\/pages\/64\/revisions\/275"}],"wp:attachment":[{"href":"https:\/\/www.verkkovaria.fi\/soster\/osaamisalojenvalinnaiset\/vanhustenkotihoito\/wp-json\/wp\/v2\/media?parent=64"}],"curies":[{"name":"wp","href":"https:\/\/api.w.org\/{rel}","templated":true}]}}