{"id":7,"date":"2016-04-27T10:55:36","date_gmt":"2016-04-27T07:55:36","guid":{"rendered":"http:\/\/www.verkkovaria.fi\/soster\/osaamisalojenvalinnaiset\/vanhustenkotihoito\/?page_id=7"},"modified":"2017-10-01T13:52:20","modified_gmt":"2017-10-01T10:52:20","slug":"etusivu","status":"publish","type":"page","link":"https:\/\/www.verkkovaria.fi\/soster\/osaamisalojenvalinnaiset\/vanhustenkotihoito\/","title":{"rendered":"Vanhusten kotihoito ja huolenpito"},"content":{"rendered":"<p><strong>Tervetuloa opiskelemaan Vanhusten kotihoito ja huolenpito \u2013tutkinnon osan verkkototeutusta!<\/strong><\/p>\n<p>Opinnot sopivat hyvin teht\u00e4v\u00e4ksi ty\u00f6ss\u00e4oppimisjaksolla ja ne valmistavat sinua Vanhusten kotihoito ja huolenpito \u2013tutkinnon osan tutkintotilaisuuteen tai ammattiosaamisen n\u00e4ytt\u00f6\u00f6n.<\/p>\n<p>P\u00e4\u00e4set tutustumaan opintoihin siirtym\u00e4ll\u00e4 Opiskeluprosessi-sivulle. Ammattitaitovaatimukset ja arvioinnin perusteet l\u00f6yd\u00e4t Arviointi-sivulta.<\/p>\n<p>ONNEA MATKAAN!<\/p>\n","protected":false},"excerpt":{"rendered":"<p>Tervetuloa opiskelemaan Vanhusten kotihoito ja huolenpito \u2013tutkinnon osan verkkototeutusta! Opinnot sopivat hyvin teht\u00e4v\u00e4ksi ty\u00f6ss\u00e4oppimisjaksolla ja ne valmistavat sinua Vanhusten kotihoito ja huolenpito \u2013tutkinnon osan tutkintotilaisuuteen tai ammattiosaamisen n\u00e4ytt\u00f6\u00f6n. P\u00e4\u00e4set tutustumaan opintoihin siirtym\u00e4ll\u00e4 Opiskeluprosessi-sivulle. Ammattitaitovaatimukset ja arvioinnin perusteet l\u00f6yd\u00e4t Arviointi-sivulta. ONNEA MATKAAN!<\/p>\n","protected":false},"author":2,"featured_media":279,"parent":0,"menu_order":0,"comment_status":"closed","ping_status":"closed","template":"","meta":{"footnotes":"","_links_to":"","_links_to_target":""},"class_list":["post-7","page","type-page","status-publish","has-post-thumbnail","hentry"],"_links":{"self":[{"href":"https:\/\/www.verkkovaria.fi\/soster\/osaamisalojenvalinnaiset\/vanhustenkotihoito\/wp-json\/wp\/v2\/pages\/7","targetHints":{"allow":["GET"]}}],"collection":[{"href":"https:\/\/www.verkkovaria.fi\/soster\/osaamisalojenvalinnaiset\/vanhustenkotihoito\/wp-json\/wp\/v2\/pages"}],"about":[{"href":"https:\/\/www.verkkovaria.fi\/soster\/osaamisalojenvalinnaiset\/vanhustenkotihoito\/wp-json\/wp\/v2\/types\/page"}],"author":[{"embeddable":true,"href":"https:\/\/www.verkkovaria.fi\/soster\/osaamisalojenvalinnaiset\/vanhustenkotihoito\/wp-json\/wp\/v2\/users\/2"}],"replies":[{"embeddable":true,"href":"https:\/\/www.verkkovaria.fi\/soster\/osaamisalojenvalinnaiset\/vanhustenkotihoito\/wp-json\/wp\/v2\/comments?post=7"}],"version-history":[{"count":26,"href":"https:\/\/www.verkkovaria.fi\/soster\/osaamisalojenvalinnaiset\/vanhustenkotihoito\/wp-json\/wp\/v2\/pages\/7\/revisions"}],"predecessor-version":[{"id":293,"href":"https:\/\/www.verkkovaria.fi\/soster\/osaamisalojenvalinnaiset\/vanhustenkotihoito\/wp-json\/wp\/v2\/pages\/7\/revisions\/293"}],"wp:featuredmedia":[{"embeddable":true,"href":"https:\/\/www.verkkovaria.fi\/soster\/osaamisalojenvalinnaiset\/vanhustenkotihoito\/wp-json\/wp\/v2\/media\/279"}],"wp:attachment":[{"href":"https:\/\/www.verkkovaria.fi\/soster\/osaamisalojenvalinnaiset\/vanhustenkotihoito\/wp-json\/wp\/v2\/media?parent=7"}],"curies":[{"name":"wp","href":"https:\/\/api.w.org\/{rel}","templated":true}]}}