{"id":72,"date":"2016-04-27T13:20:03","date_gmt":"2016-04-27T10:20:03","guid":{"rendered":"http:\/\/www.verkkovaria.fi\/soster\/osaamisalojenvalinnaiset\/vanhustenkotihoito\/?page_id=72"},"modified":"2016-12-14T11:08:04","modified_gmt":"2016-12-14T09:08:04","slug":"7-turvallisuus-ja-tartuntojen-ehkaisy","status":"publish","type":"page","link":"https:\/\/www.verkkovaria.fi\/soster\/osaamisalojenvalinnaiset\/vanhustenkotihoito\/7-turvallisuus-ja-tartuntojen-ehkaisy\/","title":{"rendered":"7. Turvallisuus ja tartuntojen ehk\u00e4isy"},"content":{"rendered":"<p>Lue <a href=\"https:\/\/www.thl.fi\/fi\/web\/laatu-ja-potilasturvallisuus\/potilasturvallisuus\/mita-on-potilasturvallisuus\">THL: n sivuilta potilasturvallisuudesta<\/a> ja Eviran sivuilta <a href=\"https:\/\/www.evira.fi\/elintarvikkeet\/tietoa-elintarvikkeista\/kasittely-ja-sailyttaminen\/\">elintarviketurvallisuudesta<\/a> K\u00e4yt\u00e4 seuraavissa teht\u00e4viss\u00e4 apuna my\u00f6s Kehittyv\u00e4 kotihoito -kirjaa, Erikoistu vanhusty\u00f6h\u00f6n -kirjaa ja Hoitamalla hyv\u00e4\u00e4 oloa -kirjaa sek\u00e4 <a href=\"http:\/\/www.terveyskirjasto.fi\/kotisivut\/sivut.nayta?p_sivu=52339\">Terveyskirjastoa <\/a><\/p>\n<p>a) Mink\u00e4laisia turvallisuuteen liittyvi\u00e4 riskej\u00e4 kotihoidon asiakkaalla voidaan tunnistaa? Miten niit\u00e4 voidaan ennaltaehk\u00e4ist\u00e4? Tee riskeist\u00e4 ja ennaltaehk\u00e4isykeinoista taulukko. L\u00f6yd\u00e4t tietoa THL:n sivuilta (THL \u2013 i\u00e4kk\u00e4\u00e4t, tapaturmien ehk\u00e4isy)<\/p>\n<p>b) Mitk\u00e4 ovat ty\u00f6turvallisuuteen liittyvi\u00e4 minimivaatimuksia kotona teht\u00e4v\u00e4ss\u00e4 ty\u00f6ss\u00e4, esim. mit\u00e4 kerrotaan yksinty\u00f6skentelyst\u00e4?<\/p>\n<p>c) Millaisia uhkaavia tilanteita kotihoidossa voi tulla esille ja miten niiss\u00e4 tulee otimia ja mit\u00e4 sen j\u00e4lkeen tehd\u00e4\u00e4n? (Haipro)<\/p>\n<p>d) Milloin kotihoidon asiakkaalla voi olla tarve kosketustartuntaeristykseen? Miten silloin toimit esim. kotihoidossa tai palvelutalossa?<\/p>\n<p>e) Miten ehk\u00e4iset seuraavien tartuntojen levi\u00e4mist\u00e4 kotihoidossa tai palvelutalossa: MRSA, VRE, Clostridium difficile ja ESBL?<\/p>\n<p>f) Miten huolehdit elintarvikehygienista asiakkaan kotona?<\/p>\n<p>g) Mitk\u00e4 ovat turvallisuuden ja tartuntojen ehk\u00e4isyn kannalta keskeiset teht\u00e4v\u00e4t yllpitosiivouksessa?<\/p>\n","protected":false},"excerpt":{"rendered":"<p>Lue THL: n sivuilta potilasturvallisuudesta ja Eviran sivuilta elintarviketurvallisuudesta K\u00e4yt\u00e4 seuraavissa teht\u00e4viss\u00e4 apuna my\u00f6s Kehittyv\u00e4 kotihoito -kirjaa, Erikoistu vanhusty\u00f6h\u00f6n -kirjaa ja Hoitamalla hyv\u00e4\u00e4 oloa -kirjaa sek\u00e4 Terveyskirjastoa a) Mink\u00e4laisia turvallisuuteen liittyvi\u00e4 riskej\u00e4 kotihoidon asiakkaalla voidaan tunnistaa? Miten niit\u00e4 voidaan ennaltaehk\u00e4ist\u00e4? Tee riskeist\u00e4 ja ennaltaehk\u00e4isykeinoista taulukko. L\u00f6yd\u00e4t tietoa THL:n sivuilta (THL \u2013 i\u00e4kk\u00e4\u00e4t, tapaturmien ehk\u00e4isy) b) &hellip; <a href=\"https:\/\/www.verkkovaria.fi\/soster\/osaamisalojenvalinnaiset\/vanhustenkotihoito\/7-turvallisuus-ja-tartuntojen-ehkaisy\/\">Continued<\/a><\/p>\n","protected":false},"author":2,"featured_media":0,"parent":0,"menu_order":0,"comment_status":"closed","ping_status":"closed","template":"","meta":{"footnotes":"","_links_to":"","_links_to_target":""},"class_list":["post-72","page","type-page","status-publish","hentry"],"_links":{"self":[{"href":"https:\/\/www.verkkovaria.fi\/soster\/osaamisalojenvalinnaiset\/vanhustenkotihoito\/wp-json\/wp\/v2\/pages\/72","targetHints":{"allow":["GET"]}}],"collection":[{"href":"https:\/\/www.verkkovaria.fi\/soster\/osaamisalojenvalinnaiset\/vanhustenkotihoito\/wp-json\/wp\/v2\/pages"}],"about":[{"href":"https:\/\/www.verkkovaria.fi\/soster\/osaamisalojenvalinnaiset\/vanhustenkotihoito\/wp-json\/wp\/v2\/types\/page"}],"author":[{"embeddable":true,"href":"https:\/\/www.verkkovaria.fi\/soster\/osaamisalojenvalinnaiset\/vanhustenkotihoito\/wp-json\/wp\/v2\/users\/2"}],"replies":[{"embeddable":true,"href":"https:\/\/www.verkkovaria.fi\/soster\/osaamisalojenvalinnaiset\/vanhustenkotihoito\/wp-json\/wp\/v2\/comments?post=72"}],"version-history":[{"count":13,"href":"https:\/\/www.verkkovaria.fi\/soster\/osaamisalojenvalinnaiset\/vanhustenkotihoito\/wp-json\/wp\/v2\/pages\/72\/revisions"}],"predecessor-version":[{"id":261,"href":"https:\/\/www.verkkovaria.fi\/soster\/osaamisalojenvalinnaiset\/vanhustenkotihoito\/wp-json\/wp\/v2\/pages\/72\/revisions\/261"}],"wp:attachment":[{"href":"https:\/\/www.verkkovaria.fi\/soster\/osaamisalojenvalinnaiset\/vanhustenkotihoito\/wp-json\/wp\/v2\/media?parent=72"}],"curies":[{"name":"wp","href":"https:\/\/api.w.org\/{rel}","templated":true}]}}