{"id":76,"date":"2016-04-27T13:20:35","date_gmt":"2016-04-27T10:20:35","guid":{"rendered":"http:\/\/www.verkkovaria.fi\/soster\/osaamisalojenvalinnaiset\/vanhustenkotihoito\/?page_id=76"},"modified":"2016-07-24T13:57:39","modified_gmt":"2016-07-24T10:57:39","slug":"8-omaishoitajuus-ja-itsehoito","status":"publish","type":"page","link":"https:\/\/www.verkkovaria.fi\/soster\/osaamisalojenvalinnaiset\/vanhustenkotihoito\/8-omaishoitajuus-ja-itsehoito\/","title":{"rendered":"8. Omaishoitajuus ja itsehoito"},"content":{"rendered":"<p>a) Selvit\u00e4, mit\u00e4 tarkoittaa k\u00e4site omaishoitaja.<\/p>\n<p>b) Etsi tietoa mitk\u00e4 tekij\u00e4t edist\u00e4v\u00e4t ja mitk\u00e4 tekij\u00e4t est\u00e4v\u00e4t omaishoitajan hyvinvointia? Tee luettelo tai kuvio.<\/p>\n<p>c) Mit\u00e4 palveluja omaishoitaja voi saada kaupungilta ja eri j\u00e4rjest\u00f6ist\u00e4 (esim. omaiset ja l\u00e4heiset -liitto ry www.omaishoitajat.fi)<\/p>\n<p>d) Mit\u00e4 omaishoitolakiin on kirjattu omaishoidosta (omaishoitajan vapaat, hoitopalkkio, muut palvelut, el\u00e4ke, verot)? Miten laki toteutuu Vantaalla? Katso my\u00f6s jonkun muun kunnan internet-sivuilta, l\u00f6yd\u00e4tk\u00f6 eroja?<\/p>\n<p>e) Kuka voi saada omaishoidon tukea?<\/p>\n<p>f) Miten Vantaalla haetaan omaishoidon tukea? Miten prosessi etenee?<\/p>\n<p>g) Selvit\u00e4, mit\u00e4 tarkoittaa itsehoidon k\u00e4site (tai omahoito).<\/p>\n<p>h) Miten ohjaisit Koivukyl\u00e4ss\u00e4 asuvaa kotihoidon asiakasta Vantaan kaupungin tarjoamaan virike-\/p\u00e4iv\u00e4toimintaan?<\/p>\n<p>i) Pohdi: panostaako yhteiskunta riitt\u00e4v\u00e4sti omaishoitoon?<\/p>\n","protected":false},"excerpt":{"rendered":"<p>a) Selvit\u00e4, mit\u00e4 tarkoittaa k\u00e4site omaishoitaja. b) Etsi tietoa mitk\u00e4 tekij\u00e4t edist\u00e4v\u00e4t ja mitk\u00e4 tekij\u00e4t est\u00e4v\u00e4t omaishoitajan hyvinvointia? Tee luettelo tai kuvio. c) Mit\u00e4 palveluja omaishoitaja voi saada kaupungilta ja eri j\u00e4rjest\u00f6ist\u00e4 (esim. omaiset ja l\u00e4heiset -liitto ry www.omaishoitajat.fi) d) Mit\u00e4 omaishoitolakiin on kirjattu omaishoidosta (omaishoitajan vapaat, hoitopalkkio, muut palvelut, el\u00e4ke, verot)? Miten laki toteutuu &hellip; <a href=\"https:\/\/www.verkkovaria.fi\/soster\/osaamisalojenvalinnaiset\/vanhustenkotihoito\/8-omaishoitajuus-ja-itsehoito\/\">Continued<\/a><\/p>\n","protected":false},"author":2,"featured_media":0,"parent":0,"menu_order":0,"comment_status":"closed","ping_status":"closed","template":"","meta":{"footnotes":"","_links_to":"","_links_to_target":""},"class_list":["post-76","page","type-page","status-publish","hentry"],"_links":{"self":[{"href":"https:\/\/www.verkkovaria.fi\/soster\/osaamisalojenvalinnaiset\/vanhustenkotihoito\/wp-json\/wp\/v2\/pages\/76","targetHints":{"allow":["GET"]}}],"collection":[{"href":"https:\/\/www.verkkovaria.fi\/soster\/osaamisalojenvalinnaiset\/vanhustenkotihoito\/wp-json\/wp\/v2\/pages"}],"about":[{"href":"https:\/\/www.verkkovaria.fi\/soster\/osaamisalojenvalinnaiset\/vanhustenkotihoito\/wp-json\/wp\/v2\/types\/page"}],"author":[{"embeddable":true,"href":"https:\/\/www.verkkovaria.fi\/soster\/osaamisalojenvalinnaiset\/vanhustenkotihoito\/wp-json\/wp\/v2\/users\/2"}],"replies":[{"embeddable":true,"href":"https:\/\/www.verkkovaria.fi\/soster\/osaamisalojenvalinnaiset\/vanhustenkotihoito\/wp-json\/wp\/v2\/comments?post=76"}],"version-history":[{"count":5,"href":"https:\/\/www.verkkovaria.fi\/soster\/osaamisalojenvalinnaiset\/vanhustenkotihoito\/wp-json\/wp\/v2\/pages\/76\/revisions"}],"predecessor-version":[{"id":185,"href":"https:\/\/www.verkkovaria.fi\/soster\/osaamisalojenvalinnaiset\/vanhustenkotihoito\/wp-json\/wp\/v2\/pages\/76\/revisions\/185"}],"wp:attachment":[{"href":"https:\/\/www.verkkovaria.fi\/soster\/osaamisalojenvalinnaiset\/vanhustenkotihoito\/wp-json\/wp\/v2\/media?parent=76"}],"curies":[{"name":"wp","href":"https:\/\/api.w.org\/{rel}","templated":true}]}}