{"id":80,"date":"2016-04-27T13:22:36","date_gmt":"2016-04-27T10:22:36","guid":{"rendered":"http:\/\/www.verkkovaria.fi\/soster\/osaamisalojenvalinnaiset\/vanhustenkotihoito\/?page_id=80"},"modified":"2016-11-16T13:17:24","modified_gmt":"2016-11-16T11:17:24","slug":"9-hoitotyon-erityisongelmien-havainnointi","status":"publish","type":"page","link":"https:\/\/www.verkkovaria.fi\/soster\/osaamisalojenvalinnaiset\/vanhustenkotihoito\/9-hoitotyon-erityisongelmien-havainnointi\/","title":{"rendered":"9. Hoitoty\u00f6n erityisongelmien havainnointi"},"content":{"rendered":"<p>a) Selvit\u00e4 esim. Diabetesliiton sivuilta mit\u00e4 tarkoittaa neuropatia ja mit\u00e4 se voi aiheuttaa sek\u00e4 miten tutkit diabeetikon jalat. Mitk\u00e4 ovat diabeettisen jalkahaavan hoito-ohjeet?<\/p>\n<p>b) Lue Marjo Taittosen<a href=\"https:\/\/www2.seinajoki.fi\/sosiaalijaterveys\/vanhustyonkehittamishanke\/.raportit_ja_julkaisut.html\/39014.pdf\"> &#8221;P\u00e4ihteit\u00e4 k\u00e4ytt\u00e4v\u00e4n ik\u00e4ihmisen kohtaaminen kotihoidossa&#8221;<\/a> -Pro Gradu tutkielmasta hoitajien pohdintaa ja tutkijan kommentteja p\u00e4ihteit\u00e4 k\u00e4ytt\u00e4v\u00e4n kotihoidon asiakkaan kohtaamisesta itsem\u00e4\u00e4r\u00e4\u00e4misoikeuden n\u00e4k\u00f6kulmasta. Tee n\u00e4ist\u00e4 kooste ja oma pohdinta. Jos kiinnostaa lue toki vaikka koko tutkimus!<\/p>\n<p>c) Selvit\u00e4, mit\u00e4 tarkoittavat p\u00e4ihdeongelmaisen asiakkaan palvelut, kotikatko ja puheeksi ottaminen sek\u00e4 Audit-testi ja mini-interventio.<\/p>\n","protected":false},"excerpt":{"rendered":"<p>a) Selvit\u00e4 esim. Diabetesliiton sivuilta mit\u00e4 tarkoittaa neuropatia ja mit\u00e4 se voi aiheuttaa sek\u00e4 miten tutkit diabeetikon jalat. Mitk\u00e4 ovat diabeettisen jalkahaavan hoito-ohjeet? b) Lue Marjo Taittosen &#8221;P\u00e4ihteit\u00e4 k\u00e4ytt\u00e4v\u00e4n ik\u00e4ihmisen kohtaaminen kotihoidossa&#8221; -Pro Gradu tutkielmasta hoitajien pohdintaa ja tutkijan kommentteja p\u00e4ihteit\u00e4 k\u00e4ytt\u00e4v\u00e4n kotihoidon asiakkaan kohtaamisesta itsem\u00e4\u00e4r\u00e4\u00e4misoikeuden n\u00e4k\u00f6kulmasta. Tee n\u00e4ist\u00e4 kooste ja oma pohdinta. Jos kiinnostaa &hellip; <a href=\"https:\/\/www.verkkovaria.fi\/soster\/osaamisalojenvalinnaiset\/vanhustenkotihoito\/9-hoitotyon-erityisongelmien-havainnointi\/\">Continued<\/a><\/p>\n","protected":false},"author":2,"featured_media":0,"parent":0,"menu_order":0,"comment_status":"closed","ping_status":"closed","template":"","meta":{"footnotes":"","_links_to":"","_links_to_target":""},"class_list":["post-80","page","type-page","status-publish","hentry"],"_links":{"self":[{"href":"https:\/\/www.verkkovaria.fi\/soster\/osaamisalojenvalinnaiset\/vanhustenkotihoito\/wp-json\/wp\/v2\/pages\/80","targetHints":{"allow":["GET"]}}],"collection":[{"href":"https:\/\/www.verkkovaria.fi\/soster\/osaamisalojenvalinnaiset\/vanhustenkotihoito\/wp-json\/wp\/v2\/pages"}],"about":[{"href":"https:\/\/www.verkkovaria.fi\/soster\/osaamisalojenvalinnaiset\/vanhustenkotihoito\/wp-json\/wp\/v2\/types\/page"}],"author":[{"embeddable":true,"href":"https:\/\/www.verkkovaria.fi\/soster\/osaamisalojenvalinnaiset\/vanhustenkotihoito\/wp-json\/wp\/v2\/users\/2"}],"replies":[{"embeddable":true,"href":"https:\/\/www.verkkovaria.fi\/soster\/osaamisalojenvalinnaiset\/vanhustenkotihoito\/wp-json\/wp\/v2\/comments?post=80"}],"version-history":[{"count":7,"href":"https:\/\/www.verkkovaria.fi\/soster\/osaamisalojenvalinnaiset\/vanhustenkotihoito\/wp-json\/wp\/v2\/pages\/80\/revisions"}],"predecessor-version":[{"id":244,"href":"https:\/\/www.verkkovaria.fi\/soster\/osaamisalojenvalinnaiset\/vanhustenkotihoito\/wp-json\/wp\/v2\/pages\/80\/revisions\/244"}],"wp:attachment":[{"href":"https:\/\/www.verkkovaria.fi\/soster\/osaamisalojenvalinnaiset\/vanhustenkotihoito\/wp-json\/wp\/v2\/media?parent=80"}],"curies":[{"name":"wp","href":"https:\/\/api.w.org\/{rel}","templated":true}]}}