{"id":84,"date":"2016-04-27T13:27:48","date_gmt":"2016-04-27T10:27:48","guid":{"rendered":"http:\/\/www.verkkovaria.fi\/soster\/osaamisalojenvalinnaiset\/vanhustenkotihoito\/?page_id=84"},"modified":"2017-10-01T13:55:01","modified_gmt":"2017-10-01T10:55:01","slug":"10-elakkeet","status":"publish","type":"page","link":"https:\/\/www.verkkovaria.fi\/soster\/osaamisalojenvalinnaiset\/vanhustenkotihoito\/10-elakkeet\/","title":{"rendered":"10. El\u00e4kkeet"},"content":{"rendered":"<p>a) Laadi tiivistelm\u00e4 seuraavista: Ty\u00f6el\u00e4ke, kansanel\u00e4ke ja takuuel\u00e4ke.<\/p>\n<p>b) Selvit\u00e4, kuka voi saada ja miksi kyseisi\u00e4 tukia my\u00f6nnet\u00e4\u00e4n:<br \/>\nEl\u00e4kkeensaajan asumistuki<br \/>\nEl\u00e4kett\u00e4 saavan hoitotuki<br \/>\nEl\u00e4kkeen lapsikorotus<br \/>\nSotainvalidien tuet<br \/>\nRintamalis\u00e4 (valtionkonttori)<\/p>\n","protected":false},"excerpt":{"rendered":"<p>a) Laadi tiivistelm\u00e4 seuraavista: Ty\u00f6el\u00e4ke, kansanel\u00e4ke ja takuuel\u00e4ke. b) Selvit\u00e4, kuka voi saada ja miksi kyseisi\u00e4 tukia my\u00f6nnet\u00e4\u00e4n: El\u00e4kkeensaajan asumistuki El\u00e4kett\u00e4 saavan hoitotuki El\u00e4kkeen lapsikorotus Sotainvalidien tuet Rintamalis\u00e4 (valtionkonttori)<\/p>\n","protected":false},"author":2,"featured_media":0,"parent":0,"menu_order":0,"comment_status":"closed","ping_status":"closed","template":"","meta":{"footnotes":"","_links_to":"","_links_to_target":""},"class_list":["post-84","page","type-page","status-publish","hentry"],"_links":{"self":[{"href":"https:\/\/www.verkkovaria.fi\/soster\/osaamisalojenvalinnaiset\/vanhustenkotihoito\/wp-json\/wp\/v2\/pages\/84","targetHints":{"allow":["GET"]}}],"collection":[{"href":"https:\/\/www.verkkovaria.fi\/soster\/osaamisalojenvalinnaiset\/vanhustenkotihoito\/wp-json\/wp\/v2\/pages"}],"about":[{"href":"https:\/\/www.verkkovaria.fi\/soster\/osaamisalojenvalinnaiset\/vanhustenkotihoito\/wp-json\/wp\/v2\/types\/page"}],"author":[{"embeddable":true,"href":"https:\/\/www.verkkovaria.fi\/soster\/osaamisalojenvalinnaiset\/vanhustenkotihoito\/wp-json\/wp\/v2\/users\/2"}],"replies":[{"embeddable":true,"href":"https:\/\/www.verkkovaria.fi\/soster\/osaamisalojenvalinnaiset\/vanhustenkotihoito\/wp-json\/wp\/v2\/comments?post=84"}],"version-history":[{"count":6,"href":"https:\/\/www.verkkovaria.fi\/soster\/osaamisalojenvalinnaiset\/vanhustenkotihoito\/wp-json\/wp\/v2\/pages\/84\/revisions"}],"predecessor-version":[{"id":316,"href":"https:\/\/www.verkkovaria.fi\/soster\/osaamisalojenvalinnaiset\/vanhustenkotihoito\/wp-json\/wp\/v2\/pages\/84\/revisions\/316"}],"wp:attachment":[{"href":"https:\/\/www.verkkovaria.fi\/soster\/osaamisalojenvalinnaiset\/vanhustenkotihoito\/wp-json\/wp\/v2\/media?parent=84"}],"curies":[{"name":"wp","href":"https:\/\/api.w.org\/{rel}","templated":true}]}}