{"id":11,"date":"2015-03-04T09:15:30","date_gmt":"2015-03-04T09:15:30","guid":{"rendered":"http:\/\/www.verkkovaria.fi\/taydentavat\/psykologia\/?page_id=11"},"modified":"2015-06-08T09:29:59","modified_gmt":"2015-06-08T09:29:59","slug":"aloitus","status":"publish","type":"page","link":"https:\/\/www.verkkovaria.fi\/taydentavat\/psykologia\/opiskelijalle\/aloitus\/","title":{"rendered":"Teht\u00e4v\u00e4t"},"content":{"rendered":"<p>Teht\u00e4v\u00e4t on jaettu teemoihin ja ne on tarkoitus tehd\u00e4 kuvatussa j\u00e4rjestyksess\u00e4.<\/p>\n<p>Teema 1: Oma psyykkinen hyvinvointi<\/p>\n<p>Teema 2: Psyykkinen hyvinvointi ty\u00f6paikallani<\/p>\n<p>Teema 3: Psyykkisen ty\u00f6hyvinvoinnin kehitt\u00e4minen<\/p>\n<p><img loading=\"lazy\" decoding=\"async\" src=\"http:\/\/www.verkkovaria.fi\/taydentavat\/psykologia\/wp-content\/uploads\/2015\/05\/colour-pencils-450621_1280.pixabay.com_-300x225.jpg\" alt=\"(www.pixabay.com)\" width=\"300\" height=\"225\" \/><\/p>\n<p>(www.pixabay.com)<\/p>\n","protected":false},"excerpt":{"rendered":"<p>Teht\u00e4v\u00e4t on jaettu teemoihin ja ne on tarkoitus tehd\u00e4 kuvatussa j\u00e4rjestyksess\u00e4. Teema 1: Oma psyykkinen hyvinvointi Teema 2: Psyykkinen hyvinvointi ty\u00f6paikallani Teema 3: Psyykkisen ty\u00f6hyvinvoinnin kehitt\u00e4minen (www.pixabay.com)<\/p>\n","protected":false},"author":1,"featured_media":0,"parent":6,"menu_order":3,"comment_status":"open","ping_status":"open","template":"","meta":{"footnotes":"","_links_to":"","_links_to_target":""},"class_list":["post-11","page","type-page","status-publish","hentry"],"_links":{"self":[{"href":"https:\/\/www.verkkovaria.fi\/taydentavat\/psykologia\/wp-json\/wp\/v2\/pages\/11","targetHints":{"allow":["GET"]}}],"collection":[{"href":"https:\/\/www.verkkovaria.fi\/taydentavat\/psykologia\/wp-json\/wp\/v2\/pages"}],"about":[{"href":"https:\/\/www.verkkovaria.fi\/taydentavat\/psykologia\/wp-json\/wp\/v2\/types\/page"}],"author":[{"embeddable":true,"href":"https:\/\/www.verkkovaria.fi\/taydentavat\/psykologia\/wp-json\/wp\/v2\/users\/1"}],"replies":[{"embeddable":true,"href":"https:\/\/www.verkkovaria.fi\/taydentavat\/psykologia\/wp-json\/wp\/v2\/comments?post=11"}],"version-history":[{"count":9,"href":"https:\/\/www.verkkovaria.fi\/taydentavat\/psykologia\/wp-json\/wp\/v2\/pages\/11\/revisions"}],"predecessor-version":[{"id":119,"href":"https:\/\/www.verkkovaria.fi\/taydentavat\/psykologia\/wp-json\/wp\/v2\/pages\/11\/revisions\/119"}],"up":[{"embeddable":true,"href":"https:\/\/www.verkkovaria.fi\/taydentavat\/psykologia\/wp-json\/wp\/v2\/pages\/6"}],"wp:attachment":[{"href":"https:\/\/www.verkkovaria.fi\/taydentavat\/psykologia\/wp-json\/wp\/v2\/media?parent=11"}],"curies":[{"name":"wp","href":"https:\/\/api.w.org\/{rel}","templated":true}]}}