{"id":110,"date":"2015-06-04T08:02:03","date_gmt":"2015-06-04T08:02:03","guid":{"rendered":"http:\/\/www.verkkovaria.fi\/taydentavat\/psykologia\/?page_id=110"},"modified":"2016-06-28T08:53:21","modified_gmt":"2016-06-28T08:53:21","slug":"etusivu","status":"publish","type":"page","link":"https:\/\/www.verkkovaria.fi\/taydentavat\/psykologia\/","title":{"rendered":"Psykologia: Psyykkinen hyvinvointi ty\u00f6el\u00e4m\u00e4ss\u00e4"},"content":{"rendered":"<p style=\"text-align: left;\">N\u00e4m\u00e4 psykologian verkko-opinnot on tarkoitettu kaikille Varian opiskelijoille. Psyykkinen hyvinvointi ty\u00f6el\u00e4m\u00e4ss\u00e4 kuuluu yhteisiin tutkinnonosiin (Sosiaalinen ja kulttuurinen osaaminen \/ Psykologia). \u00a0Sis\u00e4ll\u00f6n laajuus on 1-2 osp ja se arvioidaan asteikolla 1-3.<\/p>\n<p style=\"text-align: left;\">Verkkototeutus on tarkoitus opiskella ty\u00f6ss\u00e4oppimispaikalla. Sis\u00e4ll\u00f6ss\u00e4 k\u00e4sitell\u00e4\u00e4n seuraavia teemoja:<\/p>\n<ol>\n<li style=\"text-align: left;\">Oma psykkinen hyvinvointi<\/li>\n<li style=\"text-align: left;\">Psyykkinen ty\u00f6hyvinvointi<\/li>\n<li style=\"text-align: left;\">Psyykkisen ty\u00f6hyvinvoinnin kehitt\u00e4minen<\/li>\n<\/ol>\n<p style=\"text-align: left;\">Jos haluat suorittaa t\u00e4m\u00e4n verkkototeutuksen 1 osp:n laajuisena, tee teemoihin 1 ja 2 liittyv\u00e4t teht\u00e4v\u00e4t.<\/p>\n<p style=\"text-align: left;\">Jos haluat tehd\u00e4 verkkototeutuksen 2 osp:n laajuisena, tee my\u00f6s teeman 3 teht\u00e4v\u00e4t.<\/p>\n<p style=\"text-align: left;\">\u00a0Verkkototeutuksen\u00a0tavoitteet:<\/p>\n<ul>\n<li style=\"text-align: left;\">Tutustua mielen hyvinvointiin vaikuttaviiin tekij\u00f6ihin.<\/li>\n<li style=\"text-align: left;\">Oppia tunnistamaan omia psyykkisi\u00e4 selviytymiskeinoja.<\/li>\n<li style=\"text-align: left;\">Tutustua ty\u00f6hyvinvoinnin k\u00e4sitteeseen.<\/li>\n<li style=\"text-align: left;\">Oppia tarkastelemaan oman alan ty\u00f6teht\u00e4vi\u00e4 psyykkisen ty\u00f6hyvinvoinnin n\u00e4k\u00f6kulmasta.<\/li>\n<\/ul>\n","protected":false},"excerpt":{"rendered":"<p>N\u00e4m\u00e4 psykologian verkko-opinnot on tarkoitettu kaikille Varian opiskelijoille. Psyykkinen hyvinvointi ty\u00f6el\u00e4m\u00e4ss\u00e4 kuuluu yhteisiin tutkinnonosiin (Sosiaalinen ja kulttuurinen osaaminen \/ Psykologia). \u00a0Sis\u00e4ll\u00f6n laajuus on 1-2 osp ja se arvioidaan asteikolla 1-3. Verkkototeutus on tarkoitus opiskella ty\u00f6ss\u00e4oppimispaikalla. Sis\u00e4ll\u00f6ss\u00e4 k\u00e4sitell\u00e4\u00e4n seuraavia teemoja: Oma psykkinen hyvinvointi Psyykkinen ty\u00f6hyvinvointi Psyykkisen ty\u00f6hyvinvoinnin kehitt\u00e4minen Jos haluat suorittaa t\u00e4m\u00e4n verkkototeutuksen 1 osp:n laajuisena, &hellip; <a href=\"https:\/\/www.verkkovaria.fi\/taydentavat\/psykologia\/\">Continued<\/a><\/p>\n","protected":false},"author":3,"featured_media":94,"parent":0,"menu_order":0,"comment_status":"open","ping_status":"open","template":"frontpage.php","meta":{"footnotes":"","_links_to":"","_links_to_target":""},"class_list":["post-110","page","type-page","status-publish","has-post-thumbnail","hentry"],"_links":{"self":[{"href":"https:\/\/www.verkkovaria.fi\/taydentavat\/psykologia\/wp-json\/wp\/v2\/pages\/110","targetHints":{"allow":["GET"]}}],"collection":[{"href":"https:\/\/www.verkkovaria.fi\/taydentavat\/psykologia\/wp-json\/wp\/v2\/pages"}],"about":[{"href":"https:\/\/www.verkkovaria.fi\/taydentavat\/psykologia\/wp-json\/wp\/v2\/types\/page"}],"author":[{"embeddable":true,"href":"https:\/\/www.verkkovaria.fi\/taydentavat\/psykologia\/wp-json\/wp\/v2\/users\/3"}],"replies":[{"embeddable":true,"href":"https:\/\/www.verkkovaria.fi\/taydentavat\/psykologia\/wp-json\/wp\/v2\/comments?post=110"}],"version-history":[{"count":13,"href":"https:\/\/www.verkkovaria.fi\/taydentavat\/psykologia\/wp-json\/wp\/v2\/pages\/110\/revisions"}],"predecessor-version":[{"id":289,"href":"https:\/\/www.verkkovaria.fi\/taydentavat\/psykologia\/wp-json\/wp\/v2\/pages\/110\/revisions\/289"}],"wp:featuredmedia":[{"embeddable":true,"href":"https:\/\/www.verkkovaria.fi\/taydentavat\/psykologia\/wp-json\/wp\/v2\/media\/94"}],"wp:attachment":[{"href":"https:\/\/www.verkkovaria.fi\/taydentavat\/psykologia\/wp-json\/wp\/v2\/media?parent=110"}],"curies":[{"name":"wp","href":"https:\/\/api.w.org\/{rel}","templated":true}]}}