{"id":121,"date":"2015-06-09T09:59:17","date_gmt":"2015-06-09T09:59:17","guid":{"rendered":"http:\/\/www.verkkovaria.fi\/taydentavat\/psykologia\/?page_id=121"},"modified":"2015-06-15T06:47:10","modified_gmt":"2015-06-15T06:47:10","slug":"google-drive","status":"publish","type":"page","link":"https:\/\/www.verkkovaria.fi\/taydentavat\/psykologia\/google-drive\/","title":{"rendered":"Google Drive"},"content":{"rendered":"<p>Google Drivea -sovellusta voi k\u00e4ytt\u00e4\u00e4 tietokoneelta, selaimelta tai mobiililaitteilta. Palveluun tarvitset google \u2013tunnukset,\u00a0 jotka Vantaan oppilaitoksissa ovat tablet \u2013laitteissa valmiina.<\/p>\n<p><a style=\"color: #333333; text-decoration: underline;\" href=\"https:\/\/www.google.com\/intl\/fi_fi\/drive\/\" target=\"_blank\">Google Driveen<\/a><\/p>\n","protected":false},"excerpt":{"rendered":"<p>Google Drivea -sovellusta voi k\u00e4ytt\u00e4\u00e4 tietokoneelta, selaimelta tai mobiililaitteilta. Palveluun tarvitset google \u2013tunnukset,\u00a0 jotka Vantaan oppilaitoksissa ovat tablet \u2013laitteissa valmiina. Google Driveen<\/p>\n","protected":false},"author":3,"featured_media":0,"parent":0,"menu_order":0,"comment_status":"open","ping_status":"open","template":"subpage.php","meta":{"footnotes":"","_links_to":"","_links_to_target":""},"class_list":["post-121","page","type-page","status-publish","hentry"],"_links":{"self":[{"href":"https:\/\/www.verkkovaria.fi\/taydentavat\/psykologia\/wp-json\/wp\/v2\/pages\/121","targetHints":{"allow":["GET"]}}],"collection":[{"href":"https:\/\/www.verkkovaria.fi\/taydentavat\/psykologia\/wp-json\/wp\/v2\/pages"}],"about":[{"href":"https:\/\/www.verkkovaria.fi\/taydentavat\/psykologia\/wp-json\/wp\/v2\/types\/page"}],"author":[{"embeddable":true,"href":"https:\/\/www.verkkovaria.fi\/taydentavat\/psykologia\/wp-json\/wp\/v2\/users\/3"}],"replies":[{"embeddable":true,"href":"https:\/\/www.verkkovaria.fi\/taydentavat\/psykologia\/wp-json\/wp\/v2\/comments?post=121"}],"version-history":[{"count":4,"href":"https:\/\/www.verkkovaria.fi\/taydentavat\/psykologia\/wp-json\/wp\/v2\/pages\/121\/revisions"}],"predecessor-version":[{"id":134,"href":"https:\/\/www.verkkovaria.fi\/taydentavat\/psykologia\/wp-json\/wp\/v2\/pages\/121\/revisions\/134"}],"wp:attachment":[{"href":"https:\/\/www.verkkovaria.fi\/taydentavat\/psykologia\/wp-json\/wp\/v2\/media?parent=121"}],"curies":[{"name":"wp","href":"https:\/\/api.w.org\/{rel}","templated":true}]}}