{"id":228,"date":"2015-11-02T07:38:51","date_gmt":"2015-11-02T07:38:51","guid":{"rendered":"http:\/\/www.verkkovaria.fi\/taydentavat\/psykologia\/?page_id=228"},"modified":"2017-09-28T09:57:21","modified_gmt":"2017-09-28T09:57:21","slug":"arviointi-3","status":"publish","type":"page","link":"https:\/\/www.verkkovaria.fi\/taydentavat\/psykologia\/arviointi-3\/","title":{"rendered":"Arviointi"},"content":{"rendered":"\n<p>Psyykkinen hyvinvointi ty\u00f6el\u00e4m\u00e4ss\u00e4 -sis\u00e4lt\u00f6 arvioidaan numeerisesti asteikolla 1-3. Arviointi perustuu yhteisten tutkinnonosien psykologian arviointikriteereihin. Opintojakson 1 osp:n laajuisena suorittavat palauttavat teemojen 1 ja 2 teht\u00e4v\u00e4t ja 2 osp:n laajuisena tekev\u00e4t lis\u00e4ksi teeman 3 teht\u00e4v\u00e4t.<\/p>\n<p><img loading=\"lazy\" decoding=\"async\" src=\"http:\/\/www.verkkovaria.fi\/taydentavat\/psykologia\/wp-content\/uploads\/2015\/05\/bulb-40701_1280.pixabay.com_-300x300.png\" alt=\"(www.pixabay.com)\" width=\"300\" height=\"300\" \/><\/p>\n<p>(www.pixabay.com)<\/p>\n<p><strong>\u00a0Verkkototeutuksen\u00a0tavoitteet:<\/strong><\/p>\n<ul>\n<li>Tutustua mielen hyvinvointiin vaikuttaviiin tekij\u00f6ihin.<\/li>\n<li>Oppia tunnistamaan omia psyykkisi\u00e4 selviytymiskeinoja.<\/li>\n<li>Tutustua ty\u00f6hyvinvoinnin k\u00e4sitteeseen.<\/li>\n<li>Oppia tarkastelemaan oman alan ty\u00f6teht\u00e4vi\u00e4 psyykkisen ty\u00f6hyvinvoinnin n\u00e4k\u00f6kulmasta.<\/li>\n<\/ul>\n<p><strong>Arvioinnin kriteerit:<\/strong><\/p>\n<p><strong>Tyydytt\u00e4v\u00e4 1<\/strong><\/p>\n<ul>\n<li>opiskelija tunnistaa joitakin omaan psyykkiseen hyvinvointiinsa vaikuttavia tekij\u00f6it\u00e4<\/li>\n<li>opiskelija tunnistaa joitakin psyykkiseen ty\u00f6hyvinvointiin vaikuttavia tekij\u00f6it\u00e4 ty\u00f6paikallaan<\/li>\n<li>opiskelija on laatinut kehitt\u00e4misidean ty\u00f6hyvinvoinnin edist\u00e4miseksi (2 osp)<\/li>\n<\/ul>\n<p>&nbsp;<\/p>\n<p><strong>Hyv\u00e4 2<\/strong><\/p>\n<ul>\n<li>opiskelija tiet\u00e4\u00e4 keinoja yll\u00e4pit\u00e4\u00e4 psyykkist\u00e4 hyvinvointiaan<\/li>\n<li>opiskelija tunnistaa keskeisi\u00e4 psyykkiseen ty\u00f6hyvinvointiin vaikuttavia tekij\u00f6it\u00e4 ty\u00f6paikallaan<\/li>\n<li>opiskelija on laatinut realistisen kehitt\u00e4misidean psyykkisen ty\u00f6hyvinvoinnin edist\u00e4miseksi (2 osp)<\/li>\n<\/ul>\n<p>&nbsp;<\/p>\n<p><strong>Kiitett\u00e4v\u00e4 3<\/strong><\/p>\n<ul>\n<li>opiskelija tiedostaa omaan jaksamiseensa ja hyvinvointiin vaikuttavia psyykkisi\u00e4 tekij\u00f6it\u00e4 sek\u00e4 osaa vaikuttaa niihin jaksamistaan edist\u00e4v\u00e4ll\u00e4 tavalla<\/li>\n<li>opiskelija tunnistaa monipuolisesti psyykkiseen ty\u00f6hyvinvointiin vaikuttavia tekij\u00f6it\u00e4 ty\u00f6paikallaan<\/li>\n<li>opiskelija on laatinut realistisen, ajankohtaisen ja monipuolisen kehitt\u00e4misidean ty\u00f6hyvinvoinnin edist\u00e4miseksi (2 osp)<\/li>\n<\/ul>\n<p>&nbsp;<\/p>\n<p>Arvioinnin kohteita ovat verkkototeutuksen oppimisteht\u00e4v\u00e4t, opiskelijan itsearviointi ja mahdollisesti ty\u00f6paikkaohjaajalta saatu palaute.<\/p>\n<p>Psykologian osaamistavoitteet ja arvioinnin kriteerit l\u00f6ytyv\u00e4t Opintopolusta: <a href=\"https:\/\/eperusteet.opintopolku.fi\/#\/fi\/esitys\/612\/ops\/tutkinnonosat\/7448#osaalue4832\" target=\"_blank\">ePerusteet: Sosiaalinen ja kulttuurinen osaaminen: Psykologia.<\/a><\/p>\n<p>Palauta i<a href=\"http:\/\/www.verkkovaria.fi\/taydentavat\/psykologia\/wp-content\/uploads\/2015\/09\/Itsearviointitesti.docx\" rel=\"\">tsearviointitesti <\/a>opintojakson p\u00e4\u00e4ttyess\u00e4 Fronter- huoneen Psyykkinen hyvinvointi ty\u00f6el\u00e4m\u00e4ss\u00e4 palautuskansioon.<\/p>\n","protected":false},"excerpt":{"rendered":"<p>Psyykkinen hyvinvointi ty\u00f6el\u00e4m\u00e4ss\u00e4 -sis\u00e4lt\u00f6 arvioidaan numeerisesti asteikolla 1-3. Arviointi perustuu yhteisten tutkinnonosien psykologian arviointikriteereihin. Opintojakson 1 osp:n laajuisena suorittavat palauttavat teemojen 1 ja 2 teht\u00e4v\u00e4t ja 2 osp:n laajuisena tekev\u00e4t lis\u00e4ksi teeman 3 teht\u00e4v\u00e4t. (www.pixabay.com) \u00a0Verkkototeutuksen\u00a0tavoitteet: Tutustua mielen hyvinvointiin vaikuttaviiin tekij\u00f6ihin. Oppia tunnistamaan omia psyykkisi\u00e4 selviytymiskeinoja. Tutustua ty\u00f6hyvinvoinnin k\u00e4sitteeseen. Oppia tarkastelemaan oman alan ty\u00f6teht\u00e4vi\u00e4 psyykkisen &hellip; <a href=\"https:\/\/www.verkkovaria.fi\/taydentavat\/psykologia\/arviointi-3\/\">Continued<\/a><\/p>\n","protected":false},"author":2,"featured_media":0,"parent":0,"menu_order":0,"comment_status":"closed","ping_status":"closed","template":"","meta":{"footnotes":"","_links_to":"","_links_to_target":""},"class_list":["post-228","page","type-page","status-publish","hentry"],"_links":{"self":[{"href":"https:\/\/www.verkkovaria.fi\/taydentavat\/psykologia\/wp-json\/wp\/v2\/pages\/228","targetHints":{"allow":["GET"]}}],"collection":[{"href":"https:\/\/www.verkkovaria.fi\/taydentavat\/psykologia\/wp-json\/wp\/v2\/pages"}],"about":[{"href":"https:\/\/www.verkkovaria.fi\/taydentavat\/psykologia\/wp-json\/wp\/v2\/types\/page"}],"author":[{"embeddable":true,"href":"https:\/\/www.verkkovaria.fi\/taydentavat\/psykologia\/wp-json\/wp\/v2\/users\/2"}],"replies":[{"embeddable":true,"href":"https:\/\/www.verkkovaria.fi\/taydentavat\/psykologia\/wp-json\/wp\/v2\/comments?post=228"}],"version-history":[{"count":12,"href":"https:\/\/www.verkkovaria.fi\/taydentavat\/psykologia\/wp-json\/wp\/v2\/pages\/228\/revisions"}],"predecessor-version":[{"id":291,"href":"https:\/\/www.verkkovaria.fi\/taydentavat\/psykologia\/wp-json\/wp\/v2\/pages\/228\/revisions\/291"}],"wp:attachment":[{"href":"https:\/\/www.verkkovaria.fi\/taydentavat\/psykologia\/wp-json\/wp\/v2\/media?parent=228"}],"curies":[{"name":"wp","href":"https:\/\/api.w.org\/{rel}","templated":true}]}}