{"id":24,"date":"2015-04-30T08:26:03","date_gmt":"2015-04-30T08:26:03","guid":{"rendered":"http:\/\/www.verkkovaria.fi\/taydentavat\/psykologia\/?page_id=24"},"modified":"2016-06-28T09:04:33","modified_gmt":"2016-06-28T09:04:33","slug":"opettajalle","status":"publish","type":"page","link":"https:\/\/www.verkkovaria.fi\/taydentavat\/psykologia\/opettajalle\/","title":{"rendered":"OPETTAJALLE"},"content":{"rendered":"<p>Psyykkinen hyvinvointi ty\u00f6el\u00e4m\u00e4ss\u00e4 -verkkototeutuksen tavoitteena on perehdytt\u00e4\u00e4 opiskelija hyvinvoinnin k\u00e4sitteisiin ja ty\u00f6hyvinvoinnin eri osa-alueisiin. T\u00e4rke\u00e4\u00e4 ovat opiskelijan omat ajatukset, dokumentointi ja reflektointi. Olennaista on lis\u00e4ksi kannustaa opiskelijaa huomaamaan pienetkin tai itsest\u00e4 mit\u00e4tt\u00f6milt\u00e4 tuntuvat ty\u00f6ss\u00e4oppimispaikalla tapahtuvat stressi-\/kuormitustekij\u00e4t ja l\u00f6yt\u00e4m\u00e4\u00e4n syyt, miten opiskelija voisi omalta osaltaan v\u00e4hent\u00e4\u00e4 psyykkist\u00e4 kuormitusta. Ty\u00f6ss\u00e4oppimisjakson ei kuuluisi olla kenenk\u00e4\u00e4n opiskelijan kohdalla vaikeaa tai haasteellista, vaan p\u00e4invastaisesti el\u00e4m\u00e4niloa ja tulevaisuudenuskoa lis\u00e4\u00e4v\u00e4\u00e4 aikaa.<\/p>\n<p>Verkkototeutuksen teht\u00e4v\u00e4t suoritetaan ty\u00f6ss\u00e4oppimisjakson aikana, mieluiten toisena tai kolmantena opiskeluvuotena. Teht\u00e4v\u00e4t on suunniteltu siten ett\u00e4 sis\u00e4lt\u00f6 on mahdollista suorittaa p\u00e4\u00e4osin itsen\u00e4isesti. Opiskelija saa tarvittaessa opettajan ohjausta.<\/p>\n<p>Teemojen 1 ja 2 teht\u00e4v\u00e4t ovat yhteens\u00e4 yhden (1) osaamispisteen laajuisia. Teeman 3 teht\u00e4v\u00e4t yhdistettyn\u00e4 edellisiin tekee sis\u00e4ll\u00f6st\u00e4 kahden (2) osaamispisteen laajuisen. Ty\u00f6ss\u00e4oppimisen lopuksi t\u00e4ytet\u00e4\u00e4n lis\u00e4ksi itsearviointitesti, joka palautetaan opettajalle. Verkkototeutus arvioidaan asteikolla 1-3. Lis\u00e4tietoja arvioinnista l\u00f6ytyy Arviointiohjeet -kohdasta.<\/p>\n<p>Ennen ty\u00f6ss\u00e4oppimisjakson alkua opettajan on hyv\u00e4 pit\u00e4\u00e4 yhteinen aloitustilaisuus, jossa h\u00e4n esittelee Verkkovarian sivuilta l\u00f6ytyv\u00e4n toteutuksen teht\u00e4vineen, varmistaa opiskelijoiden Gmail-tunnukset salasanoineen, ohjaa blogin k\u00e4yt\u00f6ss\u00e4, luo Fronteriin tai muuhun valittuun oppimisalustaan palautuskansiot sek\u00e4 ker\u00e4\u00e4 osallistujien ja ty\u00f6ss\u00e4oppimispaikkojen yhteystiedot. Opettaja antaa lis\u00e4ksi omat yhteystietonsa opiskelijoille. Alkutapaaminen on suositeltavaa ja siihen kannattaa varata riitt\u00e4v\u00e4sti aikaa.<\/p>\n","protected":false},"excerpt":{"rendered":"<p>Psyykkinen hyvinvointi ty\u00f6el\u00e4m\u00e4ss\u00e4 -verkkototeutuksen tavoitteena on perehdytt\u00e4\u00e4 opiskelija hyvinvoinnin k\u00e4sitteisiin ja ty\u00f6hyvinvoinnin eri osa-alueisiin. T\u00e4rke\u00e4\u00e4 ovat opiskelijan omat ajatukset, dokumentointi ja reflektointi. Olennaista on lis\u00e4ksi kannustaa opiskelijaa huomaamaan pienetkin tai itsest\u00e4 mit\u00e4tt\u00f6milt\u00e4 tuntuvat ty\u00f6ss\u00e4oppimispaikalla tapahtuvat stressi-\/kuormitustekij\u00e4t ja l\u00f6yt\u00e4m\u00e4\u00e4n syyt, miten opiskelija voisi omalta osaltaan v\u00e4hent\u00e4\u00e4 psyykkist\u00e4 kuormitusta. Ty\u00f6ss\u00e4oppimisjakson ei kuuluisi olla kenenk\u00e4\u00e4n opiskelijan kohdalla vaikeaa &hellip; <a href=\"https:\/\/www.verkkovaria.fi\/taydentavat\/psykologia\/opettajalle\/\">Continued<\/a><\/p>\n","protected":false},"author":2,"featured_media":0,"parent":0,"menu_order":2,"comment_status":"open","ping_status":"open","template":"","meta":{"footnotes":"","_links_to":"","_links_to_target":""},"class_list":["post-24","page","type-page","status-publish","hentry"],"_links":{"self":[{"href":"https:\/\/www.verkkovaria.fi\/taydentavat\/psykologia\/wp-json\/wp\/v2\/pages\/24","targetHints":{"allow":["GET"]}}],"collection":[{"href":"https:\/\/www.verkkovaria.fi\/taydentavat\/psykologia\/wp-json\/wp\/v2\/pages"}],"about":[{"href":"https:\/\/www.verkkovaria.fi\/taydentavat\/psykologia\/wp-json\/wp\/v2\/types\/page"}],"author":[{"embeddable":true,"href":"https:\/\/www.verkkovaria.fi\/taydentavat\/psykologia\/wp-json\/wp\/v2\/users\/2"}],"replies":[{"embeddable":true,"href":"https:\/\/www.verkkovaria.fi\/taydentavat\/psykologia\/wp-json\/wp\/v2\/comments?post=24"}],"version-history":[{"count":8,"href":"https:\/\/www.verkkovaria.fi\/taydentavat\/psykologia\/wp-json\/wp\/v2\/pages\/24\/revisions"}],"predecessor-version":[{"id":296,"href":"https:\/\/www.verkkovaria.fi\/taydentavat\/psykologia\/wp-json\/wp\/v2\/pages\/24\/revisions\/296"}],"wp:attachment":[{"href":"https:\/\/www.verkkovaria.fi\/taydentavat\/psykologia\/wp-json\/wp\/v2\/media?parent=24"}],"curies":[{"name":"wp","href":"https:\/\/api.w.org\/{rel}","templated":true}]}}