{"id":78,"date":"2015-05-27T09:00:16","date_gmt":"2015-05-27T09:00:16","guid":{"rendered":"http:\/\/www.verkkovaria.fi\/taydentavat\/psykologia\/?page_id=78"},"modified":"2015-12-04T09:01:19","modified_gmt":"2015-12-04T09:01:19","slug":"3-1-kehittamisidea","status":"publish","type":"page","link":"https:\/\/www.verkkovaria.fi\/taydentavat\/psykologia\/opiskelijalle\/aloitus\/3-1-kehittamisidea\/","title":{"rendered":"3.1 Kehitt\u00e4misidea"},"content":{"rendered":"<p><strong>Valitse joku psyykkist\u00e4 ty\u00f6hyvinvointia uhkaavista tekij\u00f6ist\u00e4<\/strong> (katso edellinen teht\u00e4v\u00e4)<strong> ja suunnittele kehitt\u00e4misidea<\/strong>, jolla tilannetta voidaan parantaa ty\u00f6ss\u00e4oppimispaikallasi.<\/p>\n<p>Voit tehd\u00e4 t\u00e4m\u00e4n teht\u00e4v\u00e4n halutessasi my\u00f6s 2-3 henkil\u00f6n ryhm\u00e4ty\u00f6n\u00e4 samaan aikaan ty\u00f6ss\u00e4oppimassa olevien kanssa.<\/p>\n<p>T\u00e4m\u00e4 teht\u00e4v\u00e4 palautetaan blogiin, joten muista vaitiolovelvollisuus \u00e4l\u00e4k\u00e4 mainitse ty\u00f6ss\u00e4oppimispaikkaasi tai ty\u00f6kavereidesi\/asiakkaiden nimi\u00e4. \u00c4l\u00e4 my\u00f6sk\u00e4\u00e4n kuvaa ty\u00f6ss\u00e4oppimispaikkaa niin yksityiskohtaisesti, ett\u00e4 se on tunnistettavissa.<\/p>\n<p>a) <strong>Kerro <a href=\"http:\/\/psyykkinentyohyvinvointi.blogspot.fi\/\" target=\"_blank\">blogin <\/a>kommenttikent\u00e4ss\u00e4 kehitt\u00e4misideastasi<\/strong> alla olevien kysymysten avulla. Voit esitell\u00e4 kehitt\u00e4misideasi kirjoitetulla raportilla, kuvien, videoiden, miellekartan tms. avulla. Jos raportti on muussa muodossa kuin tekstin\u00e4, palauta se linkin avulla.<\/p>\n<p>&#8211; Mik\u00e4 on ongelma?<br \/>&#8211; Miten se vaikuttaa hyvinvointiin?<br \/>&#8211; Miten tilannetta voitaisiin muuttaa?<br \/>&#8211; Ketk\u00e4 olisivat mukana? Mit\u00e4 esimies voisi tehd\u00e4 toisin? Mit\u00e4 ty\u00f6ntekij\u00e4t voisivat tehd\u00e4 toisin?<br \/>&#8211; Mit\u00e4 muutoksia se vaatisi ty\u00f6teht\u00e4viss\u00e4 tai ty\u00f6tiloissa?<br \/>&#8211; Miss\u00e4 aikataulussa muutos olisi mahdollista tehd\u00e4?<br \/>&#8211; Miten voidaan innostaa muutokseen?<br \/>&#8211; Miten muutos saataisiin pysyv\u00e4ksi?<br \/>&#8211; Mit\u00e4 muita asioita muutoksessa pit\u00e4isi huomioida?<\/p>\n<p>b)<strong> Esittele kehitt\u00e4misideasi ty\u00f6paikallasi<\/strong> ty\u00f6paikkaohjaajallesi \/ ty\u00f6kavereillesi \/ esimiehellesi ja kirjoita blogiin kehitt\u00e4misidean esittelyn p\u00e4\u00e4tteeksi saamastasi palautteesta.<\/p>\n<p>c) <strong>Lue muiden opiskelijoiden kehitt\u00e4misideat<\/strong> <a href=\"http:\/\/psyykkinentyohyvinvointi.blogspot.fi\/\" target=\"_blank\">blogista<\/a> ja <strong>kommentoi kahta<\/strong> ideaa perustellen vastauksesi. Kerro, mik\u00e4 kehitt\u00e4misideassa oli mielest\u00e4si hyv\u00e4\u00e4 ja tekisitk\u00f6 mahdollisesti jotain eri tavalla.<\/p>\n<p>Toivottavasti ideasi saadaan my\u00f6s toteutetuksi.<\/p>\n","protected":false},"excerpt":{"rendered":"<p>Valitse joku psyykkist\u00e4 ty\u00f6hyvinvointia uhkaavista tekij\u00f6ist\u00e4 (katso edellinen teht\u00e4v\u00e4) ja suunnittele kehitt\u00e4misidea, jolla tilannetta voidaan parantaa ty\u00f6ss\u00e4oppimispaikallasi. Voit tehd\u00e4 t\u00e4m\u00e4n teht\u00e4v\u00e4n halutessasi my\u00f6s 2-3 henkil\u00f6n ryhm\u00e4ty\u00f6n\u00e4 samaan aikaan ty\u00f6ss\u00e4oppimassa olevien kanssa. T\u00e4m\u00e4 teht\u00e4v\u00e4 palautetaan blogiin, joten muista vaitiolovelvollisuus \u00e4l\u00e4k\u00e4 mainitse ty\u00f6ss\u00e4oppimispaikkaasi tai ty\u00f6kavereidesi\/asiakkaiden nimi\u00e4. \u00c4l\u00e4 my\u00f6sk\u00e4\u00e4n kuvaa ty\u00f6ss\u00e4oppimispaikkaa niin yksityiskohtaisesti, ett\u00e4 se on tunnistettavissa. a) &hellip; <a href=\"https:\/\/www.verkkovaria.fi\/taydentavat\/psykologia\/opiskelijalle\/aloitus\/3-1-kehittamisidea\/\">Continued<\/a><\/p>\n","protected":false},"author":2,"featured_media":0,"parent":11,"menu_order":0,"comment_status":"open","ping_status":"open","template":"","meta":{"footnotes":"","_links_to":"","_links_to_target":""},"class_list":["post-78","page","type-page","status-publish","hentry"],"_links":{"self":[{"href":"https:\/\/www.verkkovaria.fi\/taydentavat\/psykologia\/wp-json\/wp\/v2\/pages\/78","targetHints":{"allow":["GET"]}}],"collection":[{"href":"https:\/\/www.verkkovaria.fi\/taydentavat\/psykologia\/wp-json\/wp\/v2\/pages"}],"about":[{"href":"https:\/\/www.verkkovaria.fi\/taydentavat\/psykologia\/wp-json\/wp\/v2\/types\/page"}],"author":[{"embeddable":true,"href":"https:\/\/www.verkkovaria.fi\/taydentavat\/psykologia\/wp-json\/wp\/v2\/users\/2"}],"replies":[{"embeddable":true,"href":"https:\/\/www.verkkovaria.fi\/taydentavat\/psykologia\/wp-json\/wp\/v2\/comments?post=78"}],"version-history":[{"count":8,"href":"https:\/\/www.verkkovaria.fi\/taydentavat\/psykologia\/wp-json\/wp\/v2\/pages\/78\/revisions"}],"predecessor-version":[{"id":254,"href":"https:\/\/www.verkkovaria.fi\/taydentavat\/psykologia\/wp-json\/wp\/v2\/pages\/78\/revisions\/254"}],"up":[{"embeddable":true,"href":"https:\/\/www.verkkovaria.fi\/taydentavat\/psykologia\/wp-json\/wp\/v2\/pages\/11"}],"wp:attachment":[{"href":"https:\/\/www.verkkovaria.fi\/taydentavat\/psykologia\/wp-json\/wp\/v2\/media?parent=78"}],"curies":[{"name":"wp","href":"https:\/\/api.w.org\/{rel}","templated":true}]}}