{"id":8,"date":"2015-03-04T08:05:03","date_gmt":"2015-03-04T08:05:03","guid":{"rendered":"http:\/\/www.verkkovaria.fi\/taydentavat\/psykologia\/?page_id=8"},"modified":"2016-10-12T07:44:57","modified_gmt":"2016-10-12T07:44:57","slug":"ohjeet","status":"publish","type":"page","link":"https:\/\/www.verkkovaria.fi\/taydentavat\/psykologia\/opiskelijalle\/ohjeet\/","title":{"rendered":"Opiskeluprosessi"},"content":{"rendered":"<p>N\u00e4m\u00e4 psykologian verkko-opinnot on tarkoitettu kaikille Varian opiskelijoille. Psyykkinen hyvinvointi ty\u00f6el\u00e4m\u00e4ss\u00e4 kuuluu yhteisiin tutkinnonosiin (Sosiaalinen ja kulttuurinen osaaminen \/ Psykologia).\u00a0 Opintojakson laajuus on 1-2 osp ja se arvioidaan asteikolla 1-3.<\/p>\n<p>Verkkototeutus\u00a0on tarkoitus opiskella ty\u00f6ss\u00e4oppimispaikalla. Sis\u00e4ll\u00f6ss\u00e4 k\u00e4sitell\u00e4\u00e4n seuraavia teemoja:<\/p>\n<ol>\n<li>Oma psyykkinen hyvinvointi<\/li>\n<li>Psyykkinen ty\u00f6hyvinvointi<\/li>\n<li>Psyykkisen ty\u00f6hyvinvoinnin kehitt\u00e4minen<\/li>\n<\/ol>\n<p>Jos haluat suorittaa t\u00e4m\u00e4n verkkototeutuksen 1 osp:n laajuisena, tee teemoihin 1 ja 2 liittyv\u00e4t teht\u00e4v\u00e4t.<\/p>\n<p>Jos haluat tehd\u00e4 verkkototeutuksen 2 osp:n laajuisena, tee my\u00f6s teeman 3 teht\u00e4v\u00e4t.<\/p>\n<p><img loading=\"lazy\" decoding=\"async\" src=\"http:\/\/www.verkkovaria.fi\/taydentavat\/psykologia\/wp-content\/uploads\/2015\/05\/tree-402953_1280.pixabay.com_-300x198.jpg\" alt=\"(www.pixabay.com)\" width=\"300\" height=\"198\" \/><\/p>\n<p>(www.pixabay.com)<\/p>\n<p><strong>ETENEMINEN<\/strong><\/p>\n<p><strong>Alkutapaaminen<\/strong><\/p>\n<p>Verkkototeutuksen\u00a0alussa on alkutapaaminen opettajan ja opiskelijoiden kesken. Tapaamisessa annetaan ohjeet verkkototeutuksen opiskeluun. Alkutapaamisessa my\u00f6s tutustutaan blogin k\u00e4ytt\u00f6\u00f6n opetuksessa ja luodaan siihen tarvittavat Gmail-tunnukset ja tarkistetaan somelupa. Tapaamisessa luodaan my\u00f6s palautuskansiot Fronteriin tai muulle valitulle oppimisalustalle sinne palautettaville teht\u00e4ville.\u00a0 Opiskelijoille annetaan opettajan yhteystiedot ja opettajalle ty\u00f6paikan ja opiskelijan tiedot. Tapaamisessa voidaan my\u00f6s sopia pienryhmist\u00e4 kehitt\u00e4misteht\u00e4v\u00e4n tekemiseksi. Alkutapaaminen ei ole v\u00e4ltt\u00e4m\u00e4t\u00f6n, mutta se on suositeltava.<\/p>\n<p><strong>Ty\u00f6ss\u00e4oppimisen aikana<\/strong><\/p>\n<p>Teeman 1 teht\u00e4v\u00e4t tehd\u00e4\u00e4n heti ty\u00f6ss\u00e4oppimisjakson alussa.<\/p>\n<p>Teeman 2 teht\u00e4v\u00e4 kannattaa tehd\u00e4 vasta kun ty\u00f6paikka on tullut tutuksi.<\/p>\n<p>Teeman 3 teht\u00e4v\u00e4 on tarkoitus tehd\u00e4 ty\u00f6ss\u00e4oppimisjakson lopulla. (Teema 3 tehd\u00e4\u00e4n, jos suorittaa opinnot 2 osp:n laajuisena.)<\/p>\n<p>Opiskelun p\u00e4\u00e4tteeksi t\u00e4ytet\u00e4\u00e4n viel\u00e4 itsearviointilomake, joka palautetaan opettajalle.<\/p>\n<p>Verkkototeutusta ohjaava opettaja ohjaa ja neuvoo teht\u00e4vien tekemisess\u00e4 tarvittaessa.<\/p>\n<p>Toivomme sinulta antoisaa ja hyvinvointiasi lis\u00e4\u00e4v\u00e4\u00e4 ty\u00f6ss\u00e4oppimisjaksoa!<\/p>\n<p><strong>YHTEYSTIEDOT<\/strong><\/p>\n<p>Verkkototeutuksen opettajat:<\/p>\n<p>Marianne M\u00f6ls\u00e4 (marianne.molsa@eduvantaa.fi) p. 050 312 1886<\/p>\n<p>Maija Knutti (maija.knutti@eduvantaa.fi) p. 040 503 4770<\/p>\n<p>Ota yhteys opinto-ohjaajaan tai ryhm\u00e4nohjaajaan, jos et tavoita opettajia.<\/p>\n","protected":false},"excerpt":{"rendered":"<p>N\u00e4m\u00e4 psykologian verkko-opinnot on tarkoitettu kaikille Varian opiskelijoille. Psyykkinen hyvinvointi ty\u00f6el\u00e4m\u00e4ss\u00e4 kuuluu yhteisiin tutkinnonosiin (Sosiaalinen ja kulttuurinen osaaminen \/ Psykologia).\u00a0 Opintojakson laajuus on 1-2 osp ja se arvioidaan asteikolla 1-3. Verkkototeutus\u00a0on tarkoitus opiskella ty\u00f6ss\u00e4oppimispaikalla. Sis\u00e4ll\u00f6ss\u00e4 k\u00e4sitell\u00e4\u00e4n seuraavia teemoja: Oma psyykkinen hyvinvointi Psyykkinen ty\u00f6hyvinvointi Psyykkisen ty\u00f6hyvinvoinnin kehitt\u00e4minen Jos haluat suorittaa t\u00e4m\u00e4n verkkototeutuksen 1 osp:n laajuisena, tee &hellip; <a href=\"https:\/\/www.verkkovaria.fi\/taydentavat\/psykologia\/opiskelijalle\/ohjeet\/\">Continued<\/a><\/p>\n","protected":false},"author":1,"featured_media":0,"parent":6,"menu_order":0,"comment_status":"open","ping_status":"open","template":"","meta":{"footnotes":"","_links_to":"","_links_to_target":""},"class_list":["post-8","page","type-page","status-publish","hentry"],"_links":{"self":[{"href":"https:\/\/www.verkkovaria.fi\/taydentavat\/psykologia\/wp-json\/wp\/v2\/pages\/8","targetHints":{"allow":["GET"]}}],"collection":[{"href":"https:\/\/www.verkkovaria.fi\/taydentavat\/psykologia\/wp-json\/wp\/v2\/pages"}],"about":[{"href":"https:\/\/www.verkkovaria.fi\/taydentavat\/psykologia\/wp-json\/wp\/v2\/types\/page"}],"author":[{"embeddable":true,"href":"https:\/\/www.verkkovaria.fi\/taydentavat\/psykologia\/wp-json\/wp\/v2\/users\/1"}],"replies":[{"embeddable":true,"href":"https:\/\/www.verkkovaria.fi\/taydentavat\/psykologia\/wp-json\/wp\/v2\/comments?post=8"}],"version-history":[{"count":26,"href":"https:\/\/www.verkkovaria.fi\/taydentavat\/psykologia\/wp-json\/wp\/v2\/pages\/8\/revisions"}],"predecessor-version":[{"id":300,"href":"https:\/\/www.verkkovaria.fi\/taydentavat\/psykologia\/wp-json\/wp\/v2\/pages\/8\/revisions\/300"}],"up":[{"embeddable":true,"href":"https:\/\/www.verkkovaria.fi\/taydentavat\/psykologia\/wp-json\/wp\/v2\/pages\/6"}],"wp:attachment":[{"href":"https:\/\/www.verkkovaria.fi\/taydentavat\/psykologia\/wp-json\/wp\/v2\/media?parent=8"}],"curies":[{"name":"wp","href":"https:\/\/api.w.org\/{rel}","templated":true}]}}