{"id":132,"date":"2015-05-26T15:51:37","date_gmt":"2015-05-26T13:51:37","guid":{"rendered":"http:\/\/www.verkkovaria.fi\/tekniikka\/teknisenpiirustuksenperusteet\/?page_id=132"},"modified":"2016-06-16T14:14:37","modified_gmt":"2016-06-16T12:14:37","slug":"1-viikko","status":"publish","type":"page","link":"https:\/\/www.verkkovaria.fi\/tekniikka\/teknisenpiirustuksenperusteet\/?page_id=132","title":{"rendered":"1. Viikko"},"content":{"rendered":"<p><strong>Aloitus (2 &#8211; 4h)<\/strong><\/p>\n<ul>\n<li>Esitt\u00e4ydyt\u00e4\u00e4n ja kirjataan opiskelijat toteutuksen osallistujiksi, mik\u00e4li ilmoittautuminen ei ole onnistunut.<\/li>\n<li>K\u00e4yd\u00e4\u00e4n l\u00e4pi tarvittavat ty\u00f6kalut ja sovitaan k\u00e4ytett\u00e4v\u00e4t ohjelmistot.<\/li>\n<li>Sovitaan harjoitust\u00f6iden palautustavat ja -aikataulut.<\/li>\n<li>Sovitaan verkko-ohjausajat sek\u00e4 k\u00e4yd\u00e4\u00e4n l\u00e4pi harjoitusty\u00f6t ja niiden ohjeistukset.<\/li>\n<li>Luodaan tarvittavat tunnukset, jos niit\u00e4 tarvitaan ja tarpeen mukaan k\u00e4yd\u00e4\u00e4n l\u00e4pi tarvittavia ty\u00f6kaluja.<\/li>\n<li>Perustetaan blogit ja lis\u00e4t\u00e4\u00e4n opiskelijoiden blogien linkit Teknisen piirustuksen perusteet -em\u00e4blogiin.<\/li>\n<li>Sovitaan aikataulut verkko-ohjausajoille ja katsotaan ressuvariasta ajankohdat ja luokat, jolloin harjoituksia voi halutessaan saapua tekem\u00e4\u00e4n oppilaitoksen ATK-luokkaan.<\/li>\n<\/ul>\n<p>\u00a0<\/p>\n<p><strong>1. viikko<\/strong><\/p>\n<ul>\n<li>Lataa ja asenna omalle kotitietokoneelle tarvittavat ohjelmistot.<\/li>\n<li>Opiskele omatoimisesti k\u00e4ytett\u00e4v\u00e4ksi sovitun 3D- suunnitteluohjelmiston k\u00e4ytt\u00f6\u00e4 ohjelmiston omien opastusohjeiden (tutorials) avulla tai etsim\u00e4ll\u00e4 tarvitsemasi tiedot ja taidot muista l\u00e4hteist\u00e4.<\/li>\n<li>K\u00e4y l\u00e4pi ainakin luonnostelu-\u00a0ja mallin teko-ohjeet (Sketch, Part) sek\u00e4 pid\u00e4 n\u00e4iden pohjalta blogia siten, ett\u00e4 otat ainakin yhden kuvakaappauksen (screenshot) opastusohjesarjasta, liit\u00e4t sen blogiin ja kuvaat\u00a0mit\u00e4 kuvassa ollaan tekem\u00e4ss\u00e4 ja miksi halusit nostaa juuri t\u00e4m\u00e4n kohdan esille.<\/li>\n<li>K\u00e4y kommentoimassa ainakin yhden muun opiskelijan blogia.\u00a0<\/li>\n<\/ul>\n","protected":false},"excerpt":{"rendered":"<p>Aloitus (2 &#8211; 4h) Esitt\u00e4ydyt\u00e4\u00e4n ja kirjataan opiskelijat toteutuksen osallistujiksi, mik\u00e4li ilmoittautuminen ei ole onnistunut. K\u00e4yd\u00e4\u00e4n l\u00e4pi tarvittavat ty\u00f6kalut ja sovitaan k\u00e4ytett\u00e4v\u00e4t ohjelmistot. Sovitaan harjoitust\u00f6iden palautustavat ja -aikataulut. Sovitaan verkko-ohjausajat sek\u00e4 k\u00e4yd\u00e4\u00e4n l\u00e4pi harjoitusty\u00f6t ja niiden ohjeistukset. Luodaan tarvittavat tunnukset, jos niit\u00e4 tarvitaan ja tarpeen mukaan k\u00e4yd\u00e4\u00e4n l\u00e4pi tarvittavia ty\u00f6kaluja. Perustetaan blogit ja lis\u00e4t\u00e4\u00e4n opiskelijoiden &hellip; <a href=\"https:\/\/www.verkkovaria.fi\/tekniikka\/teknisenpiirustuksenperusteet\/?page_id=132\">Continued<\/a><\/p>\n","protected":false},"author":1,"featured_media":0,"parent":0,"menu_order":0,"comment_status":"open","ping_status":"open","template":"","meta":{"footnotes":"","_links_to":"","_links_to_target":""},"class_list":["post-132","page","type-page","status-publish","hentry"],"_links":{"self":[{"href":"https:\/\/www.verkkovaria.fi\/tekniikka\/teknisenpiirustuksenperusteet\/index.php?rest_route=\/wp\/v2\/pages\/132","targetHints":{"allow":["GET"]}}],"collection":[{"href":"https:\/\/www.verkkovaria.fi\/tekniikka\/teknisenpiirustuksenperusteet\/index.php?rest_route=\/wp\/v2\/pages"}],"about":[{"href":"https:\/\/www.verkkovaria.fi\/tekniikka\/teknisenpiirustuksenperusteet\/index.php?rest_route=\/wp\/v2\/types\/page"}],"author":[{"embeddable":true,"href":"https:\/\/www.verkkovaria.fi\/tekniikka\/teknisenpiirustuksenperusteet\/index.php?rest_route=\/wp\/v2\/users\/1"}],"replies":[{"embeddable":true,"href":"https:\/\/www.verkkovaria.fi\/tekniikka\/teknisenpiirustuksenperusteet\/index.php?rest_route=%2Fwp%2Fv2%2Fcomments&post=132"}],"version-history":[{"count":16,"href":"https:\/\/www.verkkovaria.fi\/tekniikka\/teknisenpiirustuksenperusteet\/index.php?rest_route=\/wp\/v2\/pages\/132\/revisions"}],"predecessor-version":[{"id":427,"href":"https:\/\/www.verkkovaria.fi\/tekniikka\/teknisenpiirustuksenperusteet\/index.php?rest_route=\/wp\/v2\/pages\/132\/revisions\/427"}],"wp:attachment":[{"href":"https:\/\/www.verkkovaria.fi\/tekniikka\/teknisenpiirustuksenperusteet\/index.php?rest_route=%2Fwp%2Fv2%2Fmedia&parent=132"}],"curies":[{"name":"wp","href":"https:\/\/api.w.org\/{rel}","templated":true}]}}