{"id":138,"date":"2015-05-26T15:52:07","date_gmt":"2015-05-26T13:52:07","guid":{"rendered":"http:\/\/www.verkkovaria.fi\/tekniikka\/teknisenpiirustuksenperusteet\/?page_id=138"},"modified":"2016-04-04T13:01:50","modified_gmt":"2016-04-04T11:01:50","slug":"3-viikko","status":"publish","type":"page","link":"https:\/\/www.verkkovaria.fi\/tekniikka\/teknisenpiirustuksenperusteet\/?page_id=138","title":{"rendered":"3. Viikko"},"content":{"rendered":"<p><strong>3. viikon asiat<\/strong><\/p>\n<p>Voit jatkaa suunnitteluohjelmiston muiden opastusohjeiden l\u00e4pik\u00e4ymist\u00e4 mik\u00e4li koet sen kiinnostavaksi tai tarpeelliseksi. Verkkototeutuksen suorittamisen n\u00e4k\u00f6kulmasta pidemm\u00e4lle etenevien opastusohjeiden l\u00e4pik\u00e4ynti ei ole v\u00e4ltt\u00e4m\u00e4t\u00f6nt\u00e4, mutta insin\u00f6\u00f6riopintoja suunnitteleville opiskelijoille se olisi kuitenkin suositeltavaa.<\/p>\n<p>Suunnitteluhaaste 1:<\/p>\n<p>Nostokoukku &#8211; osien mallinnus<br \/> Mallinna nostokoukun osat soveltaen aikaisemmin oppimiasi asioita.<\/p>\n<p>Lataa nostokoukun ja sen osien piirustukset <a href=\"https:\/\/drive.google.com\/file\/d\/0Bxs9opQ60S8fbXU3NjhiNXFMclE\/view?usp=sharing\" target=\"_blank\">t\u00e4\u00e4lt\u00e4.<\/a><\/p>\n<p>Nostokoukun osien mallintamisen voi halutessaan\u00a0tehd\u00e4 parin kanssa tai pieness\u00e4 ryhm\u00e4ss\u00e4. T\u00e4llainen ty\u00f6skentelytapa olisi jopa suotavaa, sill\u00e4 silloin\u00a0oppii eri tapoja mallintaa asioita.<\/p>\n<p>Ennen mallinnuksen aloittamista kannattaa suunnitteluohjelmassa luoda uusi projekti ja antaa sille nimeksi Nostokoukku. Projektin perustaminen auttaa pit\u00e4m\u00e4\u00e4n tiedostot j\u00e4rjestyksess\u00e4, sill\u00e4 suunnitteluohjelmisto luo projektihakemiston nimelt\u00e4 Nostokoukku, jonne se oletuksena tallentaa kaikki tekem\u00e4si mallit. Kyseinen hakemisto toimii my\u00f6s oletuskansiona haettaessa ja avattaessa tiedostoja.\u00a0<\/p>\n<p>Kirjaa mallien tekovaiheet blogiisi kuvankaappausten kanssa (2 kuvaa + tekstit\/mallinnettu osa) ja muista k\u00e4yd\u00e4 kommentoimassa muiden opiskelijoiden blogeja. Mik\u00e4li p\u00e4\u00e4titte toteuttaa mallien tekemisen pari- tai ryhm\u00e4ty\u00f6n\u00e4, kirjaa blogiisi suunnitteluryhm\u00e4n henkil\u00f6t sek\u00e4 kuvan\/kuvien kuvauksiin kuka osan on mallintanut ja miksi halusit nostaa esille juuri n\u00e4m\u00e4 asiat h\u00e4nen mallintamastaan osasta. Oliko h\u00e4n k\u00e4ytt\u00e4nyt jotain erilaista\/parempaa\/huonompaa tekniikkaa osan mallintamisessa? Mit\u00e4? Miten itse olisit tehnyt osan?<\/p>\n<figure id=\"attachment_256\" aria-describedby=\"caption-attachment-256\" style=\"width: 248px\" class=\"wp-caption alignright\"><img loading=\"lazy\" decoding=\"async\" src=\"http:\/\/www.verkkovaria.fi\/tekniikka\/teknisenpiirustuksenperusteet\/wp-content\/uploads\/2015\/05\/nostokoukku-248x300.png\" alt=\"nostokoukku\" width=\"248\" height=\"300\" \/><figcaption id=\"caption-attachment-256\" class=\"wp-caption-text\">Nostokoukku &#8211; J. Saari 2015<\/figcaption><\/figure>\n","protected":false},"excerpt":{"rendered":"<p>3. viikon asiat Voit jatkaa suunnitteluohjelmiston muiden opastusohjeiden l\u00e4pik\u00e4ymist\u00e4 mik\u00e4li koet sen kiinnostavaksi tai tarpeelliseksi. Verkkototeutuksen suorittamisen n\u00e4k\u00f6kulmasta pidemm\u00e4lle etenevien opastusohjeiden l\u00e4pik\u00e4ynti ei ole v\u00e4ltt\u00e4m\u00e4t\u00f6nt\u00e4, mutta insin\u00f6\u00f6riopintoja suunnitteleville opiskelijoille se olisi kuitenkin suositeltavaa. Suunnitteluhaaste 1: Nostokoukku &#8211; osien mallinnus Mallinna nostokoukun osat soveltaen aikaisemmin oppimiasi asioita. Lataa nostokoukun ja sen osien piirustukset t\u00e4\u00e4lt\u00e4. Nostokoukun osien &hellip; <a href=\"https:\/\/www.verkkovaria.fi\/tekniikka\/teknisenpiirustuksenperusteet\/?page_id=138\">Continued<\/a><\/p>\n","protected":false},"author":1,"featured_media":0,"parent":0,"menu_order":0,"comment_status":"open","ping_status":"open","template":"","meta":{"footnotes":"","_links_to":"","_links_to_target":""},"class_list":["post-138","page","type-page","status-publish","hentry"],"_links":{"self":[{"href":"https:\/\/www.verkkovaria.fi\/tekniikka\/teknisenpiirustuksenperusteet\/index.php?rest_route=\/wp\/v2\/pages\/138","targetHints":{"allow":["GET"]}}],"collection":[{"href":"https:\/\/www.verkkovaria.fi\/tekniikka\/teknisenpiirustuksenperusteet\/index.php?rest_route=\/wp\/v2\/pages"}],"about":[{"href":"https:\/\/www.verkkovaria.fi\/tekniikka\/teknisenpiirustuksenperusteet\/index.php?rest_route=\/wp\/v2\/types\/page"}],"author":[{"embeddable":true,"href":"https:\/\/www.verkkovaria.fi\/tekniikka\/teknisenpiirustuksenperusteet\/index.php?rest_route=\/wp\/v2\/users\/1"}],"replies":[{"embeddable":true,"href":"https:\/\/www.verkkovaria.fi\/tekniikka\/teknisenpiirustuksenperusteet\/index.php?rest_route=%2Fwp%2Fv2%2Fcomments&post=138"}],"version-history":[{"count":21,"href":"https:\/\/www.verkkovaria.fi\/tekniikka\/teknisenpiirustuksenperusteet\/index.php?rest_route=\/wp\/v2\/pages\/138\/revisions"}],"predecessor-version":[{"id":417,"href":"https:\/\/www.verkkovaria.fi\/tekniikka\/teknisenpiirustuksenperusteet\/index.php?rest_route=\/wp\/v2\/pages\/138\/revisions\/417"}],"wp:attachment":[{"href":"https:\/\/www.verkkovaria.fi\/tekniikka\/teknisenpiirustuksenperusteet\/index.php?rest_route=%2Fwp%2Fv2%2Fmedia&parent=138"}],"curies":[{"name":"wp","href":"https:\/\/api.w.org\/{rel}","templated":true}]}}