{"id":141,"date":"2015-05-26T15:52:21","date_gmt":"2015-05-26T13:52:21","guid":{"rendered":"http:\/\/www.verkkovaria.fi\/tekniikka\/teknisenpiirustuksenperusteet\/?page_id=141"},"modified":"2016-04-04T13:02:45","modified_gmt":"2016-04-04T11:02:45","slug":"4-viikko","status":"publish","type":"page","link":"https:\/\/www.verkkovaria.fi\/tekniikka\/teknisenpiirustuksenperusteet\/?page_id=141","title":{"rendered":"4. Viikko"},"content":{"rendered":"<p><strong>4. viikon asiat<\/strong><\/p>\n<p>Suunnitteluhaaste 1:\u00a0<\/p>\n<p>Nostokoukku &#8211; Kokoonpano ja ty\u00f6piirustukset<br \/>Tee nostokoukun kokoonpano mallintamiesi osien\u00a0avulla soveltaen aikaisemmin oppimiasi asioita.\u00a0<\/p>\n<p>Kokoonpanossa kannattaa ottaa huomioon, ett\u00e4 standardiosia ei kannata mallintaa. Standardiosia (pultit, mutterit, aluslevyt, laakerit, jne.) varten on suunnitteluohjelmistoon yleens\u00e4 lis\u00e4tty kirjasto, josta ne voi liitt\u00e4\u00e4 kokoonpanoon ilman mallinnusta. Palauta mieleesi tai opiskele suunnitteluohjelmiston pulttiliitoksen (Bolted connection) k\u00e4ytt\u00f6 ja k\u00e4yt\u00e4 sit\u00e4 kokoonpanossa.<\/p>\n<p>Kun kokoonpano on valmis, aloita\u00a0ty\u00f6kuvien piirt\u00e4minen soveltaen aikaisemmin oppimaasi.\u00a0<\/p>\n<p>Ennen kuin aloitat ty\u00f6piirustusten tekemisen, kertaa ainakin yleisimm\u00e4t kuvannot, k\u00e4\u00e4nn\u00f6t, osa\/materiaaliluettelo sek\u00e4 mitoituksen periaatteet ja opiskele tai palauta mieleesi kierteiden ja osien merkitseminen\u00a0teknisiss\u00e4 piirustuksissa.<\/p>\n<p>Tee\u00a0kaikki ty\u00f6kuvat samaan tiedostoon, niin ne pysyv\u00e4t paremmin j\u00e4rjestyksess\u00e4 ja mik\u00e4li malleihin tulee muutoksia, kuvien p\u00e4ivitt\u00e4minen on helpompaa.<\/p>\n<p>Kirjaa blogiisi kuvankaappausten kanssa kokoonpanon vaiheita sek\u00e4 kerro mik\u00e4 kokoonpanoa tehdess\u00e4 oli vaikeinta ja miksi. Kirjaa blogiisi my\u00f6s ty\u00f6piirustusten teon vaiheita ja liit\u00e4 kuvankaappaus jokaisesta piirretyst\u00e4 arkista (sheet). Muista k\u00e4yd\u00e4 kommentoimassa muiden opiskelijoiden\u00a0blogikirjoituksia.<\/p>\n<p>\t\t\t\t<img decoding=\"async\" src=\"http:\/\/www.verkkovaria.fi\/tekniikka\/teknisenpiirustuksenperusteet\/wp-content\/uploads\/2015\/05\/Koukku.png\" alt=\"Koukku\" itemprop=\"image\"  \/><\/p>\n","protected":false},"excerpt":{"rendered":"<p>4. viikon asiat Suunnitteluhaaste 1:\u00a0 Nostokoukku &#8211; Kokoonpano ja ty\u00f6piirustuksetTee nostokoukun kokoonpano mallintamiesi osien\u00a0avulla soveltaen aikaisemmin oppimiasi asioita.\u00a0 Kokoonpanossa kannattaa ottaa huomioon, ett\u00e4 standardiosia ei kannata mallintaa. Standardiosia (pultit, mutterit, aluslevyt, laakerit, jne.) varten on suunnitteluohjelmistoon yleens\u00e4 lis\u00e4tty kirjasto, josta ne voi liitt\u00e4\u00e4 kokoonpanoon ilman mallinnusta. Palauta mieleesi tai opiskele suunnitteluohjelmiston pulttiliitoksen (Bolted connection) k\u00e4ytt\u00f6 &hellip; <a href=\"https:\/\/www.verkkovaria.fi\/tekniikka\/teknisenpiirustuksenperusteet\/?page_id=141\">Continued<\/a><\/p>\n","protected":false},"author":1,"featured_media":0,"parent":0,"menu_order":0,"comment_status":"open","ping_status":"open","template":"","meta":{"footnotes":"","_links_to":"","_links_to_target":""},"class_list":["post-141","page","type-page","status-publish","hentry"],"_links":{"self":[{"href":"https:\/\/www.verkkovaria.fi\/tekniikka\/teknisenpiirustuksenperusteet\/index.php?rest_route=\/wp\/v2\/pages\/141","targetHints":{"allow":["GET"]}}],"collection":[{"href":"https:\/\/www.verkkovaria.fi\/tekniikka\/teknisenpiirustuksenperusteet\/index.php?rest_route=\/wp\/v2\/pages"}],"about":[{"href":"https:\/\/www.verkkovaria.fi\/tekniikka\/teknisenpiirustuksenperusteet\/index.php?rest_route=\/wp\/v2\/types\/page"}],"author":[{"embeddable":true,"href":"https:\/\/www.verkkovaria.fi\/tekniikka\/teknisenpiirustuksenperusteet\/index.php?rest_route=\/wp\/v2\/users\/1"}],"replies":[{"embeddable":true,"href":"https:\/\/www.verkkovaria.fi\/tekniikka\/teknisenpiirustuksenperusteet\/index.php?rest_route=%2Fwp%2Fv2%2Fcomments&post=141"}],"version-history":[{"count":12,"href":"https:\/\/www.verkkovaria.fi\/tekniikka\/teknisenpiirustuksenperusteet\/index.php?rest_route=\/wp\/v2\/pages\/141\/revisions"}],"predecessor-version":[{"id":418,"href":"https:\/\/www.verkkovaria.fi\/tekniikka\/teknisenpiirustuksenperusteet\/index.php?rest_route=\/wp\/v2\/pages\/141\/revisions\/418"}],"wp:attachment":[{"href":"https:\/\/www.verkkovaria.fi\/tekniikka\/teknisenpiirustuksenperusteet\/index.php?rest_route=%2Fwp%2Fv2%2Fmedia&parent=141"}],"curies":[{"name":"wp","href":"https:\/\/api.w.org\/{rel}","templated":true}]}}