{"id":144,"date":"2015-05-26T15:52:34","date_gmt":"2015-05-26T13:52:34","guid":{"rendered":"http:\/\/www.verkkovaria.fi\/tekniikka\/teknisenpiirustuksenperusteet\/?page_id=144"},"modified":"2016-06-16T14:19:49","modified_gmt":"2016-06-16T12:19:49","slug":"5-viikko","status":"publish","type":"page","link":"https:\/\/www.verkkovaria.fi\/tekniikka\/teknisenpiirustuksenperusteet\/?page_id=144","title":{"rendered":"5. Viikko"},"content":{"rendered":"<p><strong>5. viikon asiat<\/strong><\/p>\n<p>Palauta mieleesi tai opiskele suunnitteluohjelmiston ohutlevy-ty\u00f6kalun k\u00e4ytt\u00f6 katsomalla opastusohjeet uudelleen tai muulla vastaavalla tavalla. Mik\u00e4li nostokoukun ty\u00f6piirustukset eiv\u00e4t viel\u00e4 ole valmiina, tee ne ensin valmiiksi ennen kuin aloitat uuden suunnitteluhaasteen.<\/p>\n<p>Suunnitteluhaaste 2 &#8211; Savustuslaatikko<\/p>\n<p style=\"text-align: left;\">Savustuslaatikko-osien mallinnus<br \/>Mallinna savustuslaatikon osat k\u00e4ytt\u00e4en suunnitteluohjelmiston ohutlevymallinnusominaisuutta sek\u00e4 soveltaen aikaisemmin oppimiasi asioita.<\/p>\n<p style=\"text-align: left;\">Lataa savustuslaatikon ja se osien piirustukset <a href=\"https:\/\/drive.google.com\/file\/d\/0Bxs9opQ60S8fcUNQM19OeUJsYU0\/view?usp=sharing\" target=\"_blank\">t\u00e4\u00e4lt\u00e4<\/a>.<\/p>\n<p style=\"text-align: left;\">Savustuslaatikon osien mallintamisen voi halutessaan tehd\u00e4 parin kanssa tai pieness\u00e4 ryhm\u00e4ss\u00e4. T\u00e4llainen ty\u00f6skentelytapa olisi jopa suotavaa, sill\u00e4 silloin oppii\u00a0useampia tapoja tehd\u00e4 sama asia.<\/p>\n<p style=\"text-align: left;\">Ennen mallinnuksen aloittamista kannattaa luoda savustuslaatikolle oma projekti aivan kuin nostokoukullekin.<\/p>\n<p style=\"text-align: left;\">Kirjaa blogiisi\u00a0osien mallinnuksen vaiheet kuvankaappausten kera ja k\u00e4y kommentoimassa muiden opiskelijoiden blogeja. Muistathan, ett\u00e4 blogien kommenteissa voi esitt\u00e4\u00e4 my\u00f6s kysymyksi\u00e4 blogin pit\u00e4j\u00e4lle vaikka erilaisista mallinnustekniikoista.<\/p>\n<p style=\"text-align: left;\">Mik\u00e4li p\u00e4\u00e4titte toteuttaa mallien tekemisen pari- tai ryhm\u00e4ty\u00f6n\u00e4, kirjaa blogiisi my\u00f6s suunnitteluryhm\u00e4n henkil\u00f6t sek\u00e4 kuvan\/kuvien kuvauksiin kuka osan on mallintanut ja miksi halusit nostaa esille juuri n\u00e4m\u00e4 asiat h\u00e4nen mallintamastaan osasta.\u00a0<\/p>\n<p>\t\t\t\t<img decoding=\"async\" src=\"http:\/\/www.verkkovaria.fi\/tekniikka\/teknisenpiirustuksenperusteet\/wp-content\/uploads\/2015\/05\/savustuslaatikko.png\" alt=\"Savustuslaatikko - J.Saari 20\u00a75\" itemprop=\"image\"  \/><br \/>\n\t\tSavustuslaatikko &#8211; J.Saari 20\u00a75<\/p>\n","protected":false},"excerpt":{"rendered":"<p>5. viikon asiat Palauta mieleesi tai opiskele suunnitteluohjelmiston ohutlevy-ty\u00f6kalun k\u00e4ytt\u00f6 katsomalla opastusohjeet uudelleen tai muulla vastaavalla tavalla. Mik\u00e4li nostokoukun ty\u00f6piirustukset eiv\u00e4t viel\u00e4 ole valmiina, tee ne ensin valmiiksi ennen kuin aloitat uuden suunnitteluhaasteen. Suunnitteluhaaste 2 &#8211; Savustuslaatikko Savustuslaatikko-osien mallinnusMallinna savustuslaatikon osat k\u00e4ytt\u00e4en suunnitteluohjelmiston ohutlevymallinnusominaisuutta sek\u00e4 soveltaen aikaisemmin oppimiasi asioita. Lataa savustuslaatikon ja se osien piirustukset &hellip; <a href=\"https:\/\/www.verkkovaria.fi\/tekniikka\/teknisenpiirustuksenperusteet\/?page_id=144\">Continued<\/a><\/p>\n","protected":false},"author":1,"featured_media":0,"parent":0,"menu_order":0,"comment_status":"open","ping_status":"open","template":"","meta":{"footnotes":"","_links_to":"","_links_to_target":""},"class_list":["post-144","page","type-page","status-publish","hentry"],"_links":{"self":[{"href":"https:\/\/www.verkkovaria.fi\/tekniikka\/teknisenpiirustuksenperusteet\/index.php?rest_route=\/wp\/v2\/pages\/144","targetHints":{"allow":["GET"]}}],"collection":[{"href":"https:\/\/www.verkkovaria.fi\/tekniikka\/teknisenpiirustuksenperusteet\/index.php?rest_route=\/wp\/v2\/pages"}],"about":[{"href":"https:\/\/www.verkkovaria.fi\/tekniikka\/teknisenpiirustuksenperusteet\/index.php?rest_route=\/wp\/v2\/types\/page"}],"author":[{"embeddable":true,"href":"https:\/\/www.verkkovaria.fi\/tekniikka\/teknisenpiirustuksenperusteet\/index.php?rest_route=\/wp\/v2\/users\/1"}],"replies":[{"embeddable":true,"href":"https:\/\/www.verkkovaria.fi\/tekniikka\/teknisenpiirustuksenperusteet\/index.php?rest_route=%2Fwp%2Fv2%2Fcomments&post=144"}],"version-history":[{"count":13,"href":"https:\/\/www.verkkovaria.fi\/tekniikka\/teknisenpiirustuksenperusteet\/index.php?rest_route=\/wp\/v2\/pages\/144\/revisions"}],"predecessor-version":[{"id":429,"href":"https:\/\/www.verkkovaria.fi\/tekniikka\/teknisenpiirustuksenperusteet\/index.php?rest_route=\/wp\/v2\/pages\/144\/revisions\/429"}],"wp:attachment":[{"href":"https:\/\/www.verkkovaria.fi\/tekniikka\/teknisenpiirustuksenperusteet\/index.php?rest_route=%2Fwp%2Fv2%2Fmedia&parent=144"}],"curies":[{"name":"wp","href":"https:\/\/api.w.org\/{rel}","templated":true}]}}