{"id":147,"date":"2015-05-26T15:52:47","date_gmt":"2015-05-26T13:52:47","guid":{"rendered":"http:\/\/www.verkkovaria.fi\/tekniikka\/teknisenpiirustuksenperusteet\/?page_id=147"},"modified":"2016-04-04T13:04:22","modified_gmt":"2016-04-04T11:04:22","slug":"6-viikko","status":"publish","type":"page","link":"https:\/\/www.verkkovaria.fi\/tekniikka\/teknisenpiirustuksenperusteet\/?page_id=147","title":{"rendered":"6. Viikko"},"content":{"rendered":"<p><strong>6. viikon asiat<\/strong><\/p>\n<p>Suunnitteluhaaste 2 &#8211; Savustuslaatikko<\/p>\n<p>Savustuslaatikko &#8211; kokoonpano ja ty\u00f6piirustukset<br \/>Tee savustuslaatikon kokoonpano mallintamiesi osien avulla soveltaen aikaisemmin oppimiasi asioita.<\/p>\n<p>Selvit\u00e4 itsellesi k\u00e4site alikokoonpano ja mieti mink\u00e4laisissa tapauksissa alikokoonpanoja olisi hyv\u00e4 k\u00e4ytt\u00e4\u00e4. Ota blogikirjoituksessasi kantaa alikokoonpanojen k\u00e4ytt\u00f6\u00f6n ja pohdi niiden k\u00e4ytt\u00f6kelpoisuutta savustuslaatikon kokoonpanossa. Perustele vastauksesi.<\/p>\n<p>Kun kokoonpano on valmis, aloita ty\u00f6kuvien piirt\u00e4minen soveltaen aikaisemmin oppimiasi asioita.<\/p>\n<p>Ennen kuin aloitat ty\u00f6piirustusten tekemisen, palauta mieleesi tai selvit\u00e4 itsellesi k\u00e4site levityskuvanto. Ota blogikirjoituksessasi kantaa miss\u00e4 kaikkialla muuallakin levityskuvannosta voisi olla apua kuin kappaleen piirrottamisessa\u00a0levylle.\u00a0<\/p>\n<p>Kirjaa blogiisi kuvankaappausten kanssa kokoonpanon ja ty\u00f6piirustusten tekovaiheita. Ota kuvankaappauksia tarpeelliseksi katsomasi m\u00e4\u00e4r\u00e4 kokoonpanosta sek\u00e4 yksi kuvankaappaus jokaisesta piirretyst\u00e4 arkista. \u00c4l\u00e4 unohda kommentoida muiden opiskelijoiden\u00a0blogikirjoituksia.<\/p>\n<p>\t\t\t\t<img decoding=\"async\" src=\"http:\/\/www.verkkovaria.fi\/tekniikka\/teknisenpiirustuksenperusteet\/wp-content\/uploads\/2015\/05\/Laatikko.png\" alt=\"Laatikko\" itemprop=\"image\"  \/><\/p>\n","protected":false},"excerpt":{"rendered":"<p>6. viikon asiat Suunnitteluhaaste 2 &#8211; Savustuslaatikko Savustuslaatikko &#8211; kokoonpano ja ty\u00f6piirustuksetTee savustuslaatikon kokoonpano mallintamiesi osien avulla soveltaen aikaisemmin oppimiasi asioita. Selvit\u00e4 itsellesi k\u00e4site alikokoonpano ja mieti mink\u00e4laisissa tapauksissa alikokoonpanoja olisi hyv\u00e4 k\u00e4ytt\u00e4\u00e4. Ota blogikirjoituksessasi kantaa alikokoonpanojen k\u00e4ytt\u00f6\u00f6n ja pohdi niiden k\u00e4ytt\u00f6kelpoisuutta savustuslaatikon kokoonpanossa. Perustele vastauksesi. Kun kokoonpano on valmis, aloita ty\u00f6kuvien piirt\u00e4minen soveltaen aikaisemmin &hellip; <a href=\"https:\/\/www.verkkovaria.fi\/tekniikka\/teknisenpiirustuksenperusteet\/?page_id=147\">Continued<\/a><\/p>\n","protected":false},"author":1,"featured_media":0,"parent":0,"menu_order":0,"comment_status":"open","ping_status":"open","template":"","meta":{"footnotes":"","_links_to":"","_links_to_target":""},"class_list":["post-147","page","type-page","status-publish","hentry"],"_links":{"self":[{"href":"https:\/\/www.verkkovaria.fi\/tekniikka\/teknisenpiirustuksenperusteet\/index.php?rest_route=\/wp\/v2\/pages\/147","targetHints":{"allow":["GET"]}}],"collection":[{"href":"https:\/\/www.verkkovaria.fi\/tekniikka\/teknisenpiirustuksenperusteet\/index.php?rest_route=\/wp\/v2\/pages"}],"about":[{"href":"https:\/\/www.verkkovaria.fi\/tekniikka\/teknisenpiirustuksenperusteet\/index.php?rest_route=\/wp\/v2\/types\/page"}],"author":[{"embeddable":true,"href":"https:\/\/www.verkkovaria.fi\/tekniikka\/teknisenpiirustuksenperusteet\/index.php?rest_route=\/wp\/v2\/users\/1"}],"replies":[{"embeddable":true,"href":"https:\/\/www.verkkovaria.fi\/tekniikka\/teknisenpiirustuksenperusteet\/index.php?rest_route=%2Fwp%2Fv2%2Fcomments&post=147"}],"version-history":[{"count":6,"href":"https:\/\/www.verkkovaria.fi\/tekniikka\/teknisenpiirustuksenperusteet\/index.php?rest_route=\/wp\/v2\/pages\/147\/revisions"}],"predecessor-version":[{"id":420,"href":"https:\/\/www.verkkovaria.fi\/tekniikka\/teknisenpiirustuksenperusteet\/index.php?rest_route=\/wp\/v2\/pages\/147\/revisions\/420"}],"wp:attachment":[{"href":"https:\/\/www.verkkovaria.fi\/tekniikka\/teknisenpiirustuksenperusteet\/index.php?rest_route=%2Fwp%2Fv2%2Fmedia&parent=147"}],"curies":[{"name":"wp","href":"https:\/\/api.w.org\/{rel}","templated":true}]}}