{"id":210,"date":"2015-06-09T13:21:37","date_gmt":"2015-06-09T11:21:37","guid":{"rendered":"http:\/\/www.verkkovaria.fi\/tekniikka\/teknisenpiirustuksenperusteet\/?page_id=210"},"modified":"2016-06-16T14:30:17","modified_gmt":"2016-06-16T12:30:17","slug":"tekijat-ja-kayttoehdot-2","status":"publish","type":"page","link":"https:\/\/www.verkkovaria.fi\/tekniikka\/teknisenpiirustuksenperusteet\/?page_id=210","title":{"rendered":"Tekij\u00e4t ja k\u00e4ytt\u00f6ehdot"},"content":{"rendered":"<h3><strong>Tekij\u00e4:<\/strong><\/h3>\n<p>Janne Saari<br \/> Tuntiopettaja<br \/> Kone- ja metallitekniikka<br \/> Vantaan Ammattiopisto Varia<br \/> GSM: +358(0)40 844 9966<br \/> janne.saari@eduvantaa.fi<\/p>\n<h3>Tuottaja:<strong><br \/> <\/strong><\/h3>\n<p>Vantaan Ammattiopisto Varia, Oppimobiili -hanke 2014 &#8211; 2016<\/p>\n<h3>K\u00c4YTT\u00d6EHDOT:<\/h3>\n<p>T\u00e4m\u00e4 on Vantaan ammattiopisto Varian tuottama maksuttomasti suoritettava\u00a0<em>Teknisen piirustuksen perusteet<\/em>\u00a0-verkkototeutus. Verkkototeutus pit\u00e4\u00e4 sis\u00e4ll\u00e4\u00e4n oppisis\u00e4lt\u00f6\u00e4, oppimisen ohjausta, oppimisaihioita sek\u00e4 yhteis\u00f6llist\u00e4 ty\u00f6skentely\u00e4 valitulla oppimisalustalla. Se on tarkoitettu opetusk\u00e4ytt\u00f6\u00f6n tai henkil\u00f6kohtaiseen k\u00e4ytt\u00f6\u00f6n sek\u00e4 opettajille, ett\u00e4 opiskelijoille. Verkkototeutus on tehty Vantaan ammattiopiston Varian OPPImobiili \u2013hankkeessa, joka kuuluu\u00a0 Opetus- ja kulttuuriministeri\u00f6n rahoittamaan nuorten ty\u00f6paikalla tapahtuvan oppimisen edist\u00e4misen ja ty\u00f6n ja koulutuksen joustavan yhdist\u00e4misen toimenpideohjelmaan. Nuorten oppisopimuskoulutuksen ja ty\u00f6ss\u00e4oppimisen toimenpideohjelma (2014 \u2013 2016) on osa nuorisotakuuta.<\/p>\n<p>T\u00e4m\u00e4n verkkototeutuksen tekij\u00e4noikeuksien haltija, on luovuttanut verkkototeutuksen oppisis\u00e4ll\u00f6t vapaasti k\u00e4ytett\u00e4v\u00e4ksi CC-BY-SA \u2013lisenssill\u00e4, joka tarkoittaa ett\u00e4 voit vapaasti:<\/p>\n<p><strong>Jakaa<\/strong> <strong>ja kopioida<\/strong> aineistoa ja levitt\u00e4\u00e4 sit\u00e4 edelleen miss\u00e4 tahansa v\u00e4lineess\u00e4 ja muodossa. <strong>Muunnella<\/strong>, remiksata ja muokata aineistoa sek\u00e4 luoda sen pohjalta uusia aineistoja\u00a0miss\u00e4 tahansa tarkoituksessa, my\u00f6s kaupallisesti.<\/p>\n<p>Lisenssinantaja ei voi peruuttaa n\u00e4it\u00e4 oikeuksia niin kauan kuin noudatat lisenssin ehtoja.<\/p>\n<p>Sinun on <strong>mainittava l\u00e4hde asianmukaisesti<\/strong>, <strong>tarjottava linkki lisenssiin sek\u00e4 merkitt\u00e4v\u00e4, mik\u00e4li olet tehnyt muutoksia.<\/strong>Voit tehd\u00e4 yll\u00e4 olevan mill\u00e4 tahansa kohtuullisella tavalla, mutta et siten, ett\u00e4 annat ymm\u00e4rt\u00e4\u00e4 lisenssinantajan suosittelevan sinua tai teoksen k\u00e4ytt\u00f6\u00e4si. Jos muokkaat aineistoa, taikka luot sen pohjalta uusia aineistoja, sinun on jaettava tuotoksesi samalla lisenssill\u00e4 kuin alkuper\u00e4ist\u00e4 aineistoa.<\/p>\n<p>Aiheesta lis\u00e4\u00e4 sivulla <a style=\"color: #333333; text-decoration: underline;\" href=\"https:\/\/creativecommons.org\/licenses\/by-sa\/1.0\/fi\/\">https:\/\/creativecommons.org\/licenses\/by-sa\/1.0\/fi\/<\/a><\/p>\n","protected":false},"excerpt":{"rendered":"<p>Tekij\u00e4: Janne Saari Tuntiopettaja Kone- ja metallitekniikka Vantaan Ammattiopisto Varia GSM: +358(0)40 844 9966 janne.saari@eduvantaa.fi Tuottaja: Vantaan Ammattiopisto Varia, Oppimobiili -hanke 2014 &#8211; 2016 K\u00c4YTT\u00d6EHDOT: T\u00e4m\u00e4 on Vantaan ammattiopisto Varian tuottama maksuttomasti suoritettava\u00a0Teknisen piirustuksen perusteet\u00a0-verkkototeutus. Verkkototeutus pit\u00e4\u00e4 sis\u00e4ll\u00e4\u00e4n oppisis\u00e4lt\u00f6\u00e4, oppimisen ohjausta, oppimisaihioita sek\u00e4 yhteis\u00f6llist\u00e4 ty\u00f6skentely\u00e4 valitulla oppimisalustalla. Se on tarkoitettu opetusk\u00e4ytt\u00f6\u00f6n tai henkil\u00f6kohtaiseen k\u00e4ytt\u00f6\u00f6n sek\u00e4 &hellip; <a href=\"https:\/\/www.verkkovaria.fi\/tekniikka\/teknisenpiirustuksenperusteet\/?page_id=210\">Continued<\/a><\/p>\n","protected":false},"author":2,"featured_media":0,"parent":0,"menu_order":0,"comment_status":"open","ping_status":"open","template":"","meta":{"footnotes":"","_links_to":"","_links_to_target":""},"class_list":["post-210","page","type-page","status-publish","hentry"],"_links":{"self":[{"href":"https:\/\/www.verkkovaria.fi\/tekniikka\/teknisenpiirustuksenperusteet\/index.php?rest_route=\/wp\/v2\/pages\/210","targetHints":{"allow":["GET"]}}],"collection":[{"href":"https:\/\/www.verkkovaria.fi\/tekniikka\/teknisenpiirustuksenperusteet\/index.php?rest_route=\/wp\/v2\/pages"}],"about":[{"href":"https:\/\/www.verkkovaria.fi\/tekniikka\/teknisenpiirustuksenperusteet\/index.php?rest_route=\/wp\/v2\/types\/page"}],"author":[{"embeddable":true,"href":"https:\/\/www.verkkovaria.fi\/tekniikka\/teknisenpiirustuksenperusteet\/index.php?rest_route=\/wp\/v2\/users\/2"}],"replies":[{"embeddable":true,"href":"https:\/\/www.verkkovaria.fi\/tekniikka\/teknisenpiirustuksenperusteet\/index.php?rest_route=%2Fwp%2Fv2%2Fcomments&post=210"}],"version-history":[{"count":7,"href":"https:\/\/www.verkkovaria.fi\/tekniikka\/teknisenpiirustuksenperusteet\/index.php?rest_route=\/wp\/v2\/pages\/210\/revisions"}],"predecessor-version":[{"id":431,"href":"https:\/\/www.verkkovaria.fi\/tekniikka\/teknisenpiirustuksenperusteet\/index.php?rest_route=\/wp\/v2\/pages\/210\/revisions\/431"}],"wp:attachment":[{"href":"https:\/\/www.verkkovaria.fi\/tekniikka\/teknisenpiirustuksenperusteet\/index.php?rest_route=%2Fwp%2Fv2%2Fmedia&parent=210"}],"curies":[{"name":"wp","href":"https:\/\/api.w.org\/{rel}","templated":true}]}}