{"id":38,"date":"2015-04-27T12:36:00","date_gmt":"2015-04-27T12:36:00","guid":{"rendered":"http:\/\/www.verkkovaria.fi\/tekniikka\/teknisenpiirustuksenperusteet\/?page_id=38"},"modified":"2015-10-27T12:18:54","modified_gmt":"2015-10-27T10:18:54","slug":"tehtavat","status":"publish","type":"page","link":"https:\/\/www.verkkovaria.fi\/tekniikka\/teknisenpiirustuksenperusteet\/?page_id=38","title":{"rendered":"TEHT\u00c4V\u00c4T"},"content":{"rendered":"<p><a href=\"http:\/\/www.verkkovaria.fi\/tekniikka\/teknisenpiirustuksenperusteet\/?page_id=132\">Suunnitteluohjelmiston k\u00e4yt\u00f6n harjoittelu<\/a><\/p>\n<p><a href=\"http:\/\/www.verkkovaria.fi\/tekniikka\/teknisenpiirustuksenperusteet\/?page_id=138\">Suunnitteluhaaste 1<\/a><\/p>\n<p><a href=\"http:\/\/www.verkkovaria.fi\/tekniikka\/teknisenpiirustuksenperusteet\/?page_id=144\">Suunnitteluhaaste 2<\/a><\/p>\n<p><a href=\"http:\/\/tnnk-tssk-nytk.blogspot.fi\/\" target=\"_blank\">Verkkototeutuksen em\u00e4blogi<\/a><\/p>\n","protected":false},"excerpt":{"rendered":"<p>Suunnitteluohjelmiston k\u00e4yt\u00f6n harjoittelu Suunnitteluhaaste 1 Suunnitteluhaaste 2 Verkkototeutuksen em\u00e4blogi<\/p>\n","protected":false},"author":1,"featured_media":0,"parent":0,"menu_order":0,"comment_status":"open","ping_status":"open","template":"","meta":{"footnotes":"","_links_to":"","_links_to_target":""},"class_list":["post-38","page","type-page","status-publish","hentry"],"_links":{"self":[{"href":"https:\/\/www.verkkovaria.fi\/tekniikka\/teknisenpiirustuksenperusteet\/index.php?rest_route=\/wp\/v2\/pages\/38","targetHints":{"allow":["GET"]}}],"collection":[{"href":"https:\/\/www.verkkovaria.fi\/tekniikka\/teknisenpiirustuksenperusteet\/index.php?rest_route=\/wp\/v2\/pages"}],"about":[{"href":"https:\/\/www.verkkovaria.fi\/tekniikka\/teknisenpiirustuksenperusteet\/index.php?rest_route=\/wp\/v2\/types\/page"}],"author":[{"embeddable":true,"href":"https:\/\/www.verkkovaria.fi\/tekniikka\/teknisenpiirustuksenperusteet\/index.php?rest_route=\/wp\/v2\/users\/1"}],"replies":[{"embeddable":true,"href":"https:\/\/www.verkkovaria.fi\/tekniikka\/teknisenpiirustuksenperusteet\/index.php?rest_route=%2Fwp%2Fv2%2Fcomments&post=38"}],"version-history":[{"count":18,"href":"https:\/\/www.verkkovaria.fi\/tekniikka\/teknisenpiirustuksenperusteet\/index.php?rest_route=\/wp\/v2\/pages\/38\/revisions"}],"predecessor-version":[{"id":397,"href":"https:\/\/www.verkkovaria.fi\/tekniikka\/teknisenpiirustuksenperusteet\/index.php?rest_route=\/wp\/v2\/pages\/38\/revisions\/397"}],"wp:attachment":[{"href":"https:\/\/www.verkkovaria.fi\/tekniikka\/teknisenpiirustuksenperusteet\/index.php?rest_route=%2Fwp%2Fv2%2Fmedia&parent=38"}],"curies":[{"name":"wp","href":"https:\/\/api.w.org\/{rel}","templated":true}]}}