{"id":70,"date":"2015-05-07T06:17:07","date_gmt":"2015-05-07T06:17:07","guid":{"rendered":"http:\/\/www.verkkovaria.fi\/tekniikka\/teknisenpiirustuksenperusteet\/?page_id=70"},"modified":"2016-06-16T14:11:53","modified_gmt":"2016-06-16T12:11:53","slug":"arviointi","status":"publish","type":"page","link":"https:\/\/www.verkkovaria.fi\/tekniikka\/teknisenpiirustuksenperusteet\/?page_id=70","title":{"rendered":"Arviointi"},"content":{"rendered":"<p>Teknisen piirustuksen perusteet -verkkototeutus arvioidaan suoritusmerkinn\u00e4ll\u00e4 Suoritettu\/Kesken. Suoritusmerkinn\u00e4n S saadakseen opiskelijan tulee palauttaa kaikki annetut\u00a0harjoitusteht\u00e4v\u00e4t aikataulun ja ohjeistuksen mukaisesti. Verkkototeutuksen aikana\u00a0vaaditaan my\u00f6s muiden opiskelijoiden t\u00f6iden kommentointia.<\/p>\n<p>Verkkototeutuksen\u00a0j\u00e4lkeen opiskelija osaa<\/p>\n<ul>\n<li>lukea levykappaleiden ty\u00f6piirustuksia, hahmottaa kappaleen kuvannoista ja ymm\u00e4rt\u00e4\u00e4 mitoitusmerkinn\u00e4t ja tavalliset hitsausmerkinn\u00e4t<\/li>\n<li>piirt\u00e4\u00e4 kuvantoja yksinkertaisista levyosista, osaa projektioiden k\u00e4\u00e4nn\u00f6t sek\u00e4 osaa piirt\u00e4\u00e4 leikkauskuvantoja ja mitoittaa.<\/li>\n<\/ul>\n<p>Teknisen piirustuksen perusteet -verkkototeutus on osa Levyt\u00f6iden ja hitsauksen perusty\u00f6t -tutkinnonosaa. Tutkinnonosa arvioidaan asteikolla T1 &#8211; K3 ja arvosana m\u00e4\u00e4r\u00e4ytyy ammattiosaamisen n\u00e4yt\u00f6n perusteella. Ammattiosaamisen n\u00e4yt\u00f6ss\u00e4 osoitetaan teknisten piirustusten lukutaitoa, mik\u00e4 arvioidaan osana ty\u00f6n perustana olevan tiedon hallintaa seuraavin kriteerein:<\/p>\n<p>Piirustusten ymm\u00e4rt\u00e4minen<\/p>\n<ul>\n<li><strong>Tyydytt\u00e4v\u00e4 T1<\/strong><br \/>Osaa lukea kuvantoja ja hahmottaa kappaleen piirustuksista<\/li>\n<li><strong>Hyv\u00e4 H2<\/strong><br \/>Osaa lukea projektioita ja hitsausmerkint\u00f6j\u00e4<\/li>\n<li><strong>Kiitett\u00e4v\u00e4 K3<\/strong><br \/>Osaa itsen\u00e4isesti lukea ty\u00f6piirustuksia ja ymm\u00e4rt\u00e4\u00e4 mitoitukset ja merkinn\u00e4t<\/li>\n<\/ul>\n<p>Opiskelu pit\u00e4\u00e4 sis\u00e4ll\u00e4\u00e4n itsen\u00e4ist\u00e4 ty\u00f6skentely\u00e4, verkossa tapahtuvaa opiskelua ja ohjausta sek\u00e4 luokassa tapahtuvaa l\u00e4hiopetusta. Yhteistoiminnallisella opiskelulla on suuri rooli opiskeltaessa Teknisen piirustuksen perusteita; luonnostelu, pursottaminen sek\u00e4 piirt\u00e4minen voidaan toteuttaa usealla eri tavalla, joista jokainen on oikein. Vain lopputulos ratkaisee.\u00a0<\/p>\n<p>Teknisten piirustusten ymm\u00e4rt\u00e4minen on olennainen osa jokaisen kone- ja metallialalla ty\u00f6skentelev\u00e4n henkil\u00f6n ammattitaitoa. Teknisisten piirustusten avulla esitet\u00e4\u00e4n kappaleen valmistamisen tai korjaamisen kannalta olennaiset tiedot, kuten mitat, materiaalit ja hitsausmerkinn\u00e4t. Teknisiss\u00e4 piirustuksissa kappale esitet\u00e4\u00e4n niin monesta suunnasta kuin ty\u00f6n tekemisen kannalta on tarpeellista. N\u00e4it\u00e4 esityssuunnista teht\u00e4vi\u00e4 piirroksia kutsutaan projektioiksi tai kuvannoiksi. Joskus kappaleen sis\u00e4ll\u00e4 on asioita jotka halutaan esitt\u00e4\u00e4 ja t\u00e4ll\u00f6in kappale ajatellaan katkaistavan, jolloin kappaleen sis\u00e4osat voidaan pirt\u00e4\u00e4 n\u00e4kyviin. T\u00e4ll\u00f6in on kyseess\u00e4 leikkausprojektio.<\/p>\n<p>Teknisen piirustuksen perusteet -verkkototeutuksen suunnitteluhaasteet toteutetaan tietokoneavusteisesti, koska nykyp\u00e4iv\u00e4n\u00e4 ei en\u00e4\u00e4 piirret\u00e4 k\u00e4sin. T\u00e4m\u00e4n vuoksi toteutuksen aluksi harjoitellaan teknisten piirustusten piirt\u00e4miseen tehdyn ohjelmiston k\u00e4ytt\u00f6\u00e4. Kun piirustusohjelmiston k\u00e4yt\u00f6n perusteet ovat hallinnassa p\u00e4\u00e4st\u00e4\u00e4n tekem\u00e4\u00e4n varsinaisia piirustusteht\u00e4vi\u00e4 tai\u00a0suunnitteluhaasteita kuten teht\u00e4v\u00e4nannoissa sanotaan. Suunnitteluhaasteissa on valmiiksi piirretyt ty\u00f6kuvat, joiden pohjalta sinun tulisi ensin mallintaa\u00a0suunnitteluhaasteen osat tietokoneelle, sen j\u00e4lkeen liitt\u00e4\u00e4\u00a0mallintamasi osat kokoonpanoksi ja edelleen piirt\u00e4\u00e4 kokoonpanosta ja osista tarvittavat ty\u00f6kuvat. Pysty\u00e4ksesi t\u00e4h\u00e4n sinun tulee hahmottaa kappaleet suunnitteluhaasteiden piirustuksista, ymm\u00e4rt\u00e4\u00e4\u00a0mitoitusmerkinn\u00e4t ja kappaleiden projektiot.\u00a0<\/p>\n<p>Levyt\u00f6iden ja hitsauksen perusty\u00f6t -tutkinnon osan osaamistavoitteet ja arviointiperusteet l\u00f6ytyv\u00e4t Opintopolusta: <a href=\"https:\/\/eperusteet.opintopolku.fi\/#\/fi\/esitys\/33824\/ops\/tutkinnonosat\/43161\" target=\"_blank\">ePerusteet: Levyt\u00f6iden ja hitsauksen perusty\u00f6t<\/a>.<\/p>\n","protected":false},"excerpt":{"rendered":"<p>Teknisen piirustuksen perusteet -verkkototeutus arvioidaan suoritusmerkinn\u00e4ll\u00e4 Suoritettu\/Kesken. Suoritusmerkinn\u00e4n S saadakseen opiskelijan tulee palauttaa kaikki annetut\u00a0harjoitusteht\u00e4v\u00e4t aikataulun ja ohjeistuksen mukaisesti. Verkkototeutuksen aikana\u00a0vaaditaan my\u00f6s muiden opiskelijoiden t\u00f6iden kommentointia. Verkkototeutuksen\u00a0j\u00e4lkeen opiskelija osaa lukea levykappaleiden ty\u00f6piirustuksia, hahmottaa kappaleen kuvannoista ja ymm\u00e4rt\u00e4\u00e4 mitoitusmerkinn\u00e4t ja tavalliset hitsausmerkinn\u00e4t piirt\u00e4\u00e4 kuvantoja yksinkertaisista levyosista, osaa projektioiden k\u00e4\u00e4nn\u00f6t sek\u00e4 osaa piirt\u00e4\u00e4 leikkauskuvantoja ja mitoittaa. Teknisen &hellip; <a href=\"https:\/\/www.verkkovaria.fi\/tekniikka\/teknisenpiirustuksenperusteet\/?page_id=70\">Continued<\/a><\/p>\n","protected":false},"author":1,"featured_media":0,"parent":0,"menu_order":0,"comment_status":"open","ping_status":"open","template":"","meta":{"footnotes":"","_links_to":"","_links_to_target":""},"class_list":["post-70","page","type-page","status-publish","hentry"],"_links":{"self":[{"href":"https:\/\/www.verkkovaria.fi\/tekniikka\/teknisenpiirustuksenperusteet\/index.php?rest_route=\/wp\/v2\/pages\/70","targetHints":{"allow":["GET"]}}],"collection":[{"href":"https:\/\/www.verkkovaria.fi\/tekniikka\/teknisenpiirustuksenperusteet\/index.php?rest_route=\/wp\/v2\/pages"}],"about":[{"href":"https:\/\/www.verkkovaria.fi\/tekniikka\/teknisenpiirustuksenperusteet\/index.php?rest_route=\/wp\/v2\/types\/page"}],"author":[{"embeddable":true,"href":"https:\/\/www.verkkovaria.fi\/tekniikka\/teknisenpiirustuksenperusteet\/index.php?rest_route=\/wp\/v2\/users\/1"}],"replies":[{"embeddable":true,"href":"https:\/\/www.verkkovaria.fi\/tekniikka\/teknisenpiirustuksenperusteet\/index.php?rest_route=%2Fwp%2Fv2%2Fcomments&post=70"}],"version-history":[{"count":22,"href":"https:\/\/www.verkkovaria.fi\/tekniikka\/teknisenpiirustuksenperusteet\/index.php?rest_route=\/wp\/v2\/pages\/70\/revisions"}],"predecessor-version":[{"id":426,"href":"https:\/\/www.verkkovaria.fi\/tekniikka\/teknisenpiirustuksenperusteet\/index.php?rest_route=\/wp\/v2\/pages\/70\/revisions\/426"}],"wp:attachment":[{"href":"https:\/\/www.verkkovaria.fi\/tekniikka\/teknisenpiirustuksenperusteet\/index.php?rest_route=%2Fwp%2Fv2%2Fmedia&parent=70"}],"curies":[{"name":"wp","href":"https:\/\/api.w.org\/{rel}","templated":true}]}}