{"id":27,"date":"2015-09-14T08:57:47","date_gmt":"2015-09-14T08:57:47","guid":{"rendered":"http:\/\/www.verkkovaria.fi\/tekniikka\/ulkoverhous\/?page_id=27"},"modified":"2017-04-10T09:00:59","modified_gmt":"2017-04-10T09:00:59","slug":"tehtava-6-tyoohjeet","status":"publish","type":"page","link":"https:\/\/www.verkkovaria.fi\/tekniikka\/ulkoverhous\/?page_id=27","title":{"rendered":"Teht\u00e4v\u00e4 2 &#8211; Ty\u00f6ohjeet"},"content":{"rendered":"<p>T\u00e4m\u00e4n teht\u00e4v\u00e4n tarkoituksena on opetella ulkoverhous- ja kattot\u00f6ihin liittyv\u00e4t ty\u00f6t ja ty\u00f6vaiheet oman tekemisen kautta. Lis\u00e4ksi tarkoituksena on opetella analysoimaan omaa tekemist\u00e4 sek\u00e4 tuottamaan ohjeita muille.<\/p>\n<p>Ulkoverhous- kattot\u00f6ihin kuuluvat mm. seuraavat ty\u00f6t:<\/p>\n<ul>\n<li>Telinety\u00f6t<\/li>\n<li>Tuulensuojalevyjen asennus<\/li>\n<li>Puuverhousten alusrakenteet<\/li>\n<li>Puuverhoukset<\/li>\n<li>Levyverhoukset<\/li>\n<li>Profiilipeltiverhoukset<\/li>\n<li>Pielilaudoitukset<\/li>\n<li>R\u00e4yst\u00e4\u00e4n aluslaudoitukset<\/li>\n<li>Vesikattojen alusrakenteet<\/li>\n<li>Vesikattojen pinnoitusty\u00f6t<\/li>\n<li>Kattoluukut, -ikkunat ja savunpoisto<\/li>\n<li>Kulkutiet ja tikkaat, sadevesisy\u00f6ksyt ja kourut<\/li>\n<\/ul>\n<p>1. Valitse itsellesi sopiva ty\u00f6teht\u00e4v\u00e4 ja kerro sen tekemisest\u00e4 ty\u00f6selosteessasi.<\/p>\n<p>2. Videoi tai kirjoita Wordill\u00e4\/Power Pointilla tms. yksityiskohtainen ty\u00f6ohje tekem\u00e4st\u00e4si ty\u00f6st\u00e4.<br \/>\nOhjeen pit\u00e4\u00e4 olla sellainen, ett\u00e4 jokainen pystyisi sen avulla tekem\u00e4\u00e4n kyseisen ty\u00f6n.<\/p>\n<p>Muista kertoa ainakin:<\/p>\n<ol>\n<li>Mit\u00e4 tehd\u00e4\u00e4n?<\/li>\n<li>Miten tehd\u00e4\u00e4n?<\/li>\n<li>Mit\u00e4 materiaaleja, tarvikkeita, koneita ja laitteita tarvitaan?<\/li>\n<li>Ty\u00f6turvallisuus. Mit\u00e4 pit\u00e4\u00e4 ottaa huomioon ty\u00f6vaiheita teht\u00e4ess\u00e4? Miten ty\u00f6turvallisuus varmistetaan?<\/li>\n<li>Milt\u00e4 tuntui tehd\u00e4 ko. ty\u00f6t\u00e4?<\/li>\n<\/ol>\n<p>Lis\u00e4\u00e4 mukaan itse ottamiasi kuvia ja\/tai videoita eri ty\u00f6vaiheista.<\/p>\n<p>3. Palauta ty\u00f6seloste Fronterin huoneeseen \u201dUlkoverhous- ja kattoty\u00f6t\u201d.<\/p>\n<p>T\u00e4ss\u00e4 linkit ensimm\u00e4iseen teht\u00e4v\u00e4\u00e4n:<br \/>\n<a href=\"http:\/\/www.verkkovaria.fi\/tekniikka\/ulkoverhous\/?page_id=31\">Teht\u00e4v\u00e4 1 &#8211; Teht\u00e4v\u00e4t Fronterissa<\/a><\/p>\n","protected":false},"excerpt":{"rendered":"<p>T\u00e4m\u00e4n teht\u00e4v\u00e4n tarkoituksena on opetella ulkoverhous- ja kattot\u00f6ihin liittyv\u00e4t ty\u00f6t ja ty\u00f6vaiheet oman tekemisen kautta. Lis\u00e4ksi tarkoituksena on opetella analysoimaan omaa tekemist\u00e4 sek\u00e4 tuottamaan ohjeita muille. Ulkoverhous- kattot\u00f6ihin kuuluvat mm. seuraavat ty\u00f6t: Telinety\u00f6t Tuulensuojalevyjen asennus Puuverhousten alusrakenteet Puuverhoukset Levyverhoukset Profiilipeltiverhoukset Pielilaudoitukset R\u00e4yst\u00e4\u00e4n aluslaudoitukset Vesikattojen alusrakenteet Vesikattojen pinnoitusty\u00f6t Kattoluukut, -ikkunat ja savunpoisto Kulkutiet ja tikkaat, sadevesisy\u00f6ksyt &hellip; <a href=\"https:\/\/www.verkkovaria.fi\/tekniikka\/ulkoverhous\/?page_id=27\">Continued<\/a><\/p>\n","protected":false},"author":1,"featured_media":0,"parent":0,"menu_order":0,"comment_status":"closed","ping_status":"closed","template":"","meta":{"footnotes":"","_links_to":"","_links_to_target":""},"class_list":["post-27","page","type-page","status-publish","hentry"],"_links":{"self":[{"href":"https:\/\/www.verkkovaria.fi\/tekniikka\/ulkoverhous\/index.php?rest_route=\/wp\/v2\/pages\/27","targetHints":{"allow":["GET"]}}],"collection":[{"href":"https:\/\/www.verkkovaria.fi\/tekniikka\/ulkoverhous\/index.php?rest_route=\/wp\/v2\/pages"}],"about":[{"href":"https:\/\/www.verkkovaria.fi\/tekniikka\/ulkoverhous\/index.php?rest_route=\/wp\/v2\/types\/page"}],"author":[{"embeddable":true,"href":"https:\/\/www.verkkovaria.fi\/tekniikka\/ulkoverhous\/index.php?rest_route=\/wp\/v2\/users\/1"}],"replies":[{"embeddable":true,"href":"https:\/\/www.verkkovaria.fi\/tekniikka\/ulkoverhous\/index.php?rest_route=%2Fwp%2Fv2%2Fcomments&post=27"}],"version-history":[{"count":10,"href":"https:\/\/www.verkkovaria.fi\/tekniikka\/ulkoverhous\/index.php?rest_route=\/wp\/v2\/pages\/27\/revisions"}],"predecessor-version":[{"id":194,"href":"https:\/\/www.verkkovaria.fi\/tekniikka\/ulkoverhous\/index.php?rest_route=\/wp\/v2\/pages\/27\/revisions\/194"}],"wp:attachment":[{"href":"https:\/\/www.verkkovaria.fi\/tekniikka\/ulkoverhous\/index.php?rest_route=%2Fwp%2Fv2%2Fmedia&parent=27"}],"curies":[{"name":"wp","href":"https:\/\/api.w.org\/{rel}","templated":true}]}}