{"id":31,"date":"2015-09-14T09:04:27","date_gmt":"2015-09-14T09:04:27","guid":{"rendered":"http:\/\/www.verkkovaria.fi\/tekniikka\/ulkoverhous\/?page_id=31"},"modified":"2017-04-10T08:57:10","modified_gmt":"2017-04-10T08:57:10","slug":"tehtava-7-tehtavat-fronterissa","status":"publish","type":"page","link":"https:\/\/www.verkkovaria.fi\/tekniikka\/ulkoverhous\/?page_id=31","title":{"rendered":"Teht\u00e4v\u00e4 1 &#8211; Teht\u00e4v\u00e4t Fronterissa"},"content":{"rendered":"<p>Fronterista l\u00f6ytyvien teht\u00e4vien tarkoituksena on varmistaa ulkoverhous- ja kattot\u00f6iden yksityiskohtien ja teorian\u00a0osaaminen.<\/p>\n<p>Teht\u00e4v\u00e4t ovat monivalinta -tyyppisi\u00e4 kysymyksi\u00e4 ulkoverhous- ja kattot\u00f6iss\u00e4 k\u00e4ytett\u00e4vist\u00e4 materiaaleista ja niiden k\u00e4sittelyst\u00e4. Lis\u00e4ksi on kysymyksi\u00e4 eri ty\u00f6vaiheista ja -tavoista eli miten ulkoverhous- ja kattot\u00f6it\u00e4 tehd\u00e4\u00e4n oikein ja oikeassa j\u00e4rjestyksess\u00e4.\u00a0Kysymyksiin\u00a0on\u00a0yksi tai useampi oikea vastaus.<\/p>\n<p>Kirjaudu sis\u00e4\u00e4n <a href=\"https:\/\/fronter.com\/vantaa\/\" target=\"_blank\">Fronteriin<\/a>.<\/p>\n<ol>\n<li>Mene &#8217;Ulkoverhous- ja kattoty\u00f6t&#8217; -huoneeseen.<\/li>\n<li>Valitse ikkunan vasemmasta reunasta &#8217;Testit&#8217;.<\/li>\n<li>Vastaa siell\u00e4 oleviin teht\u00e4viin.<\/li>\n<\/ol>\n<p>&nbsp;<\/p>\n<p>T\u00e4ss\u00e4 linkki toiseen teht\u00e4v\u00e4\u00e4n<br \/>\n<a href=\"http:\/\/www.verkkovaria.fi\/tekniikka\/ulkoverhous\/?page_id=27\">Teht\u00e4v\u00e4 2 &#8211; Ty\u00f6ohjeet<\/a><\/p>\n","protected":false},"excerpt":{"rendered":"<p>Fronterista l\u00f6ytyvien teht\u00e4vien tarkoituksena on varmistaa ulkoverhous- ja kattot\u00f6iden yksityiskohtien ja teorian\u00a0osaaminen. Teht\u00e4v\u00e4t ovat monivalinta -tyyppisi\u00e4 kysymyksi\u00e4 ulkoverhous- ja kattot\u00f6iss\u00e4 k\u00e4ytett\u00e4vist\u00e4 materiaaleista ja niiden k\u00e4sittelyst\u00e4. Lis\u00e4ksi on kysymyksi\u00e4 eri ty\u00f6vaiheista ja -tavoista eli miten ulkoverhous- ja kattot\u00f6it\u00e4 tehd\u00e4\u00e4n oikein ja oikeassa j\u00e4rjestyksess\u00e4.\u00a0Kysymyksiin\u00a0on\u00a0yksi tai useampi oikea vastaus. Kirjaudu sis\u00e4\u00e4n Fronteriin. Mene &#8217;Ulkoverhous- ja kattoty\u00f6t&#8217; -huoneeseen. Valitse &hellip; <a href=\"https:\/\/www.verkkovaria.fi\/tekniikka\/ulkoverhous\/?page_id=31\">Continued<\/a><\/p>\n","protected":false},"author":1,"featured_media":0,"parent":0,"menu_order":0,"comment_status":"closed","ping_status":"closed","template":"","meta":{"footnotes":"","_links_to":"","_links_to_target":""},"class_list":["post-31","page","type-page","status-publish","hentry"],"_links":{"self":[{"href":"https:\/\/www.verkkovaria.fi\/tekniikka\/ulkoverhous\/index.php?rest_route=\/wp\/v2\/pages\/31","targetHints":{"allow":["GET"]}}],"collection":[{"href":"https:\/\/www.verkkovaria.fi\/tekniikka\/ulkoverhous\/index.php?rest_route=\/wp\/v2\/pages"}],"about":[{"href":"https:\/\/www.verkkovaria.fi\/tekniikka\/ulkoverhous\/index.php?rest_route=\/wp\/v2\/types\/page"}],"author":[{"embeddable":true,"href":"https:\/\/www.verkkovaria.fi\/tekniikka\/ulkoverhous\/index.php?rest_route=\/wp\/v2\/users\/1"}],"replies":[{"embeddable":true,"href":"https:\/\/www.verkkovaria.fi\/tekniikka\/ulkoverhous\/index.php?rest_route=%2Fwp%2Fv2%2Fcomments&post=31"}],"version-history":[{"count":10,"href":"https:\/\/www.verkkovaria.fi\/tekniikka\/ulkoverhous\/index.php?rest_route=\/wp\/v2\/pages\/31\/revisions"}],"predecessor-version":[{"id":193,"href":"https:\/\/www.verkkovaria.fi\/tekniikka\/ulkoverhous\/index.php?rest_route=\/wp\/v2\/pages\/31\/revisions\/193"}],"wp:attachment":[{"href":"https:\/\/www.verkkovaria.fi\/tekniikka\/ulkoverhous\/index.php?rest_route=%2Fwp%2Fv2%2Fmedia&parent=31"}],"curies":[{"name":"wp","href":"https:\/\/api.w.org\/{rel}","templated":true}]}}