{"id":47,"date":"2015-09-14T10:12:00","date_gmt":"2015-09-14T10:12:00","guid":{"rendered":"http:\/\/www.verkkovaria.fi\/tekniikka\/ulkoverhous\/?page_id=47"},"modified":"2016-06-21T14:10:39","modified_gmt":"2016-06-21T14:10:39","slug":"linkit","status":"publish","type":"page","link":"https:\/\/www.verkkovaria.fi\/tekniikka\/ulkoverhous\/?page_id=47","title":{"rendered":"Linkit"},"content":{"rendered":"<p><strong>Linkkivinkkej\u00e4 opiskelun tueksi:<\/strong><\/p>\n<p><strong>Fronter<br \/>\n<\/strong><a href=\"https:\/\/fronter.com\/vantaa\/\" target=\"_blank\">https:\/\/fronter.com\/vantaa\/<\/a><strong><br \/>\n<\/strong><\/p>\n<p><strong>N\u00e4ytt\u00f6tutkintojen perusteet<br \/>\n<\/strong><a href=\"http:\/\/www.oph.fi\/saadokset_ja_ohjeet\/opetussuunnitelmien_ja_tutkintojen_perusteet\/nayttotutkintojen_perusteet\" target=\"_blank\">Opetushallitus: N\u00e4ytt\u00f6tutkintojen perusteet<\/a><\/p>\n<p><strong>Youtube<\/strong>sta l\u00f6ytyy monia yksityiskohtaisia ty\u00f6videoita erilaisista ulkoverhous- ja kattot\u00f6ist\u00e4. Tutustu my\u00f6s niihin.<\/p>\n<p>My\u00f6s muualta netist\u00e4 l\u00f6ytyy paljon k\u00e4yt\u00e4nn\u00f6nl\u00e4heist\u00e4 tietoa, k\u00e4yt\u00e4 hyv\u00e4ksesi tiedon hakua!<\/p>\n","protected":false},"excerpt":{"rendered":"<p>Linkkivinkkej\u00e4 opiskelun tueksi: Fronter https:\/\/fronter.com\/vantaa\/ N\u00e4ytt\u00f6tutkintojen perusteet Opetushallitus: N\u00e4ytt\u00f6tutkintojen perusteet Youtubesta l\u00f6ytyy monia yksityiskohtaisia ty\u00f6videoita erilaisista ulkoverhous- ja kattot\u00f6ist\u00e4. Tutustu my\u00f6s niihin. My\u00f6s muualta netist\u00e4 l\u00f6ytyy paljon k\u00e4yt\u00e4nn\u00f6nl\u00e4heist\u00e4 tietoa, k\u00e4yt\u00e4 hyv\u00e4ksesi tiedon hakua!<\/p>\n","protected":false},"author":1,"featured_media":0,"parent":0,"menu_order":4,"comment_status":"closed","ping_status":"closed","template":"","meta":{"footnotes":"","_links_to":"","_links_to_target":""},"class_list":["post-47","page","type-page","status-publish","hentry"],"_links":{"self":[{"href":"https:\/\/www.verkkovaria.fi\/tekniikka\/ulkoverhous\/index.php?rest_route=\/wp\/v2\/pages\/47","targetHints":{"allow":["GET"]}}],"collection":[{"href":"https:\/\/www.verkkovaria.fi\/tekniikka\/ulkoverhous\/index.php?rest_route=\/wp\/v2\/pages"}],"about":[{"href":"https:\/\/www.verkkovaria.fi\/tekniikka\/ulkoverhous\/index.php?rest_route=\/wp\/v2\/types\/page"}],"author":[{"embeddable":true,"href":"https:\/\/www.verkkovaria.fi\/tekniikka\/ulkoverhous\/index.php?rest_route=\/wp\/v2\/users\/1"}],"replies":[{"embeddable":true,"href":"https:\/\/www.verkkovaria.fi\/tekniikka\/ulkoverhous\/index.php?rest_route=%2Fwp%2Fv2%2Fcomments&post=47"}],"version-history":[{"count":7,"href":"https:\/\/www.verkkovaria.fi\/tekniikka\/ulkoverhous\/index.php?rest_route=\/wp\/v2\/pages\/47\/revisions"}],"predecessor-version":[{"id":176,"href":"https:\/\/www.verkkovaria.fi\/tekniikka\/ulkoverhous\/index.php?rest_route=\/wp\/v2\/pages\/47\/revisions\/176"}],"wp:attachment":[{"href":"https:\/\/www.verkkovaria.fi\/tekniikka\/ulkoverhous\/index.php?rest_route=%2Fwp%2Fv2%2Fmedia&parent=47"}],"curies":[{"name":"wp","href":"https:\/\/api.w.org\/{rel}","templated":true}]}}