{"id":7,"date":"2015-09-14T06:56:53","date_gmt":"2015-09-14T06:56:53","guid":{"rendered":"http:\/\/www.verkkovaria.fi\/tekniikka\/ulkoverhous\/?page_id=7"},"modified":"2017-04-10T08:39:30","modified_gmt":"2017-04-10T08:39:30","slug":"opiskelijalle","status":"publish","type":"page","link":"https:\/\/www.verkkovaria.fi\/tekniikka\/ulkoverhous\/?page_id=7","title":{"rendered":"Opiskelijalle"},"content":{"rendered":"<p style=\"text-align: left;\">Ulkoverhous- ja kattot\u00f6iden verkko-opintoihin kuuluu kaksi osaa, jotka molemmat suoritetaan ty\u00f6ss\u00e4oppimisjakson aikana:<\/p>\n<p>1. Teoriateht\u00e4vien tekeminen Fronterissa<\/p>\n<p>2 . Ty\u00f6selosteen tekeminen ja sen palautus Fronteriin.<\/p>\n<p style=\"text-align: left;\"><a href=\"http:\/\/www.verkkovaria.fi\/tekniikka\/ulkoverhous\/?page_id=31\">Teht\u00e4v\u00e4 1 &#8211; Teht\u00e4v\u00e4t Fronterissa<\/a><br \/>\n<a href=\"http:\/\/www.verkkovaria.fi\/tekniikka\/ulkoverhous\/?page_id=27\">Teht\u00e4v\u00e4 2 &#8211; Ty\u00f6ohjeen tekeminen<\/a><\/p>\n","protected":false},"excerpt":{"rendered":"<p>Ulkoverhous- ja kattot\u00f6iden verkko-opintoihin kuuluu kaksi osaa, jotka molemmat suoritetaan ty\u00f6ss\u00e4oppimisjakson aikana: 1. Teoriateht\u00e4vien tekeminen Fronterissa 2 . Ty\u00f6selosteen tekeminen ja sen palautus Fronteriin. Teht\u00e4v\u00e4 1 &#8211; Teht\u00e4v\u00e4t Fronterissa Teht\u00e4v\u00e4 2 &#8211; Ty\u00f6ohjeen tekeminen<\/p>\n","protected":false},"author":1,"featured_media":0,"parent":0,"menu_order":0,"comment_status":"closed","ping_status":"closed","template":"","meta":{"footnotes":"","_links_to":"","_links_to_target":""},"class_list":["post-7","page","type-page","status-publish","hentry"],"_links":{"self":[{"href":"https:\/\/www.verkkovaria.fi\/tekniikka\/ulkoverhous\/index.php?rest_route=\/wp\/v2\/pages\/7","targetHints":{"allow":["GET"]}}],"collection":[{"href":"https:\/\/www.verkkovaria.fi\/tekniikka\/ulkoverhous\/index.php?rest_route=\/wp\/v2\/pages"}],"about":[{"href":"https:\/\/www.verkkovaria.fi\/tekniikka\/ulkoverhous\/index.php?rest_route=\/wp\/v2\/types\/page"}],"author":[{"embeddable":true,"href":"https:\/\/www.verkkovaria.fi\/tekniikka\/ulkoverhous\/index.php?rest_route=\/wp\/v2\/users\/1"}],"replies":[{"embeddable":true,"href":"https:\/\/www.verkkovaria.fi\/tekniikka\/ulkoverhous\/index.php?rest_route=%2Fwp%2Fv2%2Fcomments&post=7"}],"version-history":[{"count":7,"href":"https:\/\/www.verkkovaria.fi\/tekniikka\/ulkoverhous\/index.php?rest_route=\/wp\/v2\/pages\/7\/revisions"}],"predecessor-version":[{"id":190,"href":"https:\/\/www.verkkovaria.fi\/tekniikka\/ulkoverhous\/index.php?rest_route=\/wp\/v2\/pages\/7\/revisions\/190"}],"wp:attachment":[{"href":"https:\/\/www.verkkovaria.fi\/tekniikka\/ulkoverhous\/index.php?rest_route=%2Fwp%2Fv2%2Fmedia&parent=7"}],"curies":[{"name":"wp","href":"https:\/\/api.w.org\/{rel}","templated":true}]}}