{"id":79,"date":"2015-09-28T12:36:06","date_gmt":"2015-09-28T12:36:06","guid":{"rendered":"http:\/\/www.verkkovaria.fi\/tekniikka\/ulkoverhous\/?page_id=79"},"modified":"2015-09-29T08:36:05","modified_gmt":"2015-09-29T08:36:05","slug":"opettajalle","status":"publish","type":"page","link":"https:\/\/www.verkkovaria.fi\/tekniikka\/ulkoverhous\/?page_id=79","title":{"rendered":"Opettajalle"},"content":{"rendered":"<p>N\u00e4m\u00e4 verkko-opinnot soveltuvat toteutettavaksi osana Ulkoverhous- ja kattot\u00f6iden opintoja.<br \/>\nJakson tavoitteena on lis\u00e4t\u00e4 opiskelijoiden tietoutta ulkoverhous- ja kattot\u00f6ist\u00e4 ja niihin liittyvist\u00e4 teht\u00e4vist\u00e4.<\/p>\n<p>Opintojakson laajuus on kaksi opintopistett\u00e4 ja se toteutetaan p\u00e4\u00e4osin verkkototeutuksena ty\u00f6ss\u00e4oppimisjakson aikana. Opintojaksoon liittyy kaksi l\u00e4hikontaktikertaa, joista toinen on ennen ty\u00f6ss\u00e4oppimisen ja verkkototeutuksen alkua ja toinen opintojakson p\u00e4\u00e4ttyess\u00e4.<\/p>\n","protected":false},"excerpt":{"rendered":"<p>N\u00e4m\u00e4 verkko-opinnot soveltuvat toteutettavaksi osana Ulkoverhous- ja kattot\u00f6iden opintoja. Jakson tavoitteena on lis\u00e4t\u00e4 opiskelijoiden tietoutta ulkoverhous- ja kattot\u00f6ist\u00e4 ja niihin liittyvist\u00e4 teht\u00e4vist\u00e4. Opintojakson laajuus on kaksi opintopistett\u00e4 ja se toteutetaan p\u00e4\u00e4osin verkkototeutuksena ty\u00f6ss\u00e4oppimisjakson aikana. Opintojaksoon liittyy kaksi l\u00e4hikontaktikertaa, joista toinen on ennen ty\u00f6ss\u00e4oppimisen ja verkkototeutuksen alkua ja toinen opintojakson p\u00e4\u00e4ttyess\u00e4.<\/p>\n","protected":false},"author":1,"featured_media":0,"parent":0,"menu_order":0,"comment_status":"closed","ping_status":"closed","template":"","meta":{"footnotes":"","_links_to":"","_links_to_target":""},"class_list":["post-79","page","type-page","status-publish","hentry"],"_links":{"self":[{"href":"https:\/\/www.verkkovaria.fi\/tekniikka\/ulkoverhous\/index.php?rest_route=\/wp\/v2\/pages\/79","targetHints":{"allow":["GET"]}}],"collection":[{"href":"https:\/\/www.verkkovaria.fi\/tekniikka\/ulkoverhous\/index.php?rest_route=\/wp\/v2\/pages"}],"about":[{"href":"https:\/\/www.verkkovaria.fi\/tekniikka\/ulkoverhous\/index.php?rest_route=\/wp\/v2\/types\/page"}],"author":[{"embeddable":true,"href":"https:\/\/www.verkkovaria.fi\/tekniikka\/ulkoverhous\/index.php?rest_route=\/wp\/v2\/users\/1"}],"replies":[{"embeddable":true,"href":"https:\/\/www.verkkovaria.fi\/tekniikka\/ulkoverhous\/index.php?rest_route=%2Fwp%2Fv2%2Fcomments&post=79"}],"version-history":[{"count":2,"href":"https:\/\/www.verkkovaria.fi\/tekniikka\/ulkoverhous\/index.php?rest_route=\/wp\/v2\/pages\/79\/revisions"}],"predecessor-version":[{"id":99,"href":"https:\/\/www.verkkovaria.fi\/tekniikka\/ulkoverhous\/index.php?rest_route=\/wp\/v2\/pages\/79\/revisions\/99"}],"wp:attachment":[{"href":"https:\/\/www.verkkovaria.fi\/tekniikka\/ulkoverhous\/index.php?rest_route=%2Fwp%2Fv2%2Fmedia&parent=79"}],"curies":[{"name":"wp","href":"https:\/\/api.w.org\/{rel}","templated":true}]}}