{"id":88,"date":"2015-09-28T12:41:31","date_gmt":"2015-09-28T12:41:31","guid":{"rendered":"http:\/\/www.verkkovaria.fi\/tekniikka\/ulkoverhous\/?page_id=88"},"modified":"2016-06-21T14:26:37","modified_gmt":"2016-06-21T14:26:37","slug":"ohjeita-verkko-opiskeluun","status":"publish","type":"page","link":"https:\/\/www.verkkovaria.fi\/tekniikka\/ulkoverhous\/?page_id=88","title":{"rendered":"Ohjeita verkko-opetukseen"},"content":{"rendered":"<p>N\u00e4m\u00e4 verkko-opinnot soveltuvat toteutettavaksi osana Ulkoverhous ja kattoty\u00f6t -tutkinnon osan\u00a0opintoja. Sis\u00e4ll\u00f6n\u00a0tavoitteena on lis\u00e4t\u00e4 opiskelijoiden tietoutta ulkoverhous ja kattoty\u00f6t -tutkinnon osaan kuuluvista t\u00f6ist\u00e4 ja niihin liittyvist\u00e4 teht\u00e4vist\u00e4.<\/p>\n<p>Verkkototeutus opiskellaan p\u00e4\u00e4osin\u00a0ty\u00f6ss\u00e4oppimisjakson aikana. Opintoihin liittyy kaksi l\u00e4hikontaktikertaa, joista toinen on ennen ty\u00f6ss\u00e4oppimisen ja verkkototeutuksen alkua ja toinen opintojen\u00a0p\u00e4\u00e4ttyess\u00e4.<\/p>\n<p>Tekij\u00e4:<br \/>\nLiisa Huittinen<br \/>\nliisa.huittinen(at)eduvantaa.fi<br \/>\n043 825 4944<\/p>\n","protected":false},"excerpt":{"rendered":"<p>N\u00e4m\u00e4 verkko-opinnot soveltuvat toteutettavaksi osana Ulkoverhous ja kattoty\u00f6t -tutkinnon osan\u00a0opintoja. Sis\u00e4ll\u00f6n\u00a0tavoitteena on lis\u00e4t\u00e4 opiskelijoiden tietoutta ulkoverhous ja kattoty\u00f6t -tutkinnon osaan kuuluvista t\u00f6ist\u00e4 ja niihin liittyvist\u00e4 teht\u00e4vist\u00e4. Verkkototeutus opiskellaan p\u00e4\u00e4osin\u00a0ty\u00f6ss\u00e4oppimisjakson aikana. Opintoihin liittyy kaksi l\u00e4hikontaktikertaa, joista toinen on ennen ty\u00f6ss\u00e4oppimisen ja verkkototeutuksen alkua ja toinen opintojen\u00a0p\u00e4\u00e4ttyess\u00e4. Tekij\u00e4: Liisa Huittinen liisa.huittinen(at)eduvantaa.fi 043 825 4944<\/p>\n","protected":false},"author":1,"featured_media":0,"parent":0,"menu_order":0,"comment_status":"closed","ping_status":"closed","template":"","meta":{"footnotes":"","_links_to":"","_links_to_target":""},"class_list":["post-88","page","type-page","status-publish","hentry"],"_links":{"self":[{"href":"https:\/\/www.verkkovaria.fi\/tekniikka\/ulkoverhous\/index.php?rest_route=\/wp\/v2\/pages\/88","targetHints":{"allow":["GET"]}}],"collection":[{"href":"https:\/\/www.verkkovaria.fi\/tekniikka\/ulkoverhous\/index.php?rest_route=\/wp\/v2\/pages"}],"about":[{"href":"https:\/\/www.verkkovaria.fi\/tekniikka\/ulkoverhous\/index.php?rest_route=\/wp\/v2\/types\/page"}],"author":[{"embeddable":true,"href":"https:\/\/www.verkkovaria.fi\/tekniikka\/ulkoverhous\/index.php?rest_route=\/wp\/v2\/users\/1"}],"replies":[{"embeddable":true,"href":"https:\/\/www.verkkovaria.fi\/tekniikka\/ulkoverhous\/index.php?rest_route=%2Fwp%2Fv2%2Fcomments&post=88"}],"version-history":[{"count":3,"href":"https:\/\/www.verkkovaria.fi\/tekniikka\/ulkoverhous\/index.php?rest_route=\/wp\/v2\/pages\/88\/revisions"}],"predecessor-version":[{"id":183,"href":"https:\/\/www.verkkovaria.fi\/tekniikka\/ulkoverhous\/index.php?rest_route=\/wp\/v2\/pages\/88\/revisions\/183"}],"wp:attachment":[{"href":"https:\/\/www.verkkovaria.fi\/tekniikka\/ulkoverhous\/index.php?rest_route=%2Fwp%2Fv2%2Fmedia&parent=88"}],"curies":[{"name":"wp","href":"https:\/\/api.w.org\/{rel}","templated":true}]}}