{"id":9,"date":"2015-09-14T08:08:49","date_gmt":"2015-09-14T08:08:49","guid":{"rendered":"http:\/\/www.verkkovaria.fi\/tekniikka\/ulkoverhous\/?page_id=9"},"modified":"2017-04-10T10:17:03","modified_gmt":"2017-04-10T10:17:03","slug":"etusivu","status":"publish","type":"page","link":"https:\/\/www.verkkovaria.fi\/tekniikka\/ulkoverhous\/","title":{"rendered":"Ulkoverhous- ja kattoty\u00f6t"},"content":{"rendered":"<p style=\"text-align: left;\">Tervetuloa ulkoverhous- ja kattot\u00f6iden ihmeit\u00e4 t\u00e4ynn\u00e4 olevaan maailmaan!<\/p>\n<p style=\"text-align: left;\">Ulkoverhous- ja kattoty\u00f6t tutkinnon osa opiskellaan ja suoritetaan p\u00e4\u00e4asiassa ty\u00f6ss\u00e4oppimispaikalla, ty\u00f6ss\u00e4oppimisjakson aikana.<\/p>\n<p style=\"text-align: left;\">N\u00e4m\u00e4\u00a0verkossa opiskeltavat\u00a0opinnot\u00a0tukevat ty\u00f6ss\u00e4oppimistasi ja perehdytt\u00e4v\u00e4t sinua tarkemmin ulkoverhous- ja kattot\u00f6ihin. Verkkototeutuksen\u00a0tavoitteena on soveltaa oppimaasi k\u00e4yt\u00e4nt\u00f6\u00f6n ja tuoda\u00a0k\u00e4yt\u00e4nn\u00f6nl\u00e4heist\u00e4 n\u00e4k\u00f6kulmaa ulkoverhous- ja kattot\u00f6iden opiskeluun.<\/p>\n<p style=\"text-align: left;\">Alkuun p\u00e4\u00e4set\u00a0<strong><a href=\"http:\/\/www.verkkovaria.fi\/tekniikka\/ulkoverhous\/?page_id=7\">Opiskelijalle<\/a><\/strong>-valikosta, josta l\u00f6yd\u00e4t kaikki verkko-opintojen teht\u00e4v\u00e4t sek\u00e4 muuta hy\u00f6dyllist\u00e4 tietoa ulkoverhous- ja kattot\u00f6ist\u00e4 ja verkko-opintojen opiskelusta.<\/p>\n<p style=\"text-align: left;\">Opettaja seuraa ja ohjaa teht\u00e4viesi edistymist\u00e4 koko ty\u00f6ss\u00e4oppimisjakson ajan.<\/p>\n<p style=\"text-align: left;\">Jos haluat opiskella ulkoverhous- ja kattot\u00f6iden\u00a0verkko-opintoja, niin ota yhteytt\u00e4:<br \/>\nLiisa Huittinen<br \/>\nliisa.huittinen(at)eduvantaa.fi<br \/>\n043 825 4944<\/p>\n<p style=\"text-align: left;\">Voit my\u00f6s olla yhteydess\u00e4 ryhm\u00e4nohjaajaasi tai opinto-ohjaajaan. He ohjaavat sinua opinnoissasi eteenp\u00e4in.<\/p>\n","protected":false},"excerpt":{"rendered":"<p>Tervetuloa ulkoverhous- ja kattot\u00f6iden ihmeit\u00e4 t\u00e4ynn\u00e4 olevaan maailmaan! Ulkoverhous- ja kattoty\u00f6t tutkinnon osa opiskellaan ja suoritetaan p\u00e4\u00e4asiassa ty\u00f6ss\u00e4oppimispaikalla, ty\u00f6ss\u00e4oppimisjakson aikana. N\u00e4m\u00e4\u00a0verkossa opiskeltavat\u00a0opinnot\u00a0tukevat ty\u00f6ss\u00e4oppimistasi ja perehdytt\u00e4v\u00e4t sinua tarkemmin ulkoverhous- ja kattot\u00f6ihin. Verkkototeutuksen\u00a0tavoitteena on soveltaa oppimaasi k\u00e4yt\u00e4nt\u00f6\u00f6n ja tuoda\u00a0k\u00e4yt\u00e4nn\u00f6nl\u00e4heist\u00e4 n\u00e4k\u00f6kulmaa ulkoverhous- ja kattot\u00f6iden opiskeluun. Alkuun p\u00e4\u00e4set\u00a0Opiskelijalle-valikosta, josta l\u00f6yd\u00e4t kaikki verkko-opintojen teht\u00e4v\u00e4t sek\u00e4 muuta hy\u00f6dyllist\u00e4 tietoa ulkoverhous- ja &hellip; <a href=\"https:\/\/www.verkkovaria.fi\/tekniikka\/ulkoverhous\/\">Continued<\/a><\/p>\n","protected":false},"author":1,"featured_media":0,"parent":0,"menu_order":0,"comment_status":"closed","ping_status":"closed","template":"frontpage.php","meta":{"footnotes":"","_links_to":"","_links_to_target":""},"class_list":["post-9","page","type-page","status-publish","hentry"],"_links":{"self":[{"href":"https:\/\/www.verkkovaria.fi\/tekniikka\/ulkoverhous\/index.php?rest_route=\/wp\/v2\/pages\/9","targetHints":{"allow":["GET"]}}],"collection":[{"href":"https:\/\/www.verkkovaria.fi\/tekniikka\/ulkoverhous\/index.php?rest_route=\/wp\/v2\/pages"}],"about":[{"href":"https:\/\/www.verkkovaria.fi\/tekniikka\/ulkoverhous\/index.php?rest_route=\/wp\/v2\/types\/page"}],"author":[{"embeddable":true,"href":"https:\/\/www.verkkovaria.fi\/tekniikka\/ulkoverhous\/index.php?rest_route=\/wp\/v2\/users\/1"}],"replies":[{"embeddable":true,"href":"https:\/\/www.verkkovaria.fi\/tekniikka\/ulkoverhous\/index.php?rest_route=%2Fwp%2Fv2%2Fcomments&post=9"}],"version-history":[{"count":16,"href":"https:\/\/www.verkkovaria.fi\/tekniikka\/ulkoverhous\/index.php?rest_route=\/wp\/v2\/pages\/9\/revisions"}],"predecessor-version":[{"id":195,"href":"https:\/\/www.verkkovaria.fi\/tekniikka\/ulkoverhous\/index.php?rest_route=\/wp\/v2\/pages\/9\/revisions\/195"}],"wp:attachment":[{"href":"https:\/\/www.verkkovaria.fi\/tekniikka\/ulkoverhous\/index.php?rest_route=%2Fwp%2Fv2%2Fmedia&parent=9"}],"curies":[{"name":"wp","href":"https:\/\/api.w.org\/{rel}","templated":true}]}}