{"id":117,"date":"2015-10-19T10:23:32","date_gmt":"2015-10-19T07:23:32","guid":{"rendered":"http:\/\/www.verkkovaria.fi\/topturva\/?page_id=117"},"modified":"2016-04-05T13:04:40","modified_gmt":"2016-04-05T10:04:40","slug":"opiskeluprosessi","status":"publish","type":"page","link":"https:\/\/www.verkkovaria.fi\/topturva\/?page_id=117","title":{"rendered":"Opiskeluprosessi"},"content":{"rendered":"<p style=\"text-align: left;\"><b>OPISKELIJALLE<\/b><\/p>\n<p>Kaikki t\u00e4m\u00e4n verkkototeutuksen teht\u00e4v\u00e4t on tarkoitus tehd\u00e4 pareittain tai pieniss\u00e4 ryhmiss\u00e4. Teht\u00e4vien tuotokset esitell\u00e4\u00e4n ryhm\u00e4lle ja tuotoksista keskustellaan opettajan\/ryhm\u00e4nohjaajan\/ty\u00f6paikalla tapahtuvaa oppimista ohjaavan opettajan kanssa. Valmiit tuotokset tallennetaan, jotta niihin voidaan palata,\u00a0kun Ty\u00f6turvallisuusopasta k\u00e4sitell\u00e4\u00e4n uudelleen. S\u00e4hk\u00f6isille materiaaleille hyv\u00e4 tallennuspaikka on\u00a0ryhm\u00e4n yhteinen tallennuskansio joko <a href=\"https:\/\/fronter.com\/vantaa\/\" target=\"_blank\">Fronterissa<\/a>, <a href=\"http:\/\/www.verkkovaria.fi\/one-drive\/\" target=\"_blank\">OneDrivessa<\/a>, <a href=\"http:\/\/www.verkkovaria.fi\/topturva\/?page_id=43\" target=\"_blank\">Google Drivessa<\/a> tai muussa soveltuvassa opettajan kanssa sovitussa tallennuspaikassa. Manuaaliset\u00a0materiaalit\u00a0on\u00a0hyv\u00e4 laittaa n\u00e4kyv\u00e4lle paikalle, kuten luokan sein\u00e4 tai muu opettajan kanssa yhteisesti sovittu tila. Ty\u00f6turvallisuusoppaaseen on tarkoitus palata ennen jokaista ty\u00f6paikalla tapahtuvan oppimisen jaksoa ja aina, kun tarvetta ilmenee.<\/p>\n<p style=\"text-align: left;\"><strong>Antoisia oppimishetki\u00e4!<\/strong><\/p>\n<p>Halutessasi opiskella Turvallisesti ty\u00f6ss\u00e4oppimaan -verkkototeutusta, ota yhteys vastaavaan opettajaan. Yhteystiedot ovat:<\/p>\n<p>Janne Saari<br \/>Tuntiopettaja<br \/>Kone- ja metalliala<br \/>GSM. +358(0)40\u00a0844 9966<br \/>s\u00e4hk\u00f6posti: janne.saari@eduvantaa.fi<\/p>\n<p>Voit my\u00f6s olla yhteydess\u00e4 opinto-ohjaajaan tai ryhm\u00e4nohjaajaan, jotka ohjaavat sinua opinnoissasi eteenp\u00e4in.<\/p>\n","protected":false},"excerpt":{"rendered":"<p>OPISKELIJALLE Kaikki t\u00e4m\u00e4n verkkototeutuksen teht\u00e4v\u00e4t on tarkoitus tehd\u00e4 pareittain tai pieniss\u00e4 ryhmiss\u00e4. Teht\u00e4vien tuotokset esitell\u00e4\u00e4n ryhm\u00e4lle ja tuotoksista keskustellaan opettajan\/ryhm\u00e4nohjaajan\/ty\u00f6paikalla tapahtuvaa oppimista ohjaavan opettajan kanssa. Valmiit tuotokset tallennetaan, jotta niihin voidaan palata,\u00a0kun Ty\u00f6turvallisuusopasta k\u00e4sitell\u00e4\u00e4n uudelleen. S\u00e4hk\u00f6isille materiaaleille hyv\u00e4 tallennuspaikka on\u00a0ryhm\u00e4n yhteinen tallennuskansio joko Fronterissa, OneDrivessa, Google Drivessa tai muussa soveltuvassa opettajan kanssa sovitussa tallennuspaikassa. Manuaaliset\u00a0materiaalit\u00a0on\u00a0hyv\u00e4 &hellip; <a href=\"https:\/\/www.verkkovaria.fi\/topturva\/?page_id=117\">Continued<\/a><\/p>\n","protected":false},"author":1,"featured_media":0,"parent":0,"menu_order":0,"comment_status":"closed","ping_status":"closed","template":"","meta":{"footnotes":"","_links_to":"","_links_to_target":""},"class_list":["post-117","page","type-page","status-publish","hentry"],"_links":{"self":[{"href":"https:\/\/www.verkkovaria.fi\/topturva\/index.php?rest_route=\/wp\/v2\/pages\/117","targetHints":{"allow":["GET"]}}],"collection":[{"href":"https:\/\/www.verkkovaria.fi\/topturva\/index.php?rest_route=\/wp\/v2\/pages"}],"about":[{"href":"https:\/\/www.verkkovaria.fi\/topturva\/index.php?rest_route=\/wp\/v2\/types\/page"}],"author":[{"embeddable":true,"href":"https:\/\/www.verkkovaria.fi\/topturva\/index.php?rest_route=\/wp\/v2\/users\/1"}],"replies":[{"embeddable":true,"href":"https:\/\/www.verkkovaria.fi\/topturva\/index.php?rest_route=%2Fwp%2Fv2%2Fcomments&post=117"}],"version-history":[{"count":7,"href":"https:\/\/www.verkkovaria.fi\/topturva\/index.php?rest_route=\/wp\/v2\/pages\/117\/revisions"}],"predecessor-version":[{"id":198,"href":"https:\/\/www.verkkovaria.fi\/topturva\/index.php?rest_route=\/wp\/v2\/pages\/117\/revisions\/198"}],"wp:attachment":[{"href":"https:\/\/www.verkkovaria.fi\/topturva\/index.php?rest_route=%2Fwp%2Fv2%2Fmedia&parent=117"}],"curies":[{"name":"wp","href":"https:\/\/api.w.org\/{rel}","templated":true}]}}