{"id":43,"date":"2015-09-08T16:50:11","date_gmt":"2015-09-08T13:50:11","guid":{"rendered":"http:\/\/www.verkkovaria.fi\/topturva\/?page_id=43"},"modified":"2015-09-08T16:53:02","modified_gmt":"2015-09-08T13:53:02","slug":"google-drive","status":"publish","type":"page","link":"https:\/\/www.verkkovaria.fi\/topturva\/?page_id=43","title":{"rendered":"Google Drive"},"content":{"rendered":"<p>Google Drive sovellusta voi k\u00e4ytt\u00e4\u00e4 tietokoneelta, selaimelta tai mobiililaitteilta. Palveluun tarvitset Google- tunnukset, jotka Vantaan oppilaitoksissa ovat tablet- laitteissa valmiina.<\/p>\n<p>\u00a0<\/p>\n<p><a href=\"https:\/\/www.google.com\/drive\/\">Google Driveen<\/a><\/p>\n","protected":false},"excerpt":{"rendered":"<p>Google Drive sovellusta voi k\u00e4ytt\u00e4\u00e4 tietokoneelta, selaimelta tai mobiililaitteilta. Palveluun tarvitset Google- tunnukset, jotka Vantaan oppilaitoksissa ovat tablet- laitteissa valmiina. \u00a0 Google Driveen<\/p>\n","protected":false},"author":1,"featured_media":0,"parent":0,"menu_order":0,"comment_status":"closed","ping_status":"closed","template":"","meta":{"footnotes":"","_links_to":"","_links_to_target":""},"class_list":["post-43","page","type-page","status-publish","hentry"],"_links":{"self":[{"href":"https:\/\/www.verkkovaria.fi\/topturva\/index.php?rest_route=\/wp\/v2\/pages\/43","targetHints":{"allow":["GET"]}}],"collection":[{"href":"https:\/\/www.verkkovaria.fi\/topturva\/index.php?rest_route=\/wp\/v2\/pages"}],"about":[{"href":"https:\/\/www.verkkovaria.fi\/topturva\/index.php?rest_route=\/wp\/v2\/types\/page"}],"author":[{"embeddable":true,"href":"https:\/\/www.verkkovaria.fi\/topturva\/index.php?rest_route=\/wp\/v2\/users\/1"}],"replies":[{"embeddable":true,"href":"https:\/\/www.verkkovaria.fi\/topturva\/index.php?rest_route=%2Fwp%2Fv2%2Fcomments&post=43"}],"version-history":[{"count":2,"href":"https:\/\/www.verkkovaria.fi\/topturva\/index.php?rest_route=\/wp\/v2\/pages\/43\/revisions"}],"predecessor-version":[{"id":46,"href":"https:\/\/www.verkkovaria.fi\/topturva\/index.php?rest_route=\/wp\/v2\/pages\/43\/revisions\/46"}],"wp:attachment":[{"href":"https:\/\/www.verkkovaria.fi\/topturva\/index.php?rest_route=%2Fwp%2Fv2%2Fmedia&parent=43"}],"curies":[{"name":"wp","href":"https:\/\/api.w.org\/{rel}","templated":true}]}}