{"id":54,"date":"2015-09-08T18:07:49","date_gmt":"2015-09-08T15:07:49","guid":{"rendered":"http:\/\/www.verkkovaria.fi\/topturva\/?page_id=54"},"modified":"2016-07-24T14:37:44","modified_gmt":"2016-07-24T11:37:44","slug":"vastuut-ja-velvollisuudet","status":"publish","type":"page","link":"https:\/\/www.verkkovaria.fi\/topturva\/?page_id=54","title":{"rendered":"Vastuut ja velvollisuudet"},"content":{"rendered":"<p style=\"text-align: left;\"><strong>VASTUUT JA VELVOLLISUUDET<\/strong><\/p>\n<p style=\"text-align: left;\">Jakautukaa kolmeen (3) ryhm\u00e4\u00e4n. Selvitt\u00e4k\u00e4\u00e4 ryhm\u00e4ss\u00e4\u00a0<a href=\"http:\/\/www.verkkovaria.fi\/topturva\/wp-content\/uploads\/2015\/09\/Tyoturvallisuusopas_nettipdf.pdf\">Ty\u00f6turvallisuusoppaan<\/a>\u00a0avulla mitk\u00e4 lait ja asetukset\u00a0ensisijaisesti liittyv\u00e4t\/vaikuttavat opiskelijan ty\u00f6turvallisuuteen oppilaitoksessa tai ty\u00f6paikalla. Koostakaa lakien ja asetusten ty\u00f6turvallisuuteen liittyv\u00e4t p\u00e4\u00e4kohdat visuaalisesti, kuten kuvin, videoin, piirroksin, n\u00e4ytelm\u00e4n\u00e4 siten, ett\u00e4<\/p>\n<ul>\n<li style=\"text-align: left;\">ensimm\u00e4inen ryhm\u00e4 koostaa p\u00e4\u00e4kohdat koulutuksen j\u00e4rjest\u00e4j\u00e4n n\u00e4k\u00f6kulmasta,<\/li>\n<li style=\"text-align: left;\">toinen ryhm\u00e4 ty\u00f6paikan n\u00e4k\u00f6kulmasta ja<\/li>\n<li style=\"text-align: left;\">kolmas ryhm\u00e4 opiskelijan ja opettajan n\u00e4k\u00f6kulmasta.<\/li>\n<\/ul>\n<p style=\"text-align: left;\">Esitelk\u00e4\u00e4 tuotoksenne muille ryhmille.<\/p>\n","protected":false},"excerpt":{"rendered":"<p>VASTUUT JA VELVOLLISUUDET Jakautukaa kolmeen (3) ryhm\u00e4\u00e4n. Selvitt\u00e4k\u00e4\u00e4 ryhm\u00e4ss\u00e4\u00a0Ty\u00f6turvallisuusoppaan\u00a0avulla mitk\u00e4 lait ja asetukset\u00a0ensisijaisesti liittyv\u00e4t\/vaikuttavat opiskelijan ty\u00f6turvallisuuteen oppilaitoksessa tai ty\u00f6paikalla. Koostakaa lakien ja asetusten ty\u00f6turvallisuuteen liittyv\u00e4t p\u00e4\u00e4kohdat visuaalisesti, kuten kuvin, videoin, piirroksin, n\u00e4ytelm\u00e4n\u00e4 siten, ett\u00e4 ensimm\u00e4inen ryhm\u00e4 koostaa p\u00e4\u00e4kohdat koulutuksen j\u00e4rjest\u00e4j\u00e4n n\u00e4k\u00f6kulmasta, toinen ryhm\u00e4 ty\u00f6paikan n\u00e4k\u00f6kulmasta ja kolmas ryhm\u00e4 opiskelijan ja opettajan n\u00e4k\u00f6kulmasta. Esitelk\u00e4\u00e4 tuotoksenne muille &hellip; <a href=\"https:\/\/www.verkkovaria.fi\/topturva\/?page_id=54\">Continued<\/a><\/p>\n","protected":false},"author":1,"featured_media":0,"parent":0,"menu_order":0,"comment_status":"closed","ping_status":"closed","template":"","meta":{"footnotes":"","_links_to":"","_links_to_target":""},"class_list":["post-54","page","type-page","status-publish","hentry"],"_links":{"self":[{"href":"https:\/\/www.verkkovaria.fi\/topturva\/index.php?rest_route=\/wp\/v2\/pages\/54","targetHints":{"allow":["GET"]}}],"collection":[{"href":"https:\/\/www.verkkovaria.fi\/topturva\/index.php?rest_route=\/wp\/v2\/pages"}],"about":[{"href":"https:\/\/www.verkkovaria.fi\/topturva\/index.php?rest_route=\/wp\/v2\/types\/page"}],"author":[{"embeddable":true,"href":"https:\/\/www.verkkovaria.fi\/topturva\/index.php?rest_route=\/wp\/v2\/users\/1"}],"replies":[{"embeddable":true,"href":"https:\/\/www.verkkovaria.fi\/topturva\/index.php?rest_route=%2Fwp%2Fv2%2Fcomments&post=54"}],"version-history":[{"count":6,"href":"https:\/\/www.verkkovaria.fi\/topturva\/index.php?rest_route=\/wp\/v2\/pages\/54\/revisions"}],"predecessor-version":[{"id":210,"href":"https:\/\/www.verkkovaria.fi\/topturva\/index.php?rest_route=\/wp\/v2\/pages\/54\/revisions\/210"}],"wp:attachment":[{"href":"https:\/\/www.verkkovaria.fi\/topturva\/index.php?rest_route=%2Fwp%2Fv2%2Fmedia&parent=54"}],"curies":[{"name":"wp","href":"https:\/\/api.w.org\/{rel}","templated":true}]}}