{"id":60,"date":"2015-09-08T18:09:43","date_gmt":"2015-09-08T15:09:43","guid":{"rendered":"http:\/\/www.verkkovaria.fi\/topturva\/?page_id=60"},"modified":"2016-07-24T14:40:55","modified_gmt":"2016-07-24T11:40:55","slug":"perehdytys","status":"publish","type":"page","link":"https:\/\/www.verkkovaria.fi\/topturva\/?page_id=60","title":{"rendered":"Perehdytys"},"content":{"rendered":"<p style=\"text-align: left;\"><strong>PEREHDYTYS VAI EREHDYTYS?!<\/strong><\/p>\n<p>Olette saaneet ty\u00f6parisi kanssa teht\u00e4v\u00e4ksi perehdytt\u00e4\u00e4 uuden ty\u00f6ntekij\u00e4n yritykseenne. Kuvatkaa video tai tehk\u00e4\u00e4 tekstitetty SlideShow oman alanne ty\u00f6tilojen perehdytyskierroksesta k\u00e4ytt\u00e4en apuna Ty\u00f6turvallisuusoppaan Ty\u00f6turvallisuuden perehdytyksen muistilista opiskelijalle, ty\u00f6paikkaohjaajalle ja opettajalle -liitett\u00e4. Nostakaa esille kolme (3) mielest\u00e4nne t\u00e4rkeint\u00e4 perehdytykseen liittyv\u00e4\u00e4 asiaa tekem\u00e4ll\u00e4 esitykseenne niist\u00e4 N\u00e4in &#8211; Ei n\u00e4in vastakkainasettelu.<\/p>\n<p>N\u00e4ytt\u00e4k\u00e4\u00e4 esitys ryhm\u00e4llenne ja ottakaa ryhm\u00e4n\u00e4 sen j\u00e4lkeen kantaa ainakin seuraaviin kysymyksiin:<\/p>\n<ul>\n<li>Oliko perehdytys riitt\u00e4v\u00e4?<\/li>\n<li>J\u00e4ik\u00f6 perehdytyksest\u00e4 jotain puuttumaan?<\/li>\n<li>Mik\u00e4 perehdytyksess\u00e4 oli hyv\u00e4\u00e4?<\/li>\n<li>Onko teid\u00e4t perehdytetty tullessanne oppilaitokseen\/uuteen ty\u00f6paikkaan?<\/li>\n<li>Oliko saamanne perehdytys riitt\u00e4v\u00e4?<\/li>\n<\/ul>\n","protected":false},"excerpt":{"rendered":"<p>PEREHDYTYS VAI EREHDYTYS?! Olette saaneet ty\u00f6parisi kanssa teht\u00e4v\u00e4ksi perehdytt\u00e4\u00e4 uuden ty\u00f6ntekij\u00e4n yritykseenne. Kuvatkaa video tai tehk\u00e4\u00e4 tekstitetty SlideShow oman alanne ty\u00f6tilojen perehdytyskierroksesta k\u00e4ytt\u00e4en apuna Ty\u00f6turvallisuusoppaan Ty\u00f6turvallisuuden perehdytyksen muistilista opiskelijalle, ty\u00f6paikkaohjaajalle ja opettajalle -liitett\u00e4. Nostakaa esille kolme (3) mielest\u00e4nne t\u00e4rkeint\u00e4 perehdytykseen liittyv\u00e4\u00e4 asiaa tekem\u00e4ll\u00e4 esitykseenne niist\u00e4 N\u00e4in &#8211; Ei n\u00e4in vastakkainasettelu. N\u00e4ytt\u00e4k\u00e4\u00e4 esitys ryhm\u00e4llenne ja ottakaa &hellip; <a href=\"https:\/\/www.verkkovaria.fi\/topturva\/?page_id=60\">Continued<\/a><\/p>\n","protected":false},"author":1,"featured_media":0,"parent":0,"menu_order":0,"comment_status":"closed","ping_status":"closed","template":"","meta":{"footnotes":"","_links_to":"","_links_to_target":""},"class_list":["post-60","page","type-page","status-publish","hentry"],"_links":{"self":[{"href":"https:\/\/www.verkkovaria.fi\/topturva\/index.php?rest_route=\/wp\/v2\/pages\/60","targetHints":{"allow":["GET"]}}],"collection":[{"href":"https:\/\/www.verkkovaria.fi\/topturva\/index.php?rest_route=\/wp\/v2\/pages"}],"about":[{"href":"https:\/\/www.verkkovaria.fi\/topturva\/index.php?rest_route=\/wp\/v2\/types\/page"}],"author":[{"embeddable":true,"href":"https:\/\/www.verkkovaria.fi\/topturva\/index.php?rest_route=\/wp\/v2\/users\/1"}],"replies":[{"embeddable":true,"href":"https:\/\/www.verkkovaria.fi\/topturva\/index.php?rest_route=%2Fwp%2Fv2%2Fcomments&post=60"}],"version-history":[{"count":6,"href":"https:\/\/www.verkkovaria.fi\/topturva\/index.php?rest_route=\/wp\/v2\/pages\/60\/revisions"}],"predecessor-version":[{"id":212,"href":"https:\/\/www.verkkovaria.fi\/topturva\/index.php?rest_route=\/wp\/v2\/pages\/60\/revisions\/212"}],"wp:attachment":[{"href":"https:\/\/www.verkkovaria.fi\/topturva\/index.php?rest_route=%2Fwp%2Fv2%2Fmedia&parent=60"}],"curies":[{"name":"wp","href":"https:\/\/api.w.org\/{rel}","templated":true}]}}