{"id":63,"date":"2015-09-08T18:10:48","date_gmt":"2015-09-08T15:10:48","guid":{"rendered":"http:\/\/www.verkkovaria.fi\/topturva\/?page_id=63"},"modified":"2016-07-24T14:41:33","modified_gmt":"2016-07-24T11:41:33","slug":"vaatteet-on-mun-aatteet-tyo-ja-suojavaatetus","status":"publish","type":"page","link":"https:\/\/www.verkkovaria.fi\/topturva\/?page_id=63","title":{"rendered":"Vaatteet on mun aatteet &#8211; Ty\u00f6- ja suojavaatetus"},"content":{"rendered":"<p style=\"text-align: left;\"><strong>TY\u00d6- JA SUOJAVAATTEET<\/strong><\/p>\n<p>Ottakaa pareittain selv\u00e4\u00e4 mink\u00e4laisia ty\u00f6- ja\/tai suojavaatteita omalla opiskeluallanne tarvitaan. Selvitt\u00e4k\u00e4\u00e4 ainakin seuraavat asiat:<\/p>\n<ul>\n<li>Mit\u00e4 alasi ty\u00f6-\/suojavaatekokonaisuuteen kuuluu?<\/li>\n<li>Mit\u00e4 mahdollisia erityisominaisuuksia alasi ty\u00f6-\/suojavaatekokonaisuuteen kuuluu?<\/li>\n<li>Mink\u00e4laiset ovat alasi hyv\u00e4t ty\u00f6-\/suojavaatteet?<\/li>\n<li>Miksi alallasi tarvitaan ty\u00f6-\/suojavaatteita?<\/li>\n<li>Mink\u00e4lainen on alallasi noudatettava pukeutumiskoodi?<\/li>\n<li>Miss\u00e4 ja milloin alasi pukeutumiskoodia noudatetaan?<\/li>\n<li>Mit\u00e4 mahdollisesti\u00a0alasi\u00a0ty\u00f6-\/suojavaatetuksessa ei saa olla?<\/li>\n<li>Miksi em. on kielletty\u00e4?<\/li>\n<\/ul>\n<p style=\"text-align: left;\">\n<p style=\"text-align: left;\"><strong>HENKIL\u00d6SUOJAIMET<\/strong><\/p>\n<p style=\"text-align: left;\">Ottakaa pareittain selv\u00e4\u00e4 tarvitaanko opiskelualallanne ty\u00f6- ja suojavaatteiden lis\u00e4ksi henkil\u00f6suojaimia. Jos tarvitaan, selvitt\u00e4k\u00e4\u00e4 ainakin seuraavat asiat:<\/p>\n<ul>\n<li style=\"text-align: left;\">Mit\u00e4 henkil\u00f6suojaimia alallanne tarvitaan?<\/li>\n<li style=\"text-align: left;\">Miksi em. henkil\u00f6suojaimia tarvitaan?<\/li>\n<li style=\"text-align: left;\">Mitk\u00e4 ovat\u00a0mahdollisesti tarvittavien henkil\u00f6suojaimien erityisominaisuudet?<\/li>\n<li style=\"text-align: left;\">Mik\u00e4 on mahdollisesti tarvittavien henkil\u00f6suojaimien uusimistarve?<\/li>\n<li style=\"text-align: left;\">Milloin em. suojaimet tulee uusia?<\/li>\n<li style=\"text-align: left;\">Mit\u00e4 henkil\u00f6kohtaisissa suojaimissa ei saa olla?<\/li>\n<li style=\"text-align: left;\">Miksi em. asiat ovat kiellettyj\u00e4?<\/li>\n<\/ul>\n<p style=\"text-align: left;\">\nKun edell\u00e4 mainitut asiat on selvitetty, esitelk\u00e4\u00e4 pareittain muulle ryhm\u00e4lle omat ty\u00f6-\/suojavaatteet muotin\u00e4yt\u00f6styyliin joko ryhm\u00e4n edess\u00e4 tai videoituna. Toinen juontaa\u00a0toisen lavalle ja esittelee ty\u00f6-\/suojavaatekokoneisuuden esitt\u00e4en mahdollisimman monta\u00a0edell\u00e4 kuvatunlaista ty\u00f6-\/suojavaatteiden ja henkil\u00f6suojainten ominaisuutta. Ty\u00f6-\/suojavaatekokonaisuudet esitell\u00e4\u00e4n vuorotellen. Jokaisen esityksen j\u00e4lkeen keskustellaan kuinka esitelty ty\u00f6-\/suojavaatekokonaisuus vastaa vaatimuksia ja mit\u00e4 mahdollisesti pit\u00e4isi muuttaa\/korjata.<\/p>\n","protected":false},"excerpt":{"rendered":"<p>TY\u00d6- JA SUOJAVAATTEET Ottakaa pareittain selv\u00e4\u00e4 mink\u00e4laisia ty\u00f6- ja\/tai suojavaatteita omalla opiskeluallanne tarvitaan. Selvitt\u00e4k\u00e4\u00e4 ainakin seuraavat asiat: Mit\u00e4 alasi ty\u00f6-\/suojavaatekokonaisuuteen kuuluu? Mit\u00e4 mahdollisia erityisominaisuuksia alasi ty\u00f6-\/suojavaatekokonaisuuteen kuuluu? Mink\u00e4laiset ovat alasi hyv\u00e4t ty\u00f6-\/suojavaatteet? Miksi alallasi tarvitaan ty\u00f6-\/suojavaatteita? Mink\u00e4lainen on alallasi noudatettava pukeutumiskoodi? Miss\u00e4 ja milloin alasi pukeutumiskoodia noudatetaan? Mit\u00e4 mahdollisesti\u00a0alasi\u00a0ty\u00f6-\/suojavaatetuksessa ei saa olla? Miksi em. on &hellip; <a href=\"https:\/\/www.verkkovaria.fi\/topturva\/?page_id=63\">Continued<\/a><\/p>\n","protected":false},"author":1,"featured_media":0,"parent":0,"menu_order":0,"comment_status":"closed","ping_status":"closed","template":"","meta":{"footnotes":"","_links_to":"","_links_to_target":""},"class_list":["post-63","page","type-page","status-publish","hentry"],"_links":{"self":[{"href":"https:\/\/www.verkkovaria.fi\/topturva\/index.php?rest_route=\/wp\/v2\/pages\/63","targetHints":{"allow":["GET"]}}],"collection":[{"href":"https:\/\/www.verkkovaria.fi\/topturva\/index.php?rest_route=\/wp\/v2\/pages"}],"about":[{"href":"https:\/\/www.verkkovaria.fi\/topturva\/index.php?rest_route=\/wp\/v2\/types\/page"}],"author":[{"embeddable":true,"href":"https:\/\/www.verkkovaria.fi\/topturva\/index.php?rest_route=\/wp\/v2\/users\/1"}],"replies":[{"embeddable":true,"href":"https:\/\/www.verkkovaria.fi\/topturva\/index.php?rest_route=%2Fwp%2Fv2%2Fcomments&post=63"}],"version-history":[{"count":6,"href":"https:\/\/www.verkkovaria.fi\/topturva\/index.php?rest_route=\/wp\/v2\/pages\/63\/revisions"}],"predecessor-version":[{"id":213,"href":"https:\/\/www.verkkovaria.fi\/topturva\/index.php?rest_route=\/wp\/v2\/pages\/63\/revisions\/213"}],"wp:attachment":[{"href":"https:\/\/www.verkkovaria.fi\/topturva\/index.php?rest_route=%2Fwp%2Fv2%2Fmedia&parent=63"}],"curies":[{"name":"wp","href":"https:\/\/api.w.org\/{rel}","templated":true}]}}