{"id":72,"date":"2015-09-08T18:13:29","date_gmt":"2015-09-08T15:13:29","guid":{"rendered":"http:\/\/www.verkkovaria.fi\/topturva\/?page_id=72"},"modified":"2016-04-05T13:13:39","modified_gmt":"2016-04-05T10:13:39","slug":"trikoo-on-riskilla-ruma-riskit-ja-niiden-kartoitus","status":"publish","type":"page","link":"https:\/\/www.verkkovaria.fi\/topturva\/?page_id=72","title":{"rendered":"Trikoo on riskill\u00e4 ruma &#8211; Riskit ja niiden kartoitus"},"content":{"rendered":"<p style=\"text-align: left;\"><strong>RISKILL\u00c4 VAI ILMAN &#8211; SIIN\u00c4 VASTA PULMA?!<\/strong><\/p>\n<p>Tehk\u00e4\u00e4 pieniss\u00e4 ryhmiss\u00e4 ty\u00f6turvallisuuskartoitus omissa ty\u00f6saleissanne\/harjoitusluokissanne\/harjoituskeitti\u00f6iss\u00e4nne\/tms. Jakautukaa\u00a0siten, ett\u00e4 jokaiselle ryhm\u00e4lle tulee oma ty\u00f6sali\/harjoitusluokka\/harjoituskeitti\u00f6\/tms., mist\u00e4 kartoitus tehd\u00e4\u00e4n. K\u00e4ytt\u00e4k\u00e4\u00e4 oheista <a href=\"http:\/\/www.verkkovaria.fi\/topturva\/wp-content\/uploads\/2015\/10\/Osastokatselmus-pohja.pptx\">Osastokatselmuksen<\/a> pohjaa kartoituksenne perustana. Dokumentoikaa l\u00f6yt\u00e4m\u00e4nne puutteet ja kehitt\u00e4miskohteet valokuvin koostaen kartoituksesta slideshow -esitys. \u00c4lk\u00e4\u00e4 tyytyk\u00f6 esityksess\u00e4nne toteamaan mahdollisia puutteita, vaan kirjatkaa jokaisen l\u00f6yt\u00e4m\u00e4nne puutteen kohdalle korjausehdotus. Esitelk\u00e4\u00e4 oman kartoituksenne tulokset muulle ryhm\u00e4lle. Jos esityksenne aikana havaitaan lis\u00e4\u00e4 puutteita\/korjausehdotuksia\/kehitt\u00e4miskohteita, lis\u00e4tk\u00e4\u00e4 ne esitykseen.<\/p>\n","protected":false},"excerpt":{"rendered":"<p>RISKILL\u00c4 VAI ILMAN &#8211; SIIN\u00c4 VASTA PULMA?! Tehk\u00e4\u00e4 pieniss\u00e4 ryhmiss\u00e4 ty\u00f6turvallisuuskartoitus omissa ty\u00f6saleissanne\/harjoitusluokissanne\/harjoituskeitti\u00f6iss\u00e4nne\/tms. Jakautukaa\u00a0siten, ett\u00e4 jokaiselle ryhm\u00e4lle tulee oma ty\u00f6sali\/harjoitusluokka\/harjoituskeitti\u00f6\/tms., mist\u00e4 kartoitus tehd\u00e4\u00e4n. K\u00e4ytt\u00e4k\u00e4\u00e4 oheista Osastokatselmuksen pohjaa kartoituksenne perustana. Dokumentoikaa l\u00f6yt\u00e4m\u00e4nne puutteet ja kehitt\u00e4miskohteet valokuvin koostaen kartoituksesta slideshow -esitys. \u00c4lk\u00e4\u00e4 tyytyk\u00f6 esityksess\u00e4nne toteamaan mahdollisia puutteita, vaan kirjatkaa jokaisen l\u00f6yt\u00e4m\u00e4nne puutteen kohdalle korjausehdotus. Esitelk\u00e4\u00e4 oman kartoituksenne &hellip; <a href=\"https:\/\/www.verkkovaria.fi\/topturva\/?page_id=72\">Continued<\/a><\/p>\n","protected":false},"author":1,"featured_media":0,"parent":0,"menu_order":0,"comment_status":"closed","ping_status":"closed","template":"","meta":{"footnotes":"","_links_to":"","_links_to_target":""},"class_list":["post-72","page","type-page","status-publish","hentry"],"_links":{"self":[{"href":"https:\/\/www.verkkovaria.fi\/topturva\/index.php?rest_route=\/wp\/v2\/pages\/72","targetHints":{"allow":["GET"]}}],"collection":[{"href":"https:\/\/www.verkkovaria.fi\/topturva\/index.php?rest_route=\/wp\/v2\/pages"}],"about":[{"href":"https:\/\/www.verkkovaria.fi\/topturva\/index.php?rest_route=\/wp\/v2\/types\/page"}],"author":[{"embeddable":true,"href":"https:\/\/www.verkkovaria.fi\/topturva\/index.php?rest_route=\/wp\/v2\/users\/1"}],"replies":[{"embeddable":true,"href":"https:\/\/www.verkkovaria.fi\/topturva\/index.php?rest_route=%2Fwp%2Fv2%2Fcomments&post=72"}],"version-history":[{"count":9,"href":"https:\/\/www.verkkovaria.fi\/topturva\/index.php?rest_route=\/wp\/v2\/pages\/72\/revisions"}],"predecessor-version":[{"id":205,"href":"https:\/\/www.verkkovaria.fi\/topturva\/index.php?rest_route=\/wp\/v2\/pages\/72\/revisions\/205"}],"wp:attachment":[{"href":"https:\/\/www.verkkovaria.fi\/topturva\/index.php?rest_route=%2Fwp%2Fv2%2Fmedia&parent=72"}],"curies":[{"name":"wp","href":"https:\/\/api.w.org\/{rel}","templated":true}]}}