{"id":78,"date":"2015-10-26T19:58:06","date_gmt":"2015-10-26T16:58:06","guid":{"rendered":"http:\/\/www.verkkovaria.fi\/topturva\/?page_id=78"},"modified":"2016-07-24T14:42:47","modified_gmt":"2016-07-24T11:42:47","slug":"vad-is-vakuutusturva-auf-deutch","status":"publish","type":"page","link":"https:\/\/www.verkkovaria.fi\/topturva\/?page_id=78","title":{"rendered":"Opiskelijan vakuutusturva"},"content":{"rendered":"<p style=\"text-align: left;\"><strong>OPISKELIJAN VAKUUTUSTURVA<\/strong><\/p>\n<p>Perehtyk\u00e4\u00e4 yksil\u00f6ty\u00f6skentelyn\u00e4 opiskelijan vakuutusturvaan Ty\u00f6turvallisuusopasta apuna k\u00e4ytt\u00e4en. Etsik\u00e4\u00e4 internetist\u00e4 voimassa olevat\u00a0tapaturmavakuutuslaki ja opiskelutapaturman korvaamisesta annettu asetus ja tutustukaa niihin. Selvitt\u00e4k\u00e4\u00e4 milloin opiskelija on vakuutettu oppilaitoksen toimesta ja milloin ty\u00f6nantajan toimesta. Selvitt\u00e4k\u00e4\u00e4 my\u00f6s mit\u00e4 tarkoittaa k\u00e4site is\u00e4nn\u00e4nvastuuperiaate. Perehtyk\u00e4\u00e4 opiskelijoiden vakuutusturvaan ulkomailla suoritettavan ty\u00f6paikalla tapahtuvan oppimisen aikana.<\/p>\n<p>Kun vakuutusturvaan vaikuttavat asiat ovat selvill\u00e4, jakakaa ryhm\u00e4 viiteen (5) pienryhm\u00e4\u00e4n. K\u00e4sikirjoittakaa, lavastakaa, n\u00e4ytelk\u00e4\u00e4 ja kuvatkaa pienryhmiss\u00e4 uutiskatsaukset omalle alalle tyypillisest\u00e4 vahinkotapahtumasta siten, ett\u00e4 jokaisessa tapahtumassa tulee esille eri korvausvelvollinen; oppilaitoksen vakuutus korvaa, ty\u00f6nantajan vakuutus korvaa, korvaus is\u00e4nn\u00e4nvastuuperiaatteen mukaisesti, opiskelija korvaa ja ulkomailla tapahtunut vahinko. Arpokaa jokaiselle pienryhm\u00e4lle yksi vahinkotapahtumista, mutta \u00e4lk\u00e4\u00e4 kertoko muille pienryhmille omaa korvausvelvollistanne. Katsokaa uutiskatsaukset ryhm\u00e4n kesken. Videon j\u00e4lkeen muut kuin esiintyj\u00e4t selvitt\u00e4v\u00e4t mist\u00e4 korvausvelvollisuudesta on kyse.<\/p>\n<p>Keskustelkaa tapahtumasta ja pohtikaa ainakin seuraavia asioita:<\/p>\n<ul>\n<li>Onko esitetty tapahtuma mahdollinen?<\/li>\n<li>Mik\u00e4 on tapahtuman todenn\u00e4k\u00f6isyys?<\/li>\n<li>Mitk\u00e4 syyt johtivat tapahtumaan?<\/li>\n<li>Miten tapahtuma olisi ollut estett\u00e4viss\u00e4?<\/li>\n<\/ul>\n","protected":false},"excerpt":{"rendered":"<p>OPISKELIJAN VAKUUTUSTURVA Perehtyk\u00e4\u00e4 yksil\u00f6ty\u00f6skentelyn\u00e4 opiskelijan vakuutusturvaan Ty\u00f6turvallisuusopasta apuna k\u00e4ytt\u00e4en. Etsik\u00e4\u00e4 internetist\u00e4 voimassa olevat\u00a0tapaturmavakuutuslaki ja opiskelutapaturman korvaamisesta annettu asetus ja tutustukaa niihin. Selvitt\u00e4k\u00e4\u00e4 milloin opiskelija on vakuutettu oppilaitoksen toimesta ja milloin ty\u00f6nantajan toimesta. Selvitt\u00e4k\u00e4\u00e4 my\u00f6s mit\u00e4 tarkoittaa k\u00e4site is\u00e4nn\u00e4nvastuuperiaate. Perehtyk\u00e4\u00e4 opiskelijoiden vakuutusturvaan ulkomailla suoritettavan ty\u00f6paikalla tapahtuvan oppimisen aikana. Kun vakuutusturvaan vaikuttavat asiat ovat selvill\u00e4, jakakaa ryhm\u00e4 &hellip; <a href=\"https:\/\/www.verkkovaria.fi\/topturva\/?page_id=78\">Continued<\/a><\/p>\n","protected":false},"author":1,"featured_media":0,"parent":0,"menu_order":0,"comment_status":"closed","ping_status":"closed","template":"","meta":{"footnotes":"","_links_to":"","_links_to_target":""},"class_list":["post-78","page","type-page","status-publish","hentry"],"_links":{"self":[{"href":"https:\/\/www.verkkovaria.fi\/topturva\/index.php?rest_route=\/wp\/v2\/pages\/78","targetHints":{"allow":["GET"]}}],"collection":[{"href":"https:\/\/www.verkkovaria.fi\/topturva\/index.php?rest_route=\/wp\/v2\/pages"}],"about":[{"href":"https:\/\/www.verkkovaria.fi\/topturva\/index.php?rest_route=\/wp\/v2\/types\/page"}],"author":[{"embeddable":true,"href":"https:\/\/www.verkkovaria.fi\/topturva\/index.php?rest_route=\/wp\/v2\/users\/1"}],"replies":[{"embeddable":true,"href":"https:\/\/www.verkkovaria.fi\/topturva\/index.php?rest_route=%2Fwp%2Fv2%2Fcomments&post=78"}],"version-history":[{"count":11,"href":"https:\/\/www.verkkovaria.fi\/topturva\/index.php?rest_route=\/wp\/v2\/pages\/78\/revisions"}],"predecessor-version":[{"id":214,"href":"https:\/\/www.verkkovaria.fi\/topturva\/index.php?rest_route=\/wp\/v2\/pages\/78\/revisions\/214"}],"wp:attachment":[{"href":"https:\/\/www.verkkovaria.fi\/topturva\/index.php?rest_route=%2Fwp%2Fv2%2Fmedia&parent=78"}],"curies":[{"name":"wp","href":"https:\/\/api.w.org\/{rel}","templated":true}]}}