{"id":79,"date":"2015-09-08T18:20:28","date_gmt":"2015-09-08T15:20:28","guid":{"rendered":"http:\/\/www.verkkovaria.fi\/topturva\/?page_id=79"},"modified":"2016-04-05T13:05:44","modified_gmt":"2016-04-05T10:05:44","slug":"arviointi","status":"publish","type":"page","link":"https:\/\/www.verkkovaria.fi\/topturva\/?page_id=79","title":{"rendered":"Arviointi"},"content":{"rendered":"<p style=\"text-align: left;\"><strong>ARVIOINTI<\/strong><\/p>\n<p>T\u00e4m\u00e4 verkkototeutus on osa valmentautumista ty\u00f6paikalla tapahtuvaan oppimiseen. Lis\u00e4ksi t\u00e4t\u00e4 verkkototeutusta voidaan k\u00e4ytt\u00e4\u00e4 aloittavien opiskelijoiden yleisen\u00e4 ty\u00f6turvallisuuteen orientoivana osiona ennen alakohtaisten ty\u00f6turvallisuusasioiden opiskelua.<\/p>\n<p>T\u00e4t\u00e4 verkkosis\u00e4lt\u00f6\u00e4 voidaan k\u00e4ytt\u00e4\u00e4 soveltavin osin opetussuunnitelman mukaisesti vain niiss\u00e4 ammatillisissa perustutkinnoissa, joihin erikseen sis\u00e4ltyy ty\u00f6turvallisuuteen liittyvi\u00e4 opintoja. \u00a0Verkkosis\u00e4lt\u00f6jen opiskelusta Variassa tulee aina ensin sopia alakohtaisesti vastaavan ammattiopettajan kanssa. Opiskelija voi erikseen sovittaessa sis\u00e4llytt\u00e4\u00e4 opinnot erikseen my\u00f6s vapaasti valittaviin tutkinnon osiin. Osaamisen arviointikriteerit l\u00f6ytyv\u00e4t aina erikseen jokaisesta tutkinnon osasta.<\/p>\n","protected":false},"excerpt":{"rendered":"<p>ARVIOINTI T\u00e4m\u00e4 verkkototeutus on osa valmentautumista ty\u00f6paikalla tapahtuvaan oppimiseen. Lis\u00e4ksi t\u00e4t\u00e4 verkkototeutusta voidaan k\u00e4ytt\u00e4\u00e4 aloittavien opiskelijoiden yleisen\u00e4 ty\u00f6turvallisuuteen orientoivana osiona ennen alakohtaisten ty\u00f6turvallisuusasioiden opiskelua. T\u00e4t\u00e4 verkkosis\u00e4lt\u00f6\u00e4 voidaan k\u00e4ytt\u00e4\u00e4 soveltavin osin opetussuunnitelman mukaisesti vain niiss\u00e4 ammatillisissa perustutkinnoissa, joihin erikseen sis\u00e4ltyy ty\u00f6turvallisuuteen liittyvi\u00e4 opintoja. \u00a0Verkkosis\u00e4lt\u00f6jen opiskelusta Variassa tulee aina ensin sopia alakohtaisesti vastaavan ammattiopettajan kanssa. Opiskelija voi &hellip; <a href=\"https:\/\/www.verkkovaria.fi\/topturva\/?page_id=79\">Continued<\/a><\/p>\n","protected":false},"author":1,"featured_media":0,"parent":0,"menu_order":0,"comment_status":"closed","ping_status":"closed","template":"","meta":{"footnotes":"","_links_to":"","_links_to_target":""},"class_list":["post-79","page","type-page","status-publish","hentry"],"_links":{"self":[{"href":"https:\/\/www.verkkovaria.fi\/topturva\/index.php?rest_route=\/wp\/v2\/pages\/79","targetHints":{"allow":["GET"]}}],"collection":[{"href":"https:\/\/www.verkkovaria.fi\/topturva\/index.php?rest_route=\/wp\/v2\/pages"}],"about":[{"href":"https:\/\/www.verkkovaria.fi\/topturva\/index.php?rest_route=\/wp\/v2\/types\/page"}],"author":[{"embeddable":true,"href":"https:\/\/www.verkkovaria.fi\/topturva\/index.php?rest_route=\/wp\/v2\/users\/1"}],"replies":[{"embeddable":true,"href":"https:\/\/www.verkkovaria.fi\/topturva\/index.php?rest_route=%2Fwp%2Fv2%2Fcomments&post=79"}],"version-history":[{"count":10,"href":"https:\/\/www.verkkovaria.fi\/topturva\/index.php?rest_route=\/wp\/v2\/pages\/79\/revisions"}],"predecessor-version":[{"id":199,"href":"https:\/\/www.verkkovaria.fi\/topturva\/index.php?rest_route=\/wp\/v2\/pages\/79\/revisions\/199"}],"wp:attachment":[{"href":"https:\/\/www.verkkovaria.fi\/topturva\/index.php?rest_route=%2Fwp%2Fv2%2Fmedia&parent=79"}],"curies":[{"name":"wp","href":"https:\/\/api.w.org\/{rel}","templated":true}]}}