{"id":100,"date":"2017-05-30T11:37:34","date_gmt":"2017-05-30T09:37:34","guid":{"rendered":"http:\/\/www.verkkovaria.fi\/tyopaikkaohjaajakoulutus\/?page_id=100"},"modified":"2017-06-08T11:21:43","modified_gmt":"2017-06-08T09:21:43","slug":"ammatillinen-koulutus","status":"publish","type":"page","link":"https:\/\/www.verkkovaria.fi\/tyopaikkaohjaajakoulutus\/?page_id=100","title":{"rendered":"Ammatillinen koulutus"},"content":{"rendered":"<p>Ammatillisen koulutuksen tarkoituksena on kohottaa v\u00e4est\u00f6n ammatillista osaamista, kehitt\u00e4\u00e4 ty\u00f6el\u00e4m\u00e4\u00e4 ja vastata sen osaamistarpeisiin. Lis\u00e4ksi ammatillinen koulutus edist\u00e4\u00e4 ty\u00f6llisyytt\u00e4 ja yritt\u00e4jyytt\u00e4 sek\u00e4 tukee elinik\u00e4ist\u00e4 oppimista.<\/p>\n<p>Ammatillisia tutkintoja ovat perus-, ammatti- ja erikoisammattitutkinnot. Tutkinnon voi suorittaa joko ammatillisena perustutkintona, n\u00e4ytt\u00f6tutkintona tai oppisopimuskoulutuksena. Tutkintoon johtamattomana koulutuksena j\u00e4rjestet\u00e4\u00e4n ammatilliseen peruskoulutukseen valmentavaa koulutusta (VALMA) sek\u00e4 ty\u00f6h\u00f6n ja itsen\u00e4iseen el\u00e4m\u00e4\u00e4n valmentavaa koulutusta (TELMA). Lis\u00e4\u00e4 ammatillisesta koulutuksesta, kuten tutkinnoista, oppisopimuskoulutuksesta, ty\u00f6paikalla tapahtuvasta oppimisesta ja n\u00e4yt\u00f6ist\u00e4\u00a0voit lukea <a href=\"http:\/\/www.oph.fi\/koulutus_ja_tutkinnot\/ammattikoulutus\" target=\"_blank\" rel=\"noopener noreferrer\">t\u00e4\u00e4lt\u00e4.<\/a><\/p>\n","protected":false},"excerpt":{"rendered":"<p>Ammatillisen koulutuksen tarkoituksena on kohottaa v\u00e4est\u00f6n ammatillista osaamista, kehitt\u00e4\u00e4 ty\u00f6el\u00e4m\u00e4\u00e4 ja vastata sen osaamistarpeisiin. Lis\u00e4ksi ammatillinen koulutus edist\u00e4\u00e4 ty\u00f6llisyytt\u00e4 ja yritt\u00e4jyytt\u00e4 sek\u00e4 tukee elinik\u00e4ist\u00e4 oppimista. Ammatillisia tutkintoja ovat perus-, ammatti- ja erikoisammattitutkinnot. Tutkinnon voi suorittaa joko ammatillisena perustutkintona, n\u00e4ytt\u00f6tutkintona tai oppisopimuskoulutuksena. Tutkintoon johtamattomana koulutuksena j\u00e4rjestet\u00e4\u00e4n ammatilliseen peruskoulutukseen valmentavaa koulutusta (VALMA) sek\u00e4 ty\u00f6h\u00f6n ja itsen\u00e4iseen el\u00e4m\u00e4\u00e4n &hellip; <a href=\"https:\/\/www.verkkovaria.fi\/tyopaikkaohjaajakoulutus\/?page_id=100\">Continued<\/a><\/p>\n","protected":false},"author":1,"featured_media":0,"parent":0,"menu_order":0,"comment_status":"closed","ping_status":"closed","template":"","meta":{"footnotes":"","_links_to":"","_links_to_target":""},"class_list":["post-100","page","type-page","status-publish","hentry"],"_links":{"self":[{"href":"https:\/\/www.verkkovaria.fi\/tyopaikkaohjaajakoulutus\/index.php?rest_route=\/wp\/v2\/pages\/100","targetHints":{"allow":["GET"]}}],"collection":[{"href":"https:\/\/www.verkkovaria.fi\/tyopaikkaohjaajakoulutus\/index.php?rest_route=\/wp\/v2\/pages"}],"about":[{"href":"https:\/\/www.verkkovaria.fi\/tyopaikkaohjaajakoulutus\/index.php?rest_route=\/wp\/v2\/types\/page"}],"author":[{"embeddable":true,"href":"https:\/\/www.verkkovaria.fi\/tyopaikkaohjaajakoulutus\/index.php?rest_route=\/wp\/v2\/users\/1"}],"replies":[{"embeddable":true,"href":"https:\/\/www.verkkovaria.fi\/tyopaikkaohjaajakoulutus\/index.php?rest_route=%2Fwp%2Fv2%2Fcomments&post=100"}],"version-history":[{"count":6,"href":"https:\/\/www.verkkovaria.fi\/tyopaikkaohjaajakoulutus\/index.php?rest_route=\/wp\/v2\/pages\/100\/revisions"}],"predecessor-version":[{"id":225,"href":"https:\/\/www.verkkovaria.fi\/tyopaikkaohjaajakoulutus\/index.php?rest_route=\/wp\/v2\/pages\/100\/revisions\/225"}],"wp:attachment":[{"href":"https:\/\/www.verkkovaria.fi\/tyopaikkaohjaajakoulutus\/index.php?rest_route=%2Fwp%2Fv2%2Fmedia&parent=100"}],"curies":[{"name":"wp","href":"https:\/\/api.w.org\/{rel}","templated":true}]}}