{"id":2,"date":"2017-03-27T16:40:36","date_gmt":"2017-03-27T14:40:36","guid":{"rendered":"http:\/\/www.verkkovaria.fi\/tyopaikkaohjaajakoulutus\/?page_id=2"},"modified":"2019-09-18T14:34:53","modified_gmt":"2019-09-18T12:34:53","slug":"about","status":"publish","type":"page","link":"https:\/\/www.verkkovaria.fi\/tyopaikkaohjaajakoulutus\/","title":{"rendered":"Ty\u00f6paikkaohjaajakoulutus"},"content":{"rendered":"\n<p>Ty\u00f6paikoilla tapahtuva oppiminen on oleellinen osa ammatillista koulutusta. Tulevaisuudessa yh\u00e4 suurempi osa ammatillisesta koulutuksesta j\u00e4rjestet\u00e4\u00e4n ty\u00f6paikoilla. Laadukkaan ty\u00f6paikalla j\u00e4rjestett\u00e4v\u00e4n koulutuksen edellytyksen\u00e4 on, ett\u00e4 ty\u00f6paikoilla&nbsp;on ohjaus- ja arviointiosaamista omaavaa henkil\u00f6kuntaa.<\/p>\n\n\n\n<p>Ty\u00f6paikkaohjaajakoulutus tarjoaa ty\u00f6paikkaohjaajina toimiville mahdollisuuden hankkia osaamista ty\u00f6paikalla j\u00e4rjestett\u00e4v\u00e4n koulutuksen suunnitteluun, opiskelijan ohjaukseen, sek\u00e4 ammattitaidon arviointiin n\u00e4yt\u00f6iss\u00e4.<\/p>\n\n\n\n<p>N\u00e4m\u00e4 verkkomateriaalit eiv\u00e4t en\u00e4\u00e4 ole Variassa koulutusk\u00e4yt\u00f6ss\u00e4, mutta niihin p\u00e4\u00e4see t\u00e4\u00e4ll\u00e4 viel\u00e4 tutustumaan.<\/p>\n\n\n\n<p>Jos olet kiinnostunut suorittamaan ty\u00f6paikkaohjaajakoulutuksen Variassa, ota yhteytt\u00e4:  Opiskelijahallinnon sihteeri, Miia Piel\u00e4 miia.piela@vantaa.fi, p. 043 825 6434 <\/p>\n\n\n\n<p>Lis\u00e4tietoa l\u00f6ytyy my\u00f6s: <a href=\"https:\/\/sivistysvantaa.fi\/varia\/artikkelit\/tyoelamapalvelut\/oppijattyopaikoilla\/tyopaikkaohjaajakoulutus.html\">https:\/\/sivistysvantaa.fi\/varia\/artikkelit\/tyoelamapalvelut\/oppijattyopaikoilla\/tyopaikkaohjaajakoulutus.html<\/a><\/p>\n","protected":false},"excerpt":{"rendered":"<p>Ty\u00f6paikoilla tapahtuva oppiminen on oleellinen osa ammatillista koulutusta. Tulevaisuudessa yh\u00e4 suurempi osa ammatillisesta koulutuksesta j\u00e4rjestet\u00e4\u00e4n ty\u00f6paikoilla. Laadukkaan ty\u00f6paikalla j\u00e4rjestett\u00e4v\u00e4n koulutuksen edellytyksen\u00e4 on, ett\u00e4 ty\u00f6paikoilla&nbsp;on ohjaus- ja arviointiosaamista omaavaa henkil\u00f6kuntaa. Ty\u00f6paikkaohjaajakoulutus tarjoaa ty\u00f6paikkaohjaajina toimiville mahdollisuuden hankkia osaamista ty\u00f6paikalla j\u00e4rjestett\u00e4v\u00e4n koulutuksen suunnitteluun, opiskelijan ohjaukseen, sek\u00e4 ammattitaidon arviointiin n\u00e4yt\u00f6iss\u00e4. N\u00e4m\u00e4 verkkomateriaalit eiv\u00e4t en\u00e4\u00e4 ole Variassa koulutusk\u00e4yt\u00f6ss\u00e4, mutta niihin &hellip; <a href=\"https:\/\/www.verkkovaria.fi\/tyopaikkaohjaajakoulutus\/\">Continued<\/a><\/p>\n","protected":false},"author":1,"featured_media":214,"parent":0,"menu_order":0,"comment_status":"closed","ping_status":"closed","template":"","meta":{"footnotes":"","_links_to":"","_links_to_target":""},"class_list":["post-2","page","type-page","status-publish","has-post-thumbnail","hentry"],"_links":{"self":[{"href":"https:\/\/www.verkkovaria.fi\/tyopaikkaohjaajakoulutus\/index.php?rest_route=\/wp\/v2\/pages\/2","targetHints":{"allow":["GET"]}}],"collection":[{"href":"https:\/\/www.verkkovaria.fi\/tyopaikkaohjaajakoulutus\/index.php?rest_route=\/wp\/v2\/pages"}],"about":[{"href":"https:\/\/www.verkkovaria.fi\/tyopaikkaohjaajakoulutus\/index.php?rest_route=\/wp\/v2\/types\/page"}],"author":[{"embeddable":true,"href":"https:\/\/www.verkkovaria.fi\/tyopaikkaohjaajakoulutus\/index.php?rest_route=\/wp\/v2\/users\/1"}],"replies":[{"embeddable":true,"href":"https:\/\/www.verkkovaria.fi\/tyopaikkaohjaajakoulutus\/index.php?rest_route=%2Fwp%2Fv2%2Fcomments&post=2"}],"version-history":[{"count":21,"href":"https:\/\/www.verkkovaria.fi\/tyopaikkaohjaajakoulutus\/index.php?rest_route=\/wp\/v2\/pages\/2\/revisions"}],"predecessor-version":[{"id":407,"href":"https:\/\/www.verkkovaria.fi\/tyopaikkaohjaajakoulutus\/index.php?rest_route=\/wp\/v2\/pages\/2\/revisions\/407"}],"wp:featuredmedia":[{"embeddable":true,"href":"https:\/\/www.verkkovaria.fi\/tyopaikkaohjaajakoulutus\/index.php?rest_route=\/wp\/v2\/media\/214"}],"wp:attachment":[{"href":"https:\/\/www.verkkovaria.fi\/tyopaikkaohjaajakoulutus\/index.php?rest_route=%2Fwp%2Fv2%2Fmedia&parent=2"}],"curies":[{"name":"wp","href":"https:\/\/api.w.org\/{rel}","templated":true}]}}