{"id":312,"date":"2017-08-02T12:55:30","date_gmt":"2017-08-02T10:55:30","guid":{"rendered":"http:\/\/www.verkkovaria.fi\/tyopaikkaohjaajakoulutus\/?page_id=312"},"modified":"2017-08-02T13:37:24","modified_gmt":"2017-08-02T11:37:24","slug":"testaa-taitosi-ohjaajana","status":"publish","type":"page","link":"https:\/\/www.verkkovaria.fi\/tyopaikkaohjaajakoulutus\/?page_id=312","title":{"rendered":"Testaa taitosi ohjaajana"},"content":{"rendered":"<p>Testaa ohjaustaitosi osoitteessa <a href=\"http:\/\/www.mestariohjaaja.fi\" target=\"_blank\" rel=\"noopener\">www.mestariohjaaja.fi<\/a>. Pohdi, mitk\u00e4 ovat vahvuutesi ja kehitt\u00e4mistarpeesi ty\u00f6paikkaohjaajana?<\/p>\n","protected":false},"excerpt":{"rendered":"<p>Testaa ohjaustaitosi osoitteessa www.mestariohjaaja.fi. Pohdi, mitk\u00e4 ovat vahvuutesi ja kehitt\u00e4mistarpeesi ty\u00f6paikkaohjaajana?<\/p>\n","protected":false},"author":1,"featured_media":0,"parent":0,"menu_order":0,"comment_status":"closed","ping_status":"closed","template":"","meta":{"footnotes":"","_links_to":"","_links_to_target":""},"class_list":["post-312","page","type-page","status-publish","hentry"],"_links":{"self":[{"href":"https:\/\/www.verkkovaria.fi\/tyopaikkaohjaajakoulutus\/index.php?rest_route=\/wp\/v2\/pages\/312","targetHints":{"allow":["GET"]}}],"collection":[{"href":"https:\/\/www.verkkovaria.fi\/tyopaikkaohjaajakoulutus\/index.php?rest_route=\/wp\/v2\/pages"}],"about":[{"href":"https:\/\/www.verkkovaria.fi\/tyopaikkaohjaajakoulutus\/index.php?rest_route=\/wp\/v2\/types\/page"}],"author":[{"embeddable":true,"href":"https:\/\/www.verkkovaria.fi\/tyopaikkaohjaajakoulutus\/index.php?rest_route=\/wp\/v2\/users\/1"}],"replies":[{"embeddable":true,"href":"https:\/\/www.verkkovaria.fi\/tyopaikkaohjaajakoulutus\/index.php?rest_route=%2Fwp%2Fv2%2Fcomments&post=312"}],"version-history":[{"count":2,"href":"https:\/\/www.verkkovaria.fi\/tyopaikkaohjaajakoulutus\/index.php?rest_route=\/wp\/v2\/pages\/312\/revisions"}],"predecessor-version":[{"id":315,"href":"https:\/\/www.verkkovaria.fi\/tyopaikkaohjaajakoulutus\/index.php?rest_route=\/wp\/v2\/pages\/312\/revisions\/315"}],"wp:attachment":[{"href":"https:\/\/www.verkkovaria.fi\/tyopaikkaohjaajakoulutus\/index.php?rest_route=%2Fwp%2Fv2%2Fmedia&parent=312"}],"curies":[{"name":"wp","href":"https:\/\/api.w.org\/{rel}","templated":true}]}}