{"id":57,"date":"2017-05-23T11:57:00","date_gmt":"2017-05-23T09:57:00","guid":{"rendered":"http:\/\/www.verkkovaria.fi\/tyopaikkaohjaajakoulutus\/?page_id=57"},"modified":"2017-11-22T11:13:27","modified_gmt":"2017-11-22T09:13:27","slug":"ohjaus-ja-palaute","status":"publish","type":"page","link":"https:\/\/www.verkkovaria.fi\/tyopaikkaohjaajakoulutus\/?page_id=57","title":{"rendered":"Ohjaus ja palaute"},"content":{"rendered":"<p>Ty\u00f6paikalla tapahtuva oppiminen on ty\u00f6paikalla k\u00e4yt\u00e4nn\u00f6n ty\u00f6teht\u00e4vien yhteydess\u00e4 toteutettavaa tavoitteellista ja ohjattua opiskelua. Laadukas ohjaus on olennaista opiskelijan ammatitaidon oppimisessa. Ty\u00f6paikkaohjaaja on keskeisess\u00e4 roolissa opiskelijoiden oppimisen tukijana. Ty\u00f6paikkaohjaajan ohjaamisty\u00f6t\u00e4 helpottaa, kun h\u00e4nell\u00e4 on k\u00e4yt\u00f6ss\u00e4\u00e4n tietoa ja v\u00e4lineit\u00e4 ohjauksensa toteuttamiseen.<\/p>\n<p>T\u00e4ss\u00e4 osiossa perehdyt opiskelijan ohjaukseen ja palautteen antamiseen. Teemaan liittyv\u00e4\u00e4 materiaalia l\u00f6yd\u00e4t <a href=\"http:\/\/www.verkkovaria.fi\/tyopaikkaohjaajakoulutus\/?page_id=63\" target=\"_blank\" rel=\"noopener noreferrer\">t\u00e4\u00e4lt\u00e4<\/a>.<\/p>\n<p>\t<iframe loading=\"lazy\" src=\"https:\/\/docs.google.com\/forms\/d\/e\/1FAIpQLSdWMKk6daiqNh4YkzvmUmqBvMsDfZb6vgWFekRBPdx6TV2iRg\/viewform?embedded=true\" width=\"760\" height=\"500\" frameborder=\"0\" marginheight=\"0\" marginwidth=\"0\">Ladataan&#8230;<\/iframe><\/p>\n","protected":false},"excerpt":{"rendered":"<p>Ty\u00f6paikalla tapahtuva oppiminen on ty\u00f6paikalla k\u00e4yt\u00e4nn\u00f6n ty\u00f6teht\u00e4vien yhteydess\u00e4 toteutettavaa tavoitteellista ja ohjattua opiskelua. Laadukas ohjaus on olennaista opiskelijan ammatitaidon oppimisessa. Ty\u00f6paikkaohjaaja on keskeisess\u00e4 roolissa opiskelijoiden oppimisen tukijana. Ty\u00f6paikkaohjaajan ohjaamisty\u00f6t\u00e4 helpottaa, kun h\u00e4nell\u00e4 on k\u00e4yt\u00f6ss\u00e4\u00e4n tietoa ja v\u00e4lineit\u00e4 ohjauksensa toteuttamiseen. T\u00e4ss\u00e4 osiossa perehdyt opiskelijan ohjaukseen ja palautteen antamiseen. Teemaan liittyv\u00e4\u00e4 materiaalia l\u00f6yd\u00e4t t\u00e4\u00e4lt\u00e4. Ladataan&#8230;<\/p>\n","protected":false},"author":1,"featured_media":0,"parent":0,"menu_order":0,"comment_status":"closed","ping_status":"closed","template":"","meta":{"footnotes":"","_links_to":"","_links_to_target":""},"class_list":["post-57","page","type-page","status-publish","hentry"],"_links":{"self":[{"href":"https:\/\/www.verkkovaria.fi\/tyopaikkaohjaajakoulutus\/index.php?rest_route=\/wp\/v2\/pages\/57","targetHints":{"allow":["GET"]}}],"collection":[{"href":"https:\/\/www.verkkovaria.fi\/tyopaikkaohjaajakoulutus\/index.php?rest_route=\/wp\/v2\/pages"}],"about":[{"href":"https:\/\/www.verkkovaria.fi\/tyopaikkaohjaajakoulutus\/index.php?rest_route=\/wp\/v2\/types\/page"}],"author":[{"embeddable":true,"href":"https:\/\/www.verkkovaria.fi\/tyopaikkaohjaajakoulutus\/index.php?rest_route=\/wp\/v2\/users\/1"}],"replies":[{"embeddable":true,"href":"https:\/\/www.verkkovaria.fi\/tyopaikkaohjaajakoulutus\/index.php?rest_route=%2Fwp%2Fv2%2Fcomments&post=57"}],"version-history":[{"count":11,"href":"https:\/\/www.verkkovaria.fi\/tyopaikkaohjaajakoulutus\/index.php?rest_route=\/wp\/v2\/pages\/57\/revisions"}],"predecessor-version":[{"id":388,"href":"https:\/\/www.verkkovaria.fi\/tyopaikkaohjaajakoulutus\/index.php?rest_route=\/wp\/v2\/pages\/57\/revisions\/388"}],"wp:attachment":[{"href":"https:\/\/www.verkkovaria.fi\/tyopaikkaohjaajakoulutus\/index.php?rest_route=%2Fwp%2Fv2%2Fmedia&parent=57"}],"curies":[{"name":"wp","href":"https:\/\/api.w.org\/{rel}","templated":true}]}}