{"id":60,"date":"2017-05-23T11:59:10","date_gmt":"2017-05-23T09:59:10","guid":{"rendered":"http:\/\/www.verkkovaria.fi\/tyopaikkaohjaajakoulutus\/?page_id=60"},"modified":"2017-11-22T10:12:44","modified_gmt":"2017-11-22T08:12:44","slug":"osaamisen-arviointi","status":"publish","type":"page","link":"https:\/\/www.verkkovaria.fi\/tyopaikkaohjaajakoulutus\/?page_id=60","title":{"rendered":"Osaamisen arviointi"},"content":{"rendered":"<p>Ty\u00f6paikkaohjaajat tukevat opiskelijoiden ammatillista kasvua ja kehityst\u00e4 ohjauksen ja arvioinnin avulla. Ty\u00f6paikalla tapahtuvaan oppimiseen sis\u00e4ltyy useimmiten n\u00e4ytt\u00f6, jossa opiskelija osoittaa\u00a0k\u00e4yt\u00e4nn\u00f6n ty\u00f6teht\u00e4vi\u00e4 tekem\u00e4ll\u00e4, miten hyvin h\u00e4n on saavuttanut tutkinnon perusteiden tavoitteissa m\u00e4\u00e4ritellyn ty\u00f6el\u00e4m\u00e4n edellytt\u00e4m\u00e4n ammattitaidon. N\u00e4yt\u00f6n arviointiin osallistuvat ty\u00f6paikkaohjaaja, opettaja ja opiskelija.<\/p>\n<p>Seuraavassa teht\u00e4v\u00e4ss\u00e4 perehdyt n\u00e4yt\u00f6n arviointiin.<\/p>\n<p>&nbsp;<\/p>\n<p>\t<iframe loading=\"lazy\" src=\"https:\/\/docs.google.com\/a\/eduvantaa.fi\/forms\/d\/e\/1FAIpQLSeF03d7DsgQmloHgrYm4xNYx3cggOhFJUKyzMACVgImQVJ2Lw\/viewform?embedded=true\" width=\"760\" height=\"500\" frameborder=\"0\" marginheight=\"0\" marginwidth=\"0\">Ladataan&#8230;<\/iframe><\/p>\n","protected":false},"excerpt":{"rendered":"<p>Ty\u00f6paikkaohjaajat tukevat opiskelijoiden ammatillista kasvua ja kehityst\u00e4 ohjauksen ja arvioinnin avulla. Ty\u00f6paikalla tapahtuvaan oppimiseen sis\u00e4ltyy useimmiten n\u00e4ytt\u00f6, jossa opiskelija osoittaa\u00a0k\u00e4yt\u00e4nn\u00f6n ty\u00f6teht\u00e4vi\u00e4 tekem\u00e4ll\u00e4, miten hyvin h\u00e4n on saavuttanut tutkinnon perusteiden tavoitteissa m\u00e4\u00e4ritellyn ty\u00f6el\u00e4m\u00e4n edellytt\u00e4m\u00e4n ammattitaidon. N\u00e4yt\u00f6n arviointiin osallistuvat ty\u00f6paikkaohjaaja, opettaja ja opiskelija. Seuraavassa teht\u00e4v\u00e4ss\u00e4 perehdyt n\u00e4yt\u00f6n arviointiin. &nbsp; Ladataan&#8230;<\/p>\n","protected":false},"author":3,"featured_media":0,"parent":0,"menu_order":0,"comment_status":"closed","ping_status":"closed","template":"","meta":{"footnotes":"","_links_to":"","_links_to_target":""},"class_list":["post-60","page","type-page","status-publish","hentry"],"_links":{"self":[{"href":"https:\/\/www.verkkovaria.fi\/tyopaikkaohjaajakoulutus\/index.php?rest_route=\/wp\/v2\/pages\/60","targetHints":{"allow":["GET"]}}],"collection":[{"href":"https:\/\/www.verkkovaria.fi\/tyopaikkaohjaajakoulutus\/index.php?rest_route=\/wp\/v2\/pages"}],"about":[{"href":"https:\/\/www.verkkovaria.fi\/tyopaikkaohjaajakoulutus\/index.php?rest_route=\/wp\/v2\/types\/page"}],"author":[{"embeddable":true,"href":"https:\/\/www.verkkovaria.fi\/tyopaikkaohjaajakoulutus\/index.php?rest_route=\/wp\/v2\/users\/3"}],"replies":[{"embeddable":true,"href":"https:\/\/www.verkkovaria.fi\/tyopaikkaohjaajakoulutus\/index.php?rest_route=%2Fwp%2Fv2%2Fcomments&post=60"}],"version-history":[{"count":15,"href":"https:\/\/www.verkkovaria.fi\/tyopaikkaohjaajakoulutus\/index.php?rest_route=\/wp\/v2\/pages\/60\/revisions"}],"predecessor-version":[{"id":381,"href":"https:\/\/www.verkkovaria.fi\/tyopaikkaohjaajakoulutus\/index.php?rest_route=\/wp\/v2\/pages\/60\/revisions\/381"}],"wp:attachment":[{"href":"https:\/\/www.verkkovaria.fi\/tyopaikkaohjaajakoulutus\/index.php?rest_route=%2Fwp%2Fv2%2Fmedia&parent=60"}],"curies":[{"name":"wp","href":"https:\/\/api.w.org\/{rel}","templated":true}]}}