{"id":63,"date":"2017-05-23T12:04:27","date_gmt":"2017-05-23T10:04:27","guid":{"rendered":"http:\/\/www.verkkovaria.fi\/tyopaikkaohjaajakoulutus\/?page_id=63"},"modified":"2017-11-28T10:30:06","modified_gmt":"2017-11-28T08:30:06","slug":"ohjaamisen-tueksi","status":"publish","type":"page","link":"https:\/\/www.verkkovaria.fi\/tyopaikkaohjaajakoulutus\/?page_id=63","title":{"rendered":"Koulutusmateriaalia"},"content":{"rendered":"<p>T\u00e4h\u00e4n osioon on koottu tukimateriaalia ohjauksen ja teht\u00e4vien teon tueksi teemoittain. Lis\u00e4ksi <a href=\"http:\/\/www.ohjaan.fi\" target=\"_blank\" rel=\"noopener\">Ohjaan. fi<\/a> -sivustolta l\u00f6yd\u00e4t ajantasaista tietoa ja materiaalia ty\u00f6paikalla tapahtuvan oppimisen toteuttamiseen.<\/p>\n<p style=\"padding-left: 30px;\"><strong>1. Ty\u00f6paikalla j\u00e4rjestett\u00e4v\u00e4n koulutuksen, ammattiosaamisen n\u00e4ytt\u00f6jen ja (tutkintotilaisuuksien suunnittelu<\/strong><\/p>\n<p style=\"padding-left: 30px;\"><a href=\"http:\/\/www.oph.fi\/download\/143209_Tyopaikkaohjaajan_koulutus_2012.pdf\" target=\"_blank\" rel=\"noopener noreferrer\">Ty\u00f6paikkaohjaajakoulutuksen tavoitteet ja sis\u00e4lt\u00f6<br \/>\n<\/a><a href=\"http:\/\/www.verkkovaria.fi\/tyopaikkaohjaajakoulutus\/wp-content\/uploads\/2017\/05\/tyossaoppimisen_opas_tyopaikoille-1.pdf\" target=\"_blank\" rel=\"noopener\">Ty\u00f6ss\u00e4oppimisen opas ty\u00f6paikoille (pdf)<br \/>\n<\/a><a href=\"http:\/\/www.verkkovaria.fi\/tyopaikkaohjaajakoulutus\/wp-content\/uploads\/2017\/05\/Opas_opiskelijalle_tyopaikkaohjaajalle_osaamisperusteisuus.pdf\" target=\"_blank\" rel=\"noopener\">Opas osaamisperusteisuudesta ty\u00f6paikoille (pdf)<br \/>\n<\/a><a href=\"http:\/\/www.verkkovaria.fi\/tyopaikkaohjaajakoulutus\/wp-content\/uploads\/2017\/05\/Ty\u00f6paikkaohjaajan-perehdytt\u00e4minen-ty\u00f6paikalla-tapahtuvaan-oppimiseen-ja-ammattiosaamisen-n\u00e4ytt\u00f6ihin.pdf\" target=\"_blank\" rel=\"noopener\">Ty\u00f6paikkaohjaajan perehdytt\u00e4minen ty\u00f6ss\u00e4oppimiseen ja n\u00e4ytt\u00f6ihin (pdf)<br \/>\n<\/a><a href=\"http:\/\/www.verkkovaria.fi\/tyopaikkaohjaajakoulutus\/wp-content\/uploads\/2017\/05\/Mamut-opas.pdf\" target=\"_blank\" rel=\"noopener\">Opas maahanmuuttajien ohjaamiseen (pdf)<br \/>\n<\/a><a href=\"http:\/\/docplayer.fi\/5269443-Erityista-tukea-tarvitseva-opiskelija-tyossaoppimassa-materiaalia-tyopaikkaohjaajakoulutukseen-ja-tyopaikkaohjaajien-kanssa-tehtavaan-yhteistyohon.html\" target=\"_blank\" rel=\"noopener noreferrer\">Opas erityist\u00e4 tukea tarvitsevien opiskelijoiden ohjaamiseen<br \/>\n<\/a><a href=\"http:\/\/www.ohjaan.fi\" target=\"_blank\" rel=\"noopener\">HOJKS -kortisto erityisopiskelijan ty\u00f6ss\u00e4oppimisen ohjaamiseen<br \/>\nohjaan.fi<\/a><\/p>\n<p style=\"text-align: left; padding-left: 30px;\"><strong>2. Opiskelijan ohjaaminen ja palautteen antaminen<\/strong><\/p>\n<p style=\"padding-left: 30px;\"><a href=\"http:\/\/www.verkkovaria.fi\/tyopaikkaohjaajakoulutus\/wp-content\/uploads\/2017\/05\/TPO-opiskelijan-ohjaajana-2.6.2016.pdf\" target=\"_blank\" rel=\"noopener\">Ty\u00f6paikkaohjaaja opiskelijan ohjaajana (pdf)<br \/>\n<\/a><a href=\"http:\/\/www.verkkovaria.fi\/tyopaikkaohjaajakoulutus\/wp-content\/uploads\/2017\/05\/TPO-opiskelijan-arvioijana-2.6.2016.pdf\" target=\"_blank\" rel=\"noopener\">Ty\u00f6paikkaohjaaja opiskelijan arvioijana (pdf)<br \/>\n<\/a><a href=\"http:\/\/www.verkkovaria.fi\/tyopaikkaohjaajakoulutus\/wp-content\/uploads\/2017\/05\/JAMKJULKAISUJA2252016_web-1.pdf\" target=\"_blank\" rel=\"noopener\">Valmentaen ja ohjaten, erityisesti oppisopimuskoulutukseen<br \/>\n<\/a><a href=\"http:\/\/www.verkkovaria.fi\/tyopaikkaohjaajakoulutus\/wp-content\/uploads\/2017\/05\/OSAAMISPERUSTEINEN-TOIMINTA-OPISKELIJAN-OHJAUKSESSA-JA-ARVIOINNISSA.pdf\" target=\"_blank\" rel=\"noopener\">Osaamisperusteinen toiminta opiskelijan ohjaamisessa<br \/>\n<\/a><a href=\"http:\/\/www.ohjaan.fi\" target=\"_blank\" rel=\"noopener noreferrer\">Kannustava palaute<br \/>\nohjaan.fi<\/a><\/p>\n<p style=\"padding-left: 30px;\"><strong>3. Osaamisen arviointi<\/strong><\/p>\n<p style=\"padding-left: 30px;\"><a href=\"http:\/\/www.verkkovaria.fi\/tyopaikkaohjaajakoulutus\/wp-content\/uploads\/2017\/05\/168848_arvioinnin_opas_2015.pdf\" target=\"_blank\" rel=\"noopener noreferrer\">Arvioinnin opas (pdf)<br \/>\n<\/a><a href=\"http:\/\/www.ohjaan.fi\" target=\"_blank\" rel=\"noopener noreferrer\">Arvioinnin kohteiden avaaminen (pdf)<br \/>\nohjaan.fi<\/a><\/p>\n<p style=\"padding-left: 30px;\"><strong>4. Ty\u00f6paikkaohjaajana kehittyminen<\/strong><\/p>\n<p style=\"padding-left: 30px;\">Alla olevan osaamiskartan avulla voit arvioida ohjausosaamistasi sek\u00e4\u00a0tunnistaa henkil\u00f6kohtaiset vahvuudet ja kehitt\u00e4mistarpeet\u00a0ohjaajana.<\/p>\n<p style=\"padding-left: 30px;\"><a href=\"http:\/\/www.ohjaan.fi\" target=\"_blank\" rel=\"noopener\">Ty\u00f6paikkaohjaajan osaamiskartta<br \/>\nohjaan.fi<\/a><\/p>\n","protected":false},"excerpt":{"rendered":"<p>T\u00e4h\u00e4n osioon on koottu tukimateriaalia ohjauksen ja teht\u00e4vien teon tueksi teemoittain. Lis\u00e4ksi Ohjaan. fi -sivustolta l\u00f6yd\u00e4t ajantasaista tietoa ja materiaalia ty\u00f6paikalla tapahtuvan oppimisen toteuttamiseen. 1. Ty\u00f6paikalla j\u00e4rjestett\u00e4v\u00e4n koulutuksen, ammattiosaamisen n\u00e4ytt\u00f6jen ja (tutkintotilaisuuksien suunnittelu Ty\u00f6paikkaohjaajakoulutuksen tavoitteet ja sis\u00e4lt\u00f6 Ty\u00f6ss\u00e4oppimisen opas ty\u00f6paikoille (pdf) Opas osaamisperusteisuudesta ty\u00f6paikoille (pdf) Ty\u00f6paikkaohjaajan perehdytt\u00e4minen ty\u00f6ss\u00e4oppimiseen ja n\u00e4ytt\u00f6ihin (pdf) Opas maahanmuuttajien ohjaamiseen (pdf) &hellip; <a href=\"https:\/\/www.verkkovaria.fi\/tyopaikkaohjaajakoulutus\/?page_id=63\">Continued<\/a><\/p>\n","protected":false},"author":3,"featured_media":0,"parent":0,"menu_order":0,"comment_status":"closed","ping_status":"closed","template":"","meta":{"footnotes":"","_links_to":"","_links_to_target":""},"class_list":["post-63","page","type-page","status-publish","hentry"],"_links":{"self":[{"href":"https:\/\/www.verkkovaria.fi\/tyopaikkaohjaajakoulutus\/index.php?rest_route=\/wp\/v2\/pages\/63","targetHints":{"allow":["GET"]}}],"collection":[{"href":"https:\/\/www.verkkovaria.fi\/tyopaikkaohjaajakoulutus\/index.php?rest_route=\/wp\/v2\/pages"}],"about":[{"href":"https:\/\/www.verkkovaria.fi\/tyopaikkaohjaajakoulutus\/index.php?rest_route=\/wp\/v2\/types\/page"}],"author":[{"embeddable":true,"href":"https:\/\/www.verkkovaria.fi\/tyopaikkaohjaajakoulutus\/index.php?rest_route=\/wp\/v2\/users\/3"}],"replies":[{"embeddable":true,"href":"https:\/\/www.verkkovaria.fi\/tyopaikkaohjaajakoulutus\/index.php?rest_route=%2Fwp%2Fv2%2Fcomments&post=63"}],"version-history":[{"count":50,"href":"https:\/\/www.verkkovaria.fi\/tyopaikkaohjaajakoulutus\/index.php?rest_route=\/wp\/v2\/pages\/63\/revisions"}],"predecessor-version":[{"id":399,"href":"https:\/\/www.verkkovaria.fi\/tyopaikkaohjaajakoulutus\/index.php?rest_route=\/wp\/v2\/pages\/63\/revisions\/399"}],"wp:attachment":[{"href":"https:\/\/www.verkkovaria.fi\/tyopaikkaohjaajakoulutus\/index.php?rest_route=%2Fwp%2Fv2%2Fmedia&parent=63"}],"curies":[{"name":"wp","href":"https:\/\/api.w.org\/{rel}","templated":true}]}}