{"id":73,"date":"2017-05-23T13:29:45","date_gmt":"2017-05-23T11:29:45","guid":{"rendered":"http:\/\/www.verkkovaria.fi\/tyopaikkaohjaajakoulutus\/?page_id=73"},"modified":"2017-11-27T12:17:08","modified_gmt":"2017-11-27T10:17:08","slug":"tutkinnon-perusteet","status":"publish","type":"page","link":"https:\/\/www.verkkovaria.fi\/tyopaikkaohjaajakoulutus\/?page_id=73","title":{"rendered":"Tutkinnon perusteet"},"content":{"rendered":"<p>Ty\u00f6paikalla tapahtuva oppiminen \u00a0on olennainen osa ammatillista koulutusta.\u00a0 Ty\u00f6paikalla tapahtuva oppiminen on tavoitteellista, ohjattua ja arvioitua opiskelua. Tavoitteena on,\u00a0ett\u00e4 osa ty\u00f6taidoista opitaan ty\u00f6teht\u00e4viss\u00e4. Samalla opitaan k\u00e4yt\u00e4nn\u00f6ss\u00e4 ty\u00f6el\u00e4m\u00e4n pelis\u00e4\u00e4nt\u00f6j\u00e4. Yritykselle ty\u00f6paikalla tapahtuva oppiminen tarjoaa tilaisuuden tutustua potentiaalisiin ty\u00f6ntekij\u00f6ihin ja samalla kehitt\u00e4\u00e4 omaa toimintaansa.\u00a0Ty\u00f6paikalla tapahtuvaan oppimiseen sis\u00e4ltyy useimmiten<a href=\"http:\/\/www.oph.fi\/koulutus_ja_tutkinnot\/ammattikoulutus\/ammatilliset_perustutkinnot\/ammattiosaamisen_naytot\" target=\"_blank\" rel=\"noopener noreferrer\">\u00a0n\u00e4ytt\u00f6<\/a>, jossa opiskelija osoittaa osaamisena k\u00e4yt\u00e4nn\u00f6n ty\u00f6teht\u00e4vi\u00e4 tekem\u00e4ll\u00e4.<\/p>\n<p>T\u00e4ss\u00e4 osiossa perehdyt\u00e4\u00e4n ty\u00f6paikalla tapahtuvan oppimisen ja n\u00e4ytt\u00f6jen suunnitteluun, johon liittyv\u00e4\u00e4 materiaalia l\u00f6yd\u00e4t <a href=\"http:\/\/www.verkkovaria.fi\/tyopaikkaohjaajakoulutus\/?page_id=63\" target=\"_blank\" rel=\"noopener noreferrer\">t\u00e4\u00e4lt\u00e4<\/a>. Tutustu oman alasi tutkinnon perusteisiin alla olevasta luettelosta sek\u00e4 \u00e4idinkielen ja matematiikan osaamistavoitteisiin. Siirry sen j\u00e4lkeen\u00a0<a href=\"http:\/\/www.verkkovaria.fi\/tyopaikkaohjaajakoulutus\/?page_id=79\">teht\u00e4v\u00e4\u00e4n 1<\/a>.<\/p>\n<p><a href=\"https:\/\/eperusteet.opintopolku.fi\/#\/fi\/esitys\/1536551\/ops\/tiedot\" target=\"_blank\" rel=\"noopener noreferrer\">Autoalan perustutkinto<\/a><a href=\"https:\/\/eperusteet.opintopolku.fi\/#\/fi\/esitys\/1563502\/ops\/tiedot\" target=\"_blank\" rel=\"noopener noreferrer\"><br \/>\nElintarvikealan perustutkinto<br \/>\n<\/a><a href=\"https:\/\/eperusteet.opintopolku.fi\/#\/fi\/esitys\/1571584\/ops\/tiedot\" target=\"_blank\" rel=\"noopener noreferrer\">Hiusalan perustutkinto<\/a><a href=\"https:\/\/eperusteet.opintopolku.fi\/#\/fi\/esitys\/1352660\/ops\/tiedot\" target=\"_blank\" rel=\"noopener noreferrer\"><br \/>\nHotelli-, ravintola- ja catering-alan <\/a><a href=\"https:\/\/eperusteet.opintopolku.fi\/#\/fi\/esitys\/1715110\/ops\/tiedot\" target=\"_blank\" rel=\"noopener noreferrer\">perustutkinto<br \/>\n<\/a><a href=\"https:\/\/eperusteet.opintopolku.fi\/#\/fi\/esitys\/1707619\/ops\/tiedot\" target=\"_blank\" rel=\"noopener noreferrer\">Kello- ja mikromekaniikan perustutkutkinto<\/a><a href=\"https:\/\/eperusteet.opintopolku.fi\/#\/fi\/esitys\/1715110\/ops\/tiedot\" target=\"_blank\" rel=\"noopener noreferrer\"><br \/>\nKiinteist\u00f6palvelujen perustutkinto<br \/>\n<\/a><a href=\"https:\/\/eperusteet.opintopolku.fi\/#\/fi\/esitys\/1978990\/ops\" target=\"_blank\" rel=\"noopener noreferrer\">Kone- ja tuotantotekniikan perustutkinto<br \/>\n<\/a><a href=\"https:\/\/eperusteet.opintopolku.fi\/#\/fi\/esitys\/1715117\/naytto\/tiedot\" target=\"_blank\" rel=\"noopener noreferrer\">Kuvallisen ilmaisun perustutkinto<br \/>\nK\u00e4si- ja taideteollisuusalan perustutkinto<br \/>\n<\/a><a href=\"https:\/\/eperusteet.opintopolku.fi\/#\/fi\/esitys\/1718931\/ops\/tiedot\" target=\"_blank\" rel=\"noopener noreferrer\">Lentokoneasennuksen perustutkinto<\/a><a href=\"https:\/\/eperusteet.opintopolku.fi\/#\/fi\/esitys\/1715116\/ops\/tiedot\" target=\"_blank\" rel=\"noopener noreferrer\"><br \/>\n<\/a><a href=\"https:\/\/eperusteet.opintopolku.fi\/#\/fi\/esitys\/1742261\/ops\/tiedot\" target=\"_blank\" rel=\"noopener noreferrer\">Logistiikan perustutkinto<br \/>\n<\/a><a href=\"https:\/\/eperusteet.opintopolku.fi\/#\/fi\/esitys\/1571589\/ops\/tiedot\" target=\"_blank\" rel=\"noopener noreferrer\">Matkailualan perustutkinto<br \/>\n<\/a><a href=\"https:\/\/eperusteet.opintopolku.fi\/#\/fi\/esitys\/1724170\/ops\/tiedot\" target=\"_blank\" rel=\"noopener noreferrer\">Rakennusalan perustutkinto<br \/>\n<\/a><a href=\"https:\/\/eperusteet.opintopolku.fi\/#\/fi\/esitys\/1135885\/ops\/tiedot\" target=\"_blank\" rel=\"noopener noreferrer\">Sosiaali- ja terveysalan perustutkinto<br \/>\n<\/a><a style=\"color: #3366ff;\" href=\"https:\/\/eperusteet.opintopolku.fi\/#\/fi\/esitys\/1904700\/ops\/tiedot\" target=\"_blank\" rel=\"noopener noreferrer\">Talotekniikan perustutkinto<br \/>\n<\/a><a href=\"https:\/\/eperusteet.opintopolku.fi\/#\/fi\/esitys\/1724179\/ops\/tiedot\" target=\"_blank\" rel=\"noopener noreferrer\">Tieto- ja tietoliikennetekniikan\u00a0perustutkinto<br \/>\n<\/a><a href=\"https:\/\/eperusteet.opintopolku.fi\/#\/fi\/esitys\/1568684\/ops\/tiedot\" target=\"_blank\" rel=\"noopener noreferrer\">Turvallisuusalan pt\u00a0<\/a><a style=\"color: #3366ff;\" href=\"https:\/\/eperusteet.opintopolku.fi\/#\/fi\/esitys\/1904700\/ops\/tiedot\" target=\"_blank\" rel=\"noopener noreferrer\"><br \/>\n<\/a><a href=\"https:\/\/eperusteet.opintopolku.fi\/#\/fi\/esitys\/1571589\/ops\/tiedot\" target=\"_blank\" rel=\"noopener noreferrer\"><br \/>\n<\/a><\/p>\n<p>Yhteiset tutkinnon osat<br \/>\n<a href=\"http:\/\/www.verkkovaria.fi\/tyopaikkaohjaajakoulutus\/wp-content\/uploads\/2017\/05\/aidinkieli1.pdf\" target=\"_blank\" rel=\"noopener\">\u00c4idinkieli (pdf)<br \/>\n<\/a><a href=\"http:\/\/www.verkkovaria.fi\/tyopaikkaohjaajakoulutus\/wp-content\/uploads\/2017\/05\/matematiikka1.pdf\" target=\"_blank\" rel=\"noopener\">Matematiikka (pdf)<\/a><a href=\"http:\/\/www.verkkovaria.fi\/tyopaikkaohjaajakoulutus\/wp-content\/uploads\/2017\/05\/aidinkieli1.pdf\" target=\"_blank\" rel=\"noopener\"><br \/>\n<\/a><\/p>\n<p>&nbsp;<\/p>\n","protected":false},"excerpt":{"rendered":"<p>Ty\u00f6paikalla tapahtuva oppiminen \u00a0on olennainen osa ammatillista koulutusta.\u00a0 Ty\u00f6paikalla tapahtuva oppiminen on tavoitteellista, ohjattua ja arvioitua opiskelua. Tavoitteena on,\u00a0ett\u00e4 osa ty\u00f6taidoista opitaan ty\u00f6teht\u00e4viss\u00e4. Samalla opitaan k\u00e4yt\u00e4nn\u00f6ss\u00e4 ty\u00f6el\u00e4m\u00e4n pelis\u00e4\u00e4nt\u00f6j\u00e4. Yritykselle ty\u00f6paikalla tapahtuva oppiminen tarjoaa tilaisuuden tutustua potentiaalisiin ty\u00f6ntekij\u00f6ihin ja samalla kehitt\u00e4\u00e4 omaa toimintaansa.\u00a0Ty\u00f6paikalla tapahtuvaan oppimiseen sis\u00e4ltyy useimmiten\u00a0n\u00e4ytt\u00f6, jossa opiskelija osoittaa osaamisena k\u00e4yt\u00e4nn\u00f6n ty\u00f6teht\u00e4vi\u00e4 tekem\u00e4ll\u00e4. T\u00e4ss\u00e4 osiossa &hellip; <a href=\"https:\/\/www.verkkovaria.fi\/tyopaikkaohjaajakoulutus\/?page_id=73\">Continued<\/a><\/p>\n","protected":false},"author":1,"featured_media":0,"parent":0,"menu_order":0,"comment_status":"closed","ping_status":"closed","template":"","meta":{"footnotes":"","_links_to":"","_links_to_target":""},"class_list":["post-73","page","type-page","status-publish","hentry"],"_links":{"self":[{"href":"https:\/\/www.verkkovaria.fi\/tyopaikkaohjaajakoulutus\/index.php?rest_route=\/wp\/v2\/pages\/73","targetHints":{"allow":["GET"]}}],"collection":[{"href":"https:\/\/www.verkkovaria.fi\/tyopaikkaohjaajakoulutus\/index.php?rest_route=\/wp\/v2\/pages"}],"about":[{"href":"https:\/\/www.verkkovaria.fi\/tyopaikkaohjaajakoulutus\/index.php?rest_route=\/wp\/v2\/types\/page"}],"author":[{"embeddable":true,"href":"https:\/\/www.verkkovaria.fi\/tyopaikkaohjaajakoulutus\/index.php?rest_route=\/wp\/v2\/users\/1"}],"replies":[{"embeddable":true,"href":"https:\/\/www.verkkovaria.fi\/tyopaikkaohjaajakoulutus\/index.php?rest_route=%2Fwp%2Fv2%2Fcomments&post=73"}],"version-history":[{"count":42,"href":"https:\/\/www.verkkovaria.fi\/tyopaikkaohjaajakoulutus\/index.php?rest_route=\/wp\/v2\/pages\/73\/revisions"}],"predecessor-version":[{"id":390,"href":"https:\/\/www.verkkovaria.fi\/tyopaikkaohjaajakoulutus\/index.php?rest_route=\/wp\/v2\/pages\/73\/revisions\/390"}],"wp:attachment":[{"href":"https:\/\/www.verkkovaria.fi\/tyopaikkaohjaajakoulutus\/index.php?rest_route=%2Fwp%2Fv2%2Fmedia&parent=73"}],"curies":[{"name":"wp","href":"https:\/\/api.w.org\/{rel}","templated":true}]}}