{"id":126,"date":"2015-06-09T11:02:28","date_gmt":"2015-06-09T11:02:28","guid":{"rendered":"http:\/\/www.verkkovaria.fi\/tyossaoppimisentuki\/?page_id=126"},"modified":"2015-06-15T06:56:49","modified_gmt":"2015-06-15T06:56:49","slug":"google-drive","status":"publish","type":"page","link":"https:\/\/www.verkkovaria.fi\/tyossaoppimisentuki\/?page_id=126","title":{"rendered":"Google Drive"},"content":{"rendered":"<p>Google Drivea -sovellusta voi k\u00e4ytt\u00e4\u00e4 tietokoneelta, selaimelta tai mobiililaitteilta. Palveluun tarvitset google \u2013tunnukset,\u00a0 jotka Vantaan oppilaitoksissa ovat tablet \u2013laitteissa valmiina.<\/p>\n<p><a style=\"color: #333333; text-decoration: underline;\" href=\"https:\/\/www.google.com\/intl\/fi_fi\/drive\/\" target=\"_blank\">Google Driveen<\/a><\/p>\n","protected":false},"excerpt":{"rendered":"<p>Google Drivea -sovellusta voi k\u00e4ytt\u00e4\u00e4 tietokoneelta, selaimelta tai mobiililaitteilta. Palveluun tarvitset google \u2013tunnukset,\u00a0 jotka Vantaan oppilaitoksissa ovat tablet \u2013laitteissa valmiina. Google Driveen<\/p>\n","protected":false},"author":4,"featured_media":0,"parent":0,"menu_order":0,"comment_status":"closed","ping_status":"open","template":"subpage.php","meta":{"footnotes":"","_links_to":"","_links_to_target":""},"class_list":["post-126","page","type-page","status-publish","hentry"],"_links":{"self":[{"href":"https:\/\/www.verkkovaria.fi\/tyossaoppimisentuki\/index.php?rest_route=\/wp\/v2\/pages\/126","targetHints":{"allow":["GET"]}}],"collection":[{"href":"https:\/\/www.verkkovaria.fi\/tyossaoppimisentuki\/index.php?rest_route=\/wp\/v2\/pages"}],"about":[{"href":"https:\/\/www.verkkovaria.fi\/tyossaoppimisentuki\/index.php?rest_route=\/wp\/v2\/types\/page"}],"author":[{"embeddable":true,"href":"https:\/\/www.verkkovaria.fi\/tyossaoppimisentuki\/index.php?rest_route=\/wp\/v2\/users\/4"}],"replies":[{"embeddable":true,"href":"https:\/\/www.verkkovaria.fi\/tyossaoppimisentuki\/index.php?rest_route=%2Fwp%2Fv2%2Fcomments&post=126"}],"version-history":[{"count":4,"href":"https:\/\/www.verkkovaria.fi\/tyossaoppimisentuki\/index.php?rest_route=\/wp\/v2\/pages\/126\/revisions"}],"predecessor-version":[{"id":139,"href":"https:\/\/www.verkkovaria.fi\/tyossaoppimisentuki\/index.php?rest_route=\/wp\/v2\/pages\/126\/revisions\/139"}],"wp:attachment":[{"href":"https:\/\/www.verkkovaria.fi\/tyossaoppimisentuki\/index.php?rest_route=%2Fwp%2Fv2%2Fmedia&parent=126"}],"curies":[{"name":"wp","href":"https:\/\/api.w.org\/{rel}","templated":true}]}}