{"id":160,"date":"2015-09-23T11:56:38","date_gmt":"2015-09-23T11:56:38","guid":{"rendered":"http:\/\/www.verkkovaria.fi\/tyossaoppimisentuki\/?page_id=160"},"modified":"2016-02-21T06:33:37","modified_gmt":"2016-02-21T06:33:37","slug":"arviointi","status":"publish","type":"page","link":"https:\/\/www.verkkovaria.fi\/tyossaoppimisentuki\/?page_id=160","title":{"rendered":"Arviointi"},"content":{"rendered":"<p>Opiskelijan aikaisempi osaaminen ja sen hy\u00f6dynt\u00e4minen osana ammattiosaamisen n\u00e4yt\u00f6n arviointia on huomioitava.\u00a0 Arvioinnin kohteet ja kriteerit on m\u00e4\u00e4ritelt\u00e4v\u00e4 selke\u00e4sti ja ymm\u00e4rrett\u00e4v\u00e4sti. N\u00e4m\u00e4 on k\u00e4yt\u00e4v\u00e4 l\u00e4pi opiskelijan ja ty\u00f6el\u00e4m\u00e4n kanssa ennen ammattiosaamisen n\u00e4ytt\u00f6\u00e4. Opiskelijalla on oikeus saada tukea n\u00e4yt\u00f6n suorittamisessa tai tehd\u00e4 se vaikka kokonaan tuetusti. Mik\u00e4li opiskelijalle on laadittu mukautettu suunnitelma kokonaan tai osittain, my\u00f6s arviointiin on laadittava mukautetut arviointikriteerit.\u00a0<\/p>\n","protected":false},"excerpt":{"rendered":"<p>Opiskelijan aikaisempi osaaminen ja sen hy\u00f6dynt\u00e4minen osana ammattiosaamisen n\u00e4yt\u00f6n arviointia on huomioitava.\u00a0 Arvioinnin kohteet ja kriteerit on m\u00e4\u00e4ritelt\u00e4v\u00e4 selke\u00e4sti ja ymm\u00e4rrett\u00e4v\u00e4sti. N\u00e4m\u00e4 on k\u00e4yt\u00e4v\u00e4 l\u00e4pi opiskelijan ja ty\u00f6el\u00e4m\u00e4n kanssa ennen ammattiosaamisen n\u00e4ytt\u00f6\u00e4. Opiskelijalla on oikeus saada tukea n\u00e4yt\u00f6n suorittamisessa tai tehd\u00e4 se vaikka kokonaan tuetusti. Mik\u00e4li opiskelijalle on laadittu mukautettu suunnitelma kokonaan tai osittain, my\u00f6s &hellip; <a href=\"https:\/\/www.verkkovaria.fi\/tyossaoppimisentuki\/?page_id=160\">Continued<\/a><\/p>\n","protected":false},"author":4,"featured_media":0,"parent":0,"menu_order":0,"comment_status":"closed","ping_status":"closed","template":"","meta":{"footnotes":"","_links_to":"","_links_to_target":""},"class_list":["post-160","page","type-page","status-publish","hentry"],"_links":{"self":[{"href":"https:\/\/www.verkkovaria.fi\/tyossaoppimisentuki\/index.php?rest_route=\/wp\/v2\/pages\/160","targetHints":{"allow":["GET"]}}],"collection":[{"href":"https:\/\/www.verkkovaria.fi\/tyossaoppimisentuki\/index.php?rest_route=\/wp\/v2\/pages"}],"about":[{"href":"https:\/\/www.verkkovaria.fi\/tyossaoppimisentuki\/index.php?rest_route=\/wp\/v2\/types\/page"}],"author":[{"embeddable":true,"href":"https:\/\/www.verkkovaria.fi\/tyossaoppimisentuki\/index.php?rest_route=\/wp\/v2\/users\/4"}],"replies":[{"embeddable":true,"href":"https:\/\/www.verkkovaria.fi\/tyossaoppimisentuki\/index.php?rest_route=%2Fwp%2Fv2%2Fcomments&post=160"}],"version-history":[{"count":6,"href":"https:\/\/www.verkkovaria.fi\/tyossaoppimisentuki\/index.php?rest_route=\/wp\/v2\/pages\/160\/revisions"}],"predecessor-version":[{"id":384,"href":"https:\/\/www.verkkovaria.fi\/tyossaoppimisentuki\/index.php?rest_route=\/wp\/v2\/pages\/160\/revisions\/384"}],"wp:attachment":[{"href":"https:\/\/www.verkkovaria.fi\/tyossaoppimisentuki\/index.php?rest_route=%2Fwp%2Fv2%2Fmedia&parent=160"}],"curies":[{"name":"wp","href":"https:\/\/api.w.org\/{rel}","templated":true}]}}