{"id":356,"date":"2016-02-18T10:23:51","date_gmt":"2016-02-18T10:23:51","guid":{"rendered":"http:\/\/www.verkkovaria.fi\/tyossaoppimisentuki\/?page_id=356"},"modified":"2016-07-24T11:54:04","modified_gmt":"2016-07-24T11:54:04","slug":"tyossaoppimassa","status":"publish","type":"page","link":"https:\/\/www.verkkovaria.fi\/tyossaoppimisentuki\/?page_id=356","title":{"rendered":"Ty\u00f6ss\u00e4oppimassa"},"content":{"rendered":"<p><strong>Ennen ty\u00f6ss\u00e4oppimista opiskelija<\/strong><\/p>\n<p><a href=\"http:\/\/www.verkkovaria.fi\/tyossaoppimisentuki\/wp-content\/uploads\/2015\/05\/kokki.jpg\" rel=\"attachment wp-att-333\"><img loading=\"lazy\" decoding=\"async\" src=\"http:\/\/www.verkkovaria.fi\/tyossaoppimisentuki\/wp-content\/uploads\/2015\/05\/kokki-300x200.jpg\" alt=\"kokki\" width=\"300\" height=\"200\" \/><\/a><\/p>\n<ul>\n<li>kertaa ty\u00f6el\u00e4m\u00e4n pelis\u00e4\u00e4nt\u00f6j\u00e4<\/li>\n<li>selvitt\u00e4\u00e4 kulkuyhteydet ja aikataulut<\/li>\n<li>hakee ty\u00f6ss\u00e4oppimispaikan<\/li>\n<li>tutustuminen ty\u00f6paikkaan ennakkoon ja osallistuu mahdolliseen haastatteluun<\/li>\n<li>tutustuminen ty\u00f6valmentajaan ennalta<\/li>\n<li>allekirjoittaa ty\u00f6ss\u00e4oppimissopimuksen<\/li>\n<li>selvitt\u00e4\u00e4 mik\u00e4 on n\u00e4ytt\u00f6<\/li>\n<\/ul>\n<p>&nbsp;<\/p>\n<p><strong>Ty\u00f6ss\u00e4oppimisen aikana opiskelija<\/strong><\/p>\n<p><a href=\"http:\/\/www.verkkovaria.fi\/tyossaoppimisentuki\/wp-content\/uploads\/2015\/05\/kiinteist\u00f6palvelu.jpg\" rel=\"attachment wp-att-334\"><img loading=\"lazy\" decoding=\"async\" src=\"http:\/\/www.verkkovaria.fi\/tyossaoppimisentuki\/wp-content\/uploads\/2015\/05\/kiinteist\u00f6palvelu-300x200.jpg\" alt=\"kiinteist\u00f6palvelu\" width=\"300\" height=\"200\" \/><\/a><\/p>\n<ul>\n<li>pit\u00e4\u00e4 yhteytt\u00e4 ohjaavaan opettajaan<\/li>\n<li>t\u00e4ytt\u00e4\u00e4 oppimisp\u00e4iv\u00e4kirjaa sovitusti ja tekee mahdolliset oppimisteht\u00e4v\u00e4t<\/li>\n<li>suunnittelee n\u00e4yt\u00f6n yhdess\u00e4 ohjaajan ja opettajan kanssa ja suorittaa n\u00e4yt\u00f6n<\/li>\n<li>ilmoittaa poissaoloistaan ty\u00f6ss\u00e4oppimispaikalle sek\u00e4 ohjaavalle opettajalle (my\u00f6s ennalta tiedetyt menot ja kesken p\u00e4iv\u00e4\u00e4 l\u00e4hd\u00f6t)<\/li>\n<li>on ajoissa paikalla<\/li>\n<li>ottaa huomioon muut ty\u00f6yhteis\u00f6ss\u00e4 (tervehtii, auttaa yms)<\/li>\n<li>ty\u00f6n valmistuttua kysyy uutta ty\u00f6t\u00e4<\/li>\n<li>arvioi ty\u00f6ss\u00e4oppimisjakson tavoitteiden t\u00e4yttymist\u00e4 (<a href=\"http:\/\/www.oph.fi\/download\/166817_rikasta_ja_rakasta_oppimista.pdf\" target=\"_blank\">Rikasta ja rakasta oppimista<\/a>, s. 7)<\/li>\n<\/ul>\n<p>&nbsp;<\/p>\n<p><strong>Ty\u00f6ss\u00e4oppimisen j\u00e4lkeen opiskelija<\/strong><\/p>\n<p><a href=\"http:\/\/www.verkkovaria.fi\/tyossaoppimisentuki\/wp-content\/uploads\/2015\/05\/leipuri-kondiittori.jpg\" rel=\"attachment wp-att-336\"><img loading=\"lazy\" decoding=\"async\" src=\"http:\/\/www.verkkovaria.fi\/tyossaoppimisentuki\/wp-content\/uploads\/2015\/05\/leipuri-kondiittori-300x200.jpg\" alt=\"leipuri-kondiittori\" width=\"300\" height=\"200\" \/><\/a><\/p>\n<ul>\n<li>osallistuu arviointikeskusteluun<\/li>\n<li>arvioi omaa kehittymist\u00e4\u00e4n ja oppimistaan<\/li>\n<li>hy\u00f6dynt\u00e4\u00e4 saamaansa rakentaa palautetta (tulevaisuudensuunnitelmat, omat vahvuudet, omat kehitt\u00e4miskohteet)<\/li>\n<li>tekee itsearvioinnin palautekeskustelua varten<\/li>\n<li>palauttaa oppimisp\u00e4iv\u00e4kirjan ja oppimisteht\u00e4v\u00e4t<\/li>\n<\/ul>\n","protected":false},"excerpt":{"rendered":"<p>Ennen ty\u00f6ss\u00e4oppimista opiskelija kertaa ty\u00f6el\u00e4m\u00e4n pelis\u00e4\u00e4nt\u00f6j\u00e4 selvitt\u00e4\u00e4 kulkuyhteydet ja aikataulut hakee ty\u00f6ss\u00e4oppimispaikan tutustuminen ty\u00f6paikkaan ennakkoon ja osallistuu mahdolliseen haastatteluun tutustuminen ty\u00f6valmentajaan ennalta allekirjoittaa ty\u00f6ss\u00e4oppimissopimuksen selvitt\u00e4\u00e4 mik\u00e4 on n\u00e4ytt\u00f6 &nbsp; Ty\u00f6ss\u00e4oppimisen aikana opiskelija pit\u00e4\u00e4 yhteytt\u00e4 ohjaavaan opettajaan t\u00e4ytt\u00e4\u00e4 oppimisp\u00e4iv\u00e4kirjaa sovitusti ja tekee mahdolliset oppimisteht\u00e4v\u00e4t suunnittelee n\u00e4yt\u00f6n yhdess\u00e4 ohjaajan ja opettajan kanssa ja suorittaa n\u00e4yt\u00f6n ilmoittaa poissaoloistaan &hellip; <a href=\"https:\/\/www.verkkovaria.fi\/tyossaoppimisentuki\/?page_id=356\">Continued<\/a><\/p>\n","protected":false},"author":1,"featured_media":0,"parent":0,"menu_order":0,"comment_status":"closed","ping_status":"closed","template":"","meta":{"footnotes":"","_links_to":"","_links_to_target":""},"class_list":["post-356","page","type-page","status-publish","hentry"],"_links":{"self":[{"href":"https:\/\/www.verkkovaria.fi\/tyossaoppimisentuki\/index.php?rest_route=\/wp\/v2\/pages\/356","targetHints":{"allow":["GET"]}}],"collection":[{"href":"https:\/\/www.verkkovaria.fi\/tyossaoppimisentuki\/index.php?rest_route=\/wp\/v2\/pages"}],"about":[{"href":"https:\/\/www.verkkovaria.fi\/tyossaoppimisentuki\/index.php?rest_route=\/wp\/v2\/types\/page"}],"author":[{"embeddable":true,"href":"https:\/\/www.verkkovaria.fi\/tyossaoppimisentuki\/index.php?rest_route=\/wp\/v2\/users\/1"}],"replies":[{"embeddable":true,"href":"https:\/\/www.verkkovaria.fi\/tyossaoppimisentuki\/index.php?rest_route=%2Fwp%2Fv2%2Fcomments&post=356"}],"version-history":[{"count":6,"href":"https:\/\/www.verkkovaria.fi\/tyossaoppimisentuki\/index.php?rest_route=\/wp\/v2\/pages\/356\/revisions"}],"predecessor-version":[{"id":402,"href":"https:\/\/www.verkkovaria.fi\/tyossaoppimisentuki\/index.php?rest_route=\/wp\/v2\/pages\/356\/revisions\/402"}],"wp:attachment":[{"href":"https:\/\/www.verkkovaria.fi\/tyossaoppimisentuki\/index.php?rest_route=%2Fwp%2Fv2%2Fmedia&parent=356"}],"curies":[{"name":"wp","href":"https:\/\/api.w.org\/{rel}","templated":true}]}}